{"id":9416,"date":"2025-08-01T15:07:18","date_gmt":"2025-08-01T13:07:18","guid":{"rendered":"https:\/\/www.effe-homecare.eu\/boite-a-outils-pour-le-renforcement-des-capacites-des-employeurs-du-secteur-des-phs\/"},"modified":"2025-09-26T10:14:57","modified_gmt":"2025-09-26T08:14:57","slug":"boite-a-outils-pour-le-renforcement-des-capacites-des-employeurs-du-secteur-des-phs","status":"publish","type":"page","link":"https:\/\/www.effe-homecare.eu\/it\/boite-a-outils-pour-le-renforcement-des-capacites-des-employeurs-du-secteur-des-phs\/","title":{"rendered":"Toolkit per il rafforzamento delle capacit\u00e0 dei datori di lavoro del settore dei servizi\u00a0per la\u00a0persona e\u00a0la\u00a0famiglia (PHS)"},"content":{"rendered":"\n<p>La&nbsp;<strong>Federazione Europea del Lavoro Domestico e dell\u2019Assistenza Domiciliare&nbsp;(EFFE)<\/strong>&nbsp;e la&nbsp;<strong>Federazione Europea dei Servizi alla Persona (EFSI)<\/strong>&nbsp;sono liete di annunciare il lancio del loro&nbsp;<strong>Toolkit per il rafforzamento delle capacit\u00e0 dei datori di lavoro del dettore dei&nbsp;<em>servizi<\/em>&nbsp;per la&nbsp;persona e&nbsp;la&nbsp;famiglia (PHS)<\/strong>, sviluppato nell\u2019ambito del progetto&nbsp;<strong>PHSDialogue<\/strong>, finanziato dall\u2019Unione Europea. Questa risorsa strategica \u00e8 pensata per supportare le&nbsp;<strong>Organizzazioni Datoriali Settoriali (SEO)<\/strong>&nbsp;e le&nbsp;<strong>Organizzazioni Imprenditoriali (BMO)<\/strong>&nbsp;attive nel settore dei&nbsp;<strong>servizi alla persona e domestici (PHS)<\/strong>&nbsp;in tutta Europa, rafforzandone la capacit\u00e0 operativa, la rappresentanza e la sostenibilit\u00e0 a lungo termine.<\/p>\n\n\n\n<p>Il toolkit \u00e8 suddiviso in quattro sezioni principali:<\/p>\n\n\n\n<p><strong>Sezione 1: Comprendere il rafforzamento delle capacit\u00e0<\/strong><br>Definisce il concetto di rafforzamento delle capacit\u00e0 e ne sottolinea il ruolo fondamentale per garantire la sostenibilit\u00e0, l\u2019efficacia e la resilienza delle organizzazioni datoriali.<\/p>\n\n\n\n<p><strong>Sezione 2: Il dialogo sociale come priorit\u00e0 strategica<\/strong><br>Esplora come le organizzazioni datoriali possano impegnarsi in modo pi\u00f9 efficace con i rappresentanti dei lavoratori, le istituzioni e gli altri stakeholder, evidenziando il dialogo sociale come elemento centrale per la rappresentanza e l\u2019influenza politica.<\/p>\n\n\n\n<p><strong>Sezione 3: Individuare le lacune di capacit\u00e0<\/strong><br>Mappa le carenze comuni e specifiche del settore in termini di capacit\u00e0, in particolare quelle legate alla frammentazione della rappresentanza, alla scarsit\u00e0 di risorse e a strutture organizzative poco sviluppate.<\/p>\n\n\n\n<p><strong>Sezione 4: Strumenti e approcci pratici<\/strong><br>Offre raccomandazioni operative e risorse utili per aiutare le organizzazioni a migliorare la propria governance, la capacit\u00e0 di advocacy, la comunicazione, l\u2019erogazione dei servizi e lo sviluppo della base associativa.<\/p>\n\n\n\n<p>Il toolkit presenta inoltre&nbsp;<strong>esempi di buone pratiche<\/strong>&nbsp;provenienti da diversi paesi europei, dimostrando che strategie su misura possono produrre risultati concreti e sostenibili anche in contesti nazionali molto eterogenei.<\/p>\n\n\n\n<p>Il toolkit \u00e8 disponibile in pi\u00f9 lingue.<\/p>\n\n\n\n<div  class=\"dl-doc-block\" >\n        <div class=\"dl-doc-block__container\">\n        <div class=\"dl-doc-block__subcontainer\">\n            <div class=\"dl-block-left\">\n                                        <svg xmlns=\"http:\/\/www.w3.org\/2000\/svg\" viewBox=\"0 0 448 512\" fill=\"white\" width=\"52\" height=\"60\">\n                            <path class=\"fa-secondary\" opacity=\".4\" d=\"\" \/>\n                            <path class=\"fa-primary\" d=\"M443.3 267.3c6.2-6.2 6.2-16.4 0-22.6l-176-176c-6.2-6.2-16.4-6.2-22.6 0s-6.2 16.4 0 22.6L393.4 240 16 240c-8.8 0-16 7.2-16 16s7.2 16 16 16l377.4 0L244.7 420.7c-6.2 6.2-6.2 16.4 0 22.6s16.4 6.2 22.6 0l176-176z\" \/>\n                        <\/svg>\n                            <\/div>\n                        <div class=\"dl-block-right\">\n            <!-- <div class=\"dl-block-right dl-block-right__full\"> -->\n                <div class=\"dl-block-right__text\">\n                    <span class=\"dl-block-right__text-title\">Toolkit per il rafforzamento delle capacit\u00e0 per le organizzazioni dei datori di lavoro e delle imprese nel settore PHS<\/span>\n                                    <\/div>\n                                    <div class=\"dl-block-right__file\">\n                        <a href=\"https:\/\/www.effe-homecare.eu\/wp-content\/uploads\/2025\/08\/Toolkit_per_il_rafforzamento_delle_capacita-PHSDialogue-2025.pdf\" download class=\"dl-block-right__file-link\">\n                            Scaricare il documento                        <\/a>\n                    <\/div>\n                            <\/div>\n        <\/div>\n    <\/div>\n<\/div>\n\n\n\n\n<div  class=\"dl-doc-block\" >\n        <div class=\"dl-doc-block__container\">\n        <div class=\"dl-doc-block__subcontainer\">\n            <div class=\"dl-block-left\">\n                                        <svg xmlns=\"http:\/\/www.w3.org\/2000\/svg\" viewBox=\"0 0 448 512\" fill=\"white\" width=\"52\" height=\"60\">\n                            <path class=\"fa-secondary\" opacity=\".4\" d=\"\" \/>\n                            <path class=\"fa-primary\" d=\"M443.3 267.3c6.2-6.2 6.2-16.4 0-22.6l-176-176c-6.2-6.2-16.4-6.2-22.6 0s-6.2 16.4 0 22.6L393.4 240 16 240c-8.8 0-16 7.2-16 16s7.2 16 16 16l377.4 0L244.7 420.7c-6.2 6.2-6.2 16.4 0 22.6s16.4 6.2 22.6 0l176-176z\" \/>\n                        <\/svg>\n                            <\/div>\n                        <div class=\"dl-block-right\">\n            <!-- <div class=\"dl-block-right dl-block-right__full\"> -->\n                <div class=\"dl-block-right__text\">\n                    <span class=\"dl-block-right__text-title\">Bo\u00eete \u00e0 Outils pour le Renforcement des Capacit\u00e9s des Employeurs du secteur des PHS<\/span>\n                                    <\/div>\n                                    <div class=\"dl-block-right__file\">\n                        <a href=\"https:\/\/www.effe-homecare.eu\/wp-content\/uploads\/2025\/08\/EFFE-EFSI-Boite_a_outils_renforcement_capacites.pdf\" download class=\"dl-block-right__file-link\">\n                            Scaricare il documento                        <\/a>\n                    <\/div>\n                            <\/div>\n        <\/div>\n    <\/div>\n<\/div>\n\n\n\n\n<div  class=\"dl-doc-block\" >\n        <div class=\"dl-doc-block__container\">\n        <div class=\"dl-doc-block__subcontainer\">\n            <div class=\"dl-block-left\">\n                                        <svg xmlns=\"http:\/\/www.w3.org\/2000\/svg\" viewBox=\"0 0 448 512\" fill=\"white\" width=\"52\" height=\"60\">\n                            <path class=\"fa-secondary\" opacity=\".4\" d=\"\" \/>\n                            <path class=\"fa-primary\" d=\"M443.3 267.3c6.2-6.2 6.2-16.4 0-22.6l-176-176c-6.2-6.2-16.4-6.2-22.6 0s-6.2 16.4 0 22.6L393.4 240 16 240c-8.8 0-16 7.2-16 16s7.2 16 16 16l377.4 0L244.7 420.7c-6.2 6.2-6.2 16.4 0 22.6s16.4 6.2 22.6 0l176-176z\" \/>\n                        <\/svg>\n                            <\/div>\n                        <div class=\"dl-block-right\">\n            <!-- <div class=\"dl-block-right dl-block-right__full\"> -->\n                <div class=\"dl-block-right__text\">\n                    <span class=\"dl-block-right__text-title\">Capacity Building Toolkit for PHS Employers and Businesses Organisation<\/span>\n                                    <\/div>\n                                    <div class=\"dl-block-right__file\">\n                        <a href=\"https:\/\/www.effe-homecare.eu\/wp-content\/uploads\/2025\/06\/EFFE-Capacity_Building_Toolkit_for_PHS_Employers_and_Businesses_Organisation.pdf\" download class=\"dl-block-right__file-link\">\n                            Scaricare il documento                        <\/a>\n                    <\/div>\n                            <\/div>\n        <\/div>\n    <\/div>\n<\/div>\n\n\n\n\n<div  class=\"dl-doc-block\" >\n        <div class=\"dl-doc-block__container\">\n        <div class=\"dl-doc-block__subcontainer\">\n            <div class=\"dl-block-left\">\n                                        <svg xmlns=\"http:\/\/www.w3.org\/2000\/svg\" viewBox=\"0 0 448 512\" fill=\"white\" width=\"52\" height=\"60\">\n                            <path class=\"fa-secondary\" opacity=\".4\" d=\"\" \/>\n                            <path class=\"fa-primary\" d=\"M443.3 267.3c6.2-6.2 6.2-16.4 0-22.6l-176-176c-6.2-6.2-16.4-6.2-22.6 0s-6.2 16.4 0 22.6L393.4 240 16 240c-8.8 0-16 7.2-16 16s7.2 16 16 16l377.4 0L244.7 420.7c-6.2 6.2-6.2 16.4 0 22.6s16.4 6.2 22.6 0l176-176z\" \/>\n                        <\/svg>\n                            <\/div>\n                        <div class=\"dl-block-right\">\n            <!-- <div class=\"dl-block-right dl-block-right__full\"> -->\n                <div class=\"dl-block-right__text\">\n                    <span class=\"dl-block-right__text-title\">Herramientas para el desarrollo de capacidades para empleadores y organizaciones empresariales de servicios personales y dom\u00e9sticos<\/span>\n                                    <\/div>\n                                    <div class=\"dl-block-right__file\">\n                        <a href=\"https:\/\/www.effe-homecare.eu\/wp-content\/uploads\/2025\/08\/Herramientas_para_el_desarrollo_de_capacidades-PHSDialogue-2025.pdf\" download class=\"dl-block-right__file-link\">\n                            Scaricare il documento                        <\/a>\n                    <\/div>\n                            <\/div>\n        <\/div>\n    <\/div>\n<\/div>\n\n\n\n\n<div  class=\"dl-doc-block\" >\n        <div class=\"dl-doc-block__container\">\n        <div class=\"dl-doc-block__subcontainer\">\n            <div class=\"dl-block-left\">\n                                        <svg xmlns=\"http:\/\/www.w3.org\/2000\/svg\" viewBox=\"0 0 448 512\" fill=\"white\" width=\"52\" height=\"60\">\n                            <path class=\"fa-secondary\" opacity=\".4\" d=\"\" \/>\n                            <path class=\"fa-primary\" d=\"M443.3 267.3c6.2-6.2 6.2-16.4 0-22.6l-176-176c-6.2-6.2-16.4-6.2-22.6 0s-6.2 16.4 0 22.6L393.4 240 16 240c-8.8 0-16 7.2-16 16s7.2 16 16 16l377.4 0L244.7 420.7c-6.2 6.2-6.2 16.4 0 22.6s16.4 6.2 22.6 0l176-176z\" \/>\n                        <\/svg>\n                            <\/div>\n                        <div class=\"dl-block-right\">\n            <!-- <div class=\"dl-block-right dl-block-right__full\"> -->\n                <div class=\"dl-block-right__text\">\n                    <span class=\"dl-block-right__text-title\">Kit de Ferramentas de Capacita\u00e7\u00e3o para Empregadores e Organiza\u00e7\u00f5es Empresariais do Setor de Servi\u00e7os Pessoais e Dom\u00e9sticos<\/span>\n                                    <\/div>\n                                    <div class=\"dl-block-right__file\">\n                        <a href=\"https:\/\/www.effe-homecare.eu\/wp-content\/uploads\/2025\/08\/Kit_de_Ferramentas_de_Capacitacao_para_Empregadores-PHSDialogue-2025.pdf\" download class=\"dl-block-right__file-link\">\n                            Scaricare il documento                        <\/a>\n                    <\/div>\n                            <\/div>\n        <\/div>\n    <\/div>\n<\/div>\n\n\n\n\n<div  class=\"dl-doc-block\" >\n        <div class=\"dl-doc-block__container\">\n        <div class=\"dl-doc-block__subcontainer\">\n            <div class=\"dl-block-left\">\n                                        <svg xmlns=\"http:\/\/www.w3.org\/2000\/svg\" viewBox=\"0 0 448 512\" fill=\"white\" width=\"52\" height=\"60\">\n                            <path class=\"fa-secondary\" opacity=\".4\" d=\"\" \/>\n                            <path class=\"fa-primary\" d=\"M443.3 267.3c6.2-6.2 6.2-16.4 0-22.6l-176-176c-6.2-6.2-16.4-6.2-22.6 0s-6.2 16.4 0 22.6L393.4 240 16 240c-8.8 0-16 7.2-16 16s7.2 16 16 16l377.4 0L244.7 420.7c-6.2 6.2-6.2 16.4 0 22.6s16.4 6.2 22.6 0l176-176z\" \/>\n                        <\/svg>\n                            <\/div>\n                        <div class=\"dl-block-right\">\n            <!-- <div class=\"dl-block-right dl-block-right__full\"> -->\n                <div class=\"dl-block-right__text\">\n                    <span class=\"dl-block-right__text-title\">Toolkit zum Kapazit\u00e4tsaufbau f\u00fcr PHD-Arbeitgeber und Wirtschaftsverb\u00e4nde<\/span>\n                                    <\/div>\n                                    <div class=\"dl-block-right__file\">\n                        <a href=\"https:\/\/www.effe-homecare.eu\/wp-content\/uploads\/2025\/08\/Toolkit_zum_Kapazitatsaufbau-PHSDialogue-2025.pdf\" download class=\"dl-block-right__file-link\">\n                            Scaricare il documento                        <\/a>\n                    <\/div>\n                            <\/div>\n        <\/div>\n    <\/div>\n<\/div>\n\n\n\n\n<div  class=\"dl-doc-block\" >\n        <div class=\"dl-doc-block__container\">\n        <div class=\"dl-doc-block__subcontainer\">\n            <div class=\"dl-block-left\">\n                                        <svg xmlns=\"http:\/\/www.w3.org\/2000\/svg\" viewBox=\"0 0 448 512\" fill=\"white\" width=\"52\" height=\"60\">\n                            <path class=\"fa-secondary\" opacity=\".4\" d=\"\" \/>\n                            <path class=\"fa-primary\" d=\"M443.3 267.3c6.2-6.2 6.2-16.4 0-22.6l-176-176c-6.2-6.2-16.4-6.2-22.6 0s-6.2 16.4 0 22.6L393.4 240 16 240c-8.8 0-16 7.2-16 16s7.2 16 16 16l377.4 0L244.7 420.7c-6.2 6.2-6.2 16.4 0 22.6s16.4 6.2 22.6 0l176-176z\" \/>\n                        <\/svg>\n                            <\/div>\n                        <div class=\"dl-block-right\">\n            <!-- <div class=\"dl-block-right dl-block-right__full\"> -->\n                <div class=\"dl-block-right__text\">\n                    <span class=\"dl-block-right__text-title\">Zestaw narz\u0119dzi do budowania potencja\u0142u dla pracodawc\u00f3w i organizacji biznesowych z sektora PHS<\/span>\n                                    <\/div>\n                                    <div class=\"dl-block-right__file\">\n                        <a href=\"https:\/\/www.effe-homecare.eu\/wp-content\/uploads\/2025\/08\/Zestaw_narzedzi_do_budowania_potencjalu-PHSDialogue-2025.pdf\" download class=\"dl-block-right__file-link\">\n                            Scaricare il documento                        <\/a>\n                    <\/div>\n                            <\/div>\n        <\/div>\n    <\/div>\n<\/div>\n\n\n\n\n<div  class=\"dl-doc-block\" >\n        <div class=\"dl-doc-block__container\">\n        <div class=\"dl-doc-block__subcontainer\">\n            <div class=\"dl-block-left\">\n                                        <svg xmlns=\"http:\/\/www.w3.org\/2000\/svg\" viewBox=\"0 0 448 512\" fill=\"white\" width=\"52\" height=\"60\">\n                            <path class=\"fa-secondary\" opacity=\".4\" d=\"\" \/>\n                            <path class=\"fa-primary\" d=\"M443.3 267.3c6.2-6.2 6.2-16.4 0-22.6l-176-176c-6.2-6.2-16.4-6.2-22.6 0s-6.2 16.4 0 22.6L393.4 240 16 240c-8.8 0-16 7.2-16 16s7.2 16 16 16l377.4 0L244.7 420.7c-6.2 6.2-6.2 16.4 0 22.6s16.4 6.2 22.6 0l176-176z\" \/>\n                        <\/svg>\n                            <\/div>\n                        <div class=\"dl-block-right\">\n            <!-- <div class=\"dl-block-right dl-block-right__full\"> -->\n                <div class=\"dl-block-right__text\">\n                    <span class=\"dl-block-right__text-title\">\u0395\u03c1\u03b3\u03b1\u03bb\u03b5\u03b9\u03bf\u03b8\u03ae\u03ba\u03b7 \u03b3\u03b9\u03b1 \u03c4\u03b7\u03bd \u0391\u03bd\u03ac\u03c0\u03c4\u03c5\u03be\u03b7 \u0399\u03ba\u03b1\u03bd\u03bf\u03c4\u03ae\u03c4\u03c9\u03bd \u03b3\u03b9\u03b1 \u0395\u03c1\u03b3\u03bf\u03b4\u03cc\u03c4\u03b5\u03c2 \u03ba\u03b1\u03b9 \u0395\u03c0\u03b9\u03c7\u03b5\u03b9\u03c1\u03ae\u03c3\u03b5\u03b9\u03c2 \u03c3\u03c4\u03bf\u03bd \u03ba\u03bb\u03ac\u03b4\u03bf \u03c4\u03c9\u03bd \u03a0\u039f\u03a5<\/span>\n                                    <\/div>\n                                    <div class=\"dl-block-right__file\">\n                        <a href=\"https:\/\/www.effe-homecare.eu\/wp-content\/uploads\/2025\/08\/\u0395\u03c1\u03b3\u03b1\u03bb\u03b5\u03b9\u03bf\u03b8\u03ae\u03ba\u03b7_\u0395\u03bd\u03af\u03c3\u03c7\u03c5\u03c3\u03b7\u03c2_\u0399\u03ba\u03b1\u03bd\u03bf\u03c4\u03ae\u03c4\u03c9\u03bd-PHSDialogue-2025.pdf\" download class=\"dl-block-right__file-link\">\n                            Scaricare il documento                        <\/a>\n                    <\/div>\n                            <\/div>\n        <\/div>\n    <\/div>\n<\/div>\n\n","protected":false},"excerpt":{"rendered":"<p>La&nbsp;Federazione Europea del Lavoro Domestico e dell\u2019Assistenza Domiciliare&nbsp;(EFFE)&nbsp;e la&nbsp;Federazione Europea dei Servizi alla Persona (EFSI)&nbsp;sono liete di annunciare il lancio del loro&nbsp;Toolkit per il rafforzamento delle capacit\u00e0 dei datori di lavoro del dettore dei&nbsp;servizi&nbsp;per la&nbsp;persona e&nbsp;la&nbsp;famiglia (PHS), sviluppato nell\u2019ambito del progetto&nbsp;PHSDialogue, finanziato dall\u2019Unione Europea. Questa risorsa strategica \u00e8 pensata per supportare le&nbsp;Organizzazioni Datoriali Settoriali (SEO)&nbsp;e [&hellip;]<\/p>\n","protected":false},"author":6,"featured_media":0,"parent":0,"menu_order":3,"comment_status":"closed","ping_status":"closed","template":"","meta":{"_acf_changed":false,"_monsterinsights_skip_tracking":false,"_monsterinsights_sitenote_active":false,"_monsterinsights_sitenote_note":"","_monsterinsights_sitenote_category":0,"footnotes":""},"class_list":["post-9416","page","type-page","status-publish","hentry"],"acf":[],"yoast_head":"<!-- This site is optimized with the Yoast SEO plugin v27.3 - https:\/\/yoast.com\/product\/yoast-seo-wordpress\/ -->\n<title>Toolkit per il rafforzamento delle capacit\u00e0 dei datori di lavoro del settore dei servizi\u00a0per la\u00a0persona e\u00a0la\u00a0famiglia (PHS) - EFFE<\/title>\n<meta name=\"robots\" content=\"index, follow, max-snippet:-1, max-image-preview:large, max-video-preview:-1\" \/>\n<link rel=\"canonical\" href=\"https:\/\/www.effe-homecare.eu\/it\/boite-a-outils-pour-le-renforcement-des-capacites-des-employeurs-du-secteur-des-phs\/\" \/>\n<meta property=\"og:locale\" content=\"it_IT\" \/>\n<meta property=\"og:type\" content=\"article\" \/>\n<meta property=\"og:title\" content=\"Toolkit per il rafforzamento delle capacit\u00e0 dei datori di lavoro del settore dei servizi\u00a0per la\u00a0persona e\u00a0la\u00a0famiglia (PHS) - EFFE\" \/>\n<meta property=\"og:description\" content=\"La&nbsp;Federazione Europea del Lavoro Domestico e dell\u2019Assistenza Domiciliare&nbsp;(EFFE)&nbsp;e la&nbsp;Federazione Europea dei Servizi alla Persona (EFSI)&nbsp;sono liete di annunciare il lancio del loro&nbsp;Toolkit per il rafforzamento delle capacit\u00e0 dei datori di lavoro del dettore dei&nbsp;servizi&nbsp;per la&nbsp;persona e&nbsp;la&nbsp;famiglia (PHS), sviluppato nell\u2019ambito del progetto&nbsp;PHSDialogue, finanziato dall\u2019Unione Europea. Questa risorsa strategica \u00e8 pensata per supportare le&nbsp;Organizzazioni Datoriali Settoriali (SEO)&nbsp;e [&hellip;]\" \/>\n<meta property=\"og:url\" content=\"https:\/\/www.effe-homecare.eu\/it\/boite-a-outils-pour-le-renforcement-des-capacites-des-employeurs-du-secteur-des-phs\/\" \/>\n<meta property=\"og:site_name\" content=\"EFFE\" \/>\n<meta property=\"article:modified_time\" content=\"2025-09-26T08:14:57+00:00\" \/>\n<meta name=\"twitter:card\" content=\"summary_large_image\" \/>\n<meta name=\"twitter:label1\" content=\"Tempo di lettura stimato\" \/>\n\t<meta name=\"twitter:data1\" content=\"2 minuti\" \/>\n<script type=\"application\/ld+json\" class=\"yoast-schema-graph\">{\"@context\":\"https:\\\/\\\/schema.org\",\"@graph\":[{\"@type\":\"WebPage\",\"@id\":\"https:\\\/\\\/www.effe-homecare.eu\\\/it\\\/boite-a-outils-pour-le-renforcement-des-capacites-des-employeurs-du-secteur-des-phs\\\/\",\"url\":\"https:\\\/\\\/www.effe-homecare.eu\\\/it\\\/boite-a-outils-pour-le-renforcement-des-capacites-des-employeurs-du-secteur-des-phs\\\/\",\"name\":\"Toolkit per il rafforzamento delle capacit\u00e0 dei datori di lavoro del settore dei servizi\u00a0per la\u00a0persona e\u00a0la\u00a0famiglia (PHS) - EFFE\",\"isPartOf\":{\"@id\":\"https:\\\/\\\/www.effe-homecare.eu\\\/it\\\/#website\"},\"datePublished\":\"2025-08-01T13:07:18+00:00\",\"dateModified\":\"2025-09-26T08:14:57+00:00\",\"breadcrumb\":{\"@id\":\"https:\\\/\\\/www.effe-homecare.eu\\\/it\\\/boite-a-outils-pour-le-renforcement-des-capacites-des-employeurs-du-secteur-des-phs\\\/#breadcrumb\"},\"inLanguage\":\"it-IT\",\"potentialAction\":[{\"@type\":\"ReadAction\",\"target\":[\"https:\\\/\\\/www.effe-homecare.eu\\\/it\\\/boite-a-outils-pour-le-renforcement-des-capacites-des-employeurs-du-secteur-des-phs\\\/\"]}]},{\"@type\":\"BreadcrumbList\",\"@id\":\"https:\\\/\\\/www.effe-homecare.eu\\\/it\\\/boite-a-outils-pour-le-renforcement-des-capacites-des-employeurs-du-secteur-des-phs\\\/#breadcrumb\",\"itemListElement\":[{\"@type\":\"ListItem\",\"position\":1,\"name\":\"\",\"item\":\"https:\\\/\\\/www.effe-homecare.eu\\\/it\\\/\"},{\"@type\":\"ListItem\",\"position\":2,\"name\":\"Toolkit per il rafforzamento delle capacit\u00e0 dei datori di lavoro del settore dei servizi\u00a0per la\u00a0persona e\u00a0la\u00a0famiglia (PHS)\"}]},{\"@type\":\"WebSite\",\"@id\":\"https:\\\/\\\/www.effe-homecare.eu\\\/it\\\/#website\",\"url\":\"https:\\\/\\\/www.effe-homecare.eu\\\/it\\\/\",\"name\":\"EFFE\",\"description\":\"F\u00e9d\u00e9ration Europ\u00e9enne des Emplois et de la Famille\",\"potentialAction\":[{\"@type\":\"SearchAction\",\"target\":{\"@type\":\"EntryPoint\",\"urlTemplate\":\"https:\\\/\\\/www.effe-homecare.eu\\\/it\\\/?s={search_term_string}\"},\"query-input\":{\"@type\":\"PropertyValueSpecification\",\"valueRequired\":true,\"valueName\":\"search_term_string\"}}],\"inLanguage\":\"it-IT\"}]}<\/script>\n<!-- \/ Yoast SEO plugin. -->","yoast_head_json":{"title":"Toolkit per il rafforzamento delle capacit\u00e0 dei datori di lavoro del settore dei servizi\u00a0per la\u00a0persona e\u00a0la\u00a0famiglia (PHS) - EFFE","robots":{"index":"index","follow":"follow","max-snippet":"max-snippet:-1","max-image-preview":"max-image-preview:large","max-video-preview":"max-video-preview:-1"},"canonical":"https:\/\/www.effe-homecare.eu\/it\/boite-a-outils-pour-le-renforcement-des-capacites-des-employeurs-du-secteur-des-phs\/","og_locale":"it_IT","og_type":"article","og_title":"Toolkit per il rafforzamento delle capacit\u00e0 dei datori di lavoro del settore dei servizi\u00a0per la\u00a0persona e\u00a0la\u00a0famiglia (PHS) - EFFE","og_description":"La&nbsp;Federazione Europea del Lavoro Domestico e dell\u2019Assistenza Domiciliare&nbsp;(EFFE)&nbsp;e la&nbsp;Federazione Europea dei Servizi alla Persona (EFSI)&nbsp;sono liete di annunciare il lancio del loro&nbsp;Toolkit per il rafforzamento delle capacit\u00e0 dei datori di lavoro del dettore dei&nbsp;servizi&nbsp;per la&nbsp;persona e&nbsp;la&nbsp;famiglia (PHS), sviluppato nell\u2019ambito del progetto&nbsp;PHSDialogue, finanziato dall\u2019Unione Europea. Questa risorsa strategica \u00e8 pensata per supportare le&nbsp;Organizzazioni Datoriali Settoriali (SEO)&nbsp;e [&hellip;]","og_url":"https:\/\/www.effe-homecare.eu\/it\/boite-a-outils-pour-le-renforcement-des-capacites-des-employeurs-du-secteur-des-phs\/","og_site_name":"EFFE","article_modified_time":"2025-09-26T08:14:57+00:00","twitter_card":"summary_large_image","twitter_misc":{"Tempo di lettura stimato":"2 minuti"},"schema":{"@context":"https:\/\/schema.org","@graph":[{"@type":"WebPage","@id":"https:\/\/www.effe-homecare.eu\/it\/boite-a-outils-pour-le-renforcement-des-capacites-des-employeurs-du-secteur-des-phs\/","url":"https:\/\/www.effe-homecare.eu\/it\/boite-a-outils-pour-le-renforcement-des-capacites-des-employeurs-du-secteur-des-phs\/","name":"Toolkit per il rafforzamento delle capacit\u00e0 dei datori di lavoro del settore dei servizi\u00a0per la\u00a0persona e\u00a0la\u00a0famiglia (PHS) - EFFE","isPartOf":{"@id":"https:\/\/www.effe-homecare.eu\/it\/#website"},"datePublished":"2025-08-01T13:07:18+00:00","dateModified":"2025-09-26T08:14:57+00:00","breadcrumb":{"@id":"https:\/\/www.effe-homecare.eu\/it\/boite-a-outils-pour-le-renforcement-des-capacites-des-employeurs-du-secteur-des-phs\/#breadcrumb"},"inLanguage":"it-IT","potentialAction":[{"@type":"ReadAction","target":["https:\/\/www.effe-homecare.eu\/it\/boite-a-outils-pour-le-renforcement-des-capacites-des-employeurs-du-secteur-des-phs\/"]}]},{"@type":"BreadcrumbList","@id":"https:\/\/www.effe-homecare.eu\/it\/boite-a-outils-pour-le-renforcement-des-capacites-des-employeurs-du-secteur-des-phs\/#breadcrumb","itemListElement":[{"@type":"ListItem","position":1,"name":"","item":"https:\/\/www.effe-homecare.eu\/it\/"},{"@type":"ListItem","position":2,"name":"Toolkit per il rafforzamento delle capacit\u00e0 dei datori di lavoro del settore dei servizi\u00a0per la\u00a0persona e\u00a0la\u00a0famiglia (PHS)"}]},{"@type":"WebSite","@id":"https:\/\/www.effe-homecare.eu\/it\/#website","url":"https:\/\/www.effe-homecare.eu\/it\/","name":"EFFE","description":"F\u00e9d\u00e9ration Europ\u00e9enne des Emplois et de la Famille","potentialAction":[{"@type":"SearchAction","target":{"@type":"EntryPoint","urlTemplate":"https:\/\/www.effe-homecare.eu\/it\/?s={search_term_string}"},"query-input":{"@type":"PropertyValueSpecification","valueRequired":true,"valueName":"search_term_string"}}],"inLanguage":"it-IT"}]}},"_links":{"self":[{"href":"https:\/\/www.effe-homecare.eu\/it\/wp-json\/wp\/v2\/pages\/9416","targetHints":{"allow":["GET"]}}],"collection":[{"href":"https:\/\/www.effe-homecare.eu\/it\/wp-json\/wp\/v2\/pages"}],"about":[{"href":"https:\/\/www.effe-homecare.eu\/it\/wp-json\/wp\/v2\/types\/page"}],"author":[{"embeddable":true,"href":"https:\/\/www.effe-homecare.eu\/it\/wp-json\/wp\/v2\/users\/6"}],"replies":[{"embeddable":true,"href":"https:\/\/www.effe-homecare.eu\/it\/wp-json\/wp\/v2\/comments?post=9416"}],"version-history":[{"count":3,"href":"https:\/\/www.effe-homecare.eu\/it\/wp-json\/wp\/v2\/pages\/9416\/revisions"}],"predecessor-version":[{"id":9434,"href":"https:\/\/www.effe-homecare.eu\/it\/wp-json\/wp\/v2\/pages\/9416\/revisions\/9434"}],"wp:attachment":[{"href":"https:\/\/www.effe-homecare.eu\/it\/wp-json\/wp\/v2\/media?parent=9416"}],"curies":[{"name":"wp","href":"https:\/\/api.w.org\/{rel}","templated":true}]}}