{"id":7824,"date":"2024-02-10T02:38:09","date_gmt":"2024-02-10T01:38:09","guid":{"rendered":"https:\/\/www.effe-homecare.eu\/?page_id=7824"},"modified":"2024-02-10T02:38:10","modified_gmt":"2024-02-10T01:38:10","slug":"effe-manifesto-elettorale-europeo-2024","status":"publish","type":"page","link":"https:\/\/www.effe-homecare.eu\/it\/effe-manifesto-elettorale-europeo-2024\/","title":{"rendered":"EFFE Manifesto Elettorale Europeo 2024"},"content":{"rendered":"\n<h2 class=\"wp-block-heading has-text-align-center\"><em>Un&#8217;Europa sociale che funziona per ogni famiglia<\/em><\/h2>\n\n\n\n<p>L&#8217;assistenza sociale \u00e8 troppo spesso sottovalutata e trascurata nonostante la comprensione diffusa che la popolazione europea continui a invecchiare, con circa il 30% stimato di persone di 65 anni o pi\u00f9 entro il <a href=\"https:\/\/commission.europa.eu\/system\/files\/2023-01\/Demography_report_2022_0.pdf\">2050<\/a>. Le elezioni europee del 2024 rappresentano un&#8217;opportunit\u00e0 per cambiare questa situazione e dare al settore il riconoscimento che merita.<\/p>\n\n\n\n<p>La Federazione Europea del Lavoro Domestico e dell\u2019Assistenza Domiciliare (EFFE) \u00e8 uno degli attori chiave che fa pressione per il settore dell&#8217;assistenza domiciliare a livello dell&#8217;UE, concentrando l&#8217;attenzione sul modello di impiego diretto. In questo modello, la persona che ha bisogno di assistenza o di attivit\u00e0 domestiche firma un contratto con un lavoratore domestico individuale, aiutandola a mantenere la propria autonomia per tutto il tempo desiderato tramite l&#8217;assistenza domiciliare, o a raggiungere un equilibrio tra lavoro e vita con il supporto professionale.<\/p>\n\n\n\n<p>Nonostante il valore che i lavoratori domestici apportano alla vita di coloro che assistono e alla societ\u00e0 nel suo complesso, essi vivono una mancanza di riconoscimento e sostegno da parte delle autorit\u00e0 pubbliche europee. In molti Stati membri, si trovano in uno stato giuridico di incertezza &#8211; ricorrendo spesso al lavoro non dichiarato &#8211; e mancano loro i diritti sociali e sanitari a cui tutti i lavoratori hanno diritto. Queste sono le persone laboriose che si prendono cura dei bambini piccoli, degli anziani e delle persone con disabilit\u00e0, permettendo loro di esercitare la propria indipendenza e di partecipare alla vita quotidiana delle loro comunit\u00e0, e supportando le donne a tornare sul luogo di lavoro alleggerendo il peso dei compiti domestici che ricadono sulle loro spalle.<\/p>\n\n\n\n<p>La nostra visione di un&#8217;Europa sociale \u00e8 quella in cui ogni cittadino possa scegliere il modello di assistenza che meglio lo supporta nella sua vita quotidiana. Questo \u00e8 importante per molti europei &#8211; dalla persona anziana che cerca di rimanere in sicurezza nella propria casa, agli studenti con disabilit\u00e0 che cercano qualcuno che li aiuti a prepararsi per l&#8217;universit\u00e0, e ai genitori che cercano un assistente alla prima infanzia in cui possono fidarsi.<\/p>\n\n\n\n<p><strong>Ci\u00f2 richiede una riforma urgente per promuovere e far rispettare condizioni di lavoro eque, decenti e formalmente regolate nel settore<\/strong>. Un numero preoccupante di operatori dell&#8217;assistenza domiciliare affronta ancora il lavoro precario e non dichiarato &#8211; stimato oltre il 45% in Germania, oltre il 40% in Italia e tra il 28% e il 40% nei Paesi Bassi. Incentivando il lavoro formale nell&#8217;assistenza domiciliare, come avviene in paesi come Francia e Belgio, i dipendenti possono beneficiare della partecipazione all&#8217;economia formale e dell&#8217;accesso alle protezioni sociali loro precedentemente negate.<\/p>\n\n\n\n<p>Attualmente, gli operatori dell&#8217;assistenza domiciliare vivono una mancanza di riconoscimento ufficiale e supporto. <strong>Questi dipendenti, la maggior parte dei quali sono donne e che spesso hanno un background migratorio, vengono troppo spesso trascurati dai decisori politici<\/strong>. Le loro esperienze vengono trascurate nelle politiche pubbliche, creando un circolo vizioso in cui manca la ricerca sulle sfide affrontate dagli operatori dell&#8217;assistenza domiciliare, e i sostenitori del cambiamento si scontrano con un altro ostacolo &#8211; l&#8217;assenza di dati quantificabili per rafforzare le storie e le esperienze di queste donne. Senza tali dati, i decisori sono riluttanti ad agire.<\/p>\n\n\n\n<p>Tuttavia, azioni volte a riformare il settore dell&#8217;assistenza domiciliare &#8211; fornendo a tutti gli attori dell&#8217;assistenza domiciliare il riconoscimento e le risorse di cui hanno bisogno &#8211; hanno il potenziale per trasformarlo in meglio. Migliorare le condizioni di lavoro e la formazione attirer\u00e0 pi\u00f9 persone per far fronte alla crescente domanda di assistenza e supporto, oltre a dare agli europei la possibilit\u00e0 di accedere a un&#8217;assistenza accessibile e di alta qualit\u00e0 da parte di qualcuno in cui confidano.<\/p>\n\n\n\n<p><strong>Otto passi per sostenere i servizi domestici<\/strong>:<\/p>\n\n\n\n<ol class=\"wp-block-list\">\n<li>Riconoscere pienamente il <strong>lavoro domestico e di assistenza domiciliare nella sua intera diversit\u00e0<\/strong>, con un&#8217;attenzione particolare alle famiglie che impiegano direttamente questi lavoratori, e combattere il lavoro non dichiarato per garantire che questi contributori non riconosciuti all&#8217;Europa sociale e all&#8217;economia argentata beneficino degli stessi diritti sociali di qualsiasi altro lavoratore nell&#8217;UE.<\/li>\n\n\n\n<li>Continuare a implementare un&#8217;<strong>agenda sociale ambiziosa <\/strong>per sostenere tutti i lavoratori europei.<\/li>\n\n\n\n<li><strong>Promuovere l&#8217;integrazione dell&#8217;assistenza domiciliare nel pi\u00f9 ampio settore dell&#8217;assistenza<\/strong>, in modo che i cittadini possano mantenere la propria indipendenza, beneficiare della flessibilit\u00e0 e della scelta nel combinare servizi di assistenza formale e informale, e cos\u00ec garantire la sostenibilit\u00e0 del bilancio nazionale.<\/li>\n\n\n\n<li>Potenziare i lavoratori domestici e di assistenza domiciliare attraverso l&#8217;<strong>Agenda europea delle competenze<\/strong>, portando servizi di alta qualit\u00e0 e i loro benefici correlati ai cittadini di tutta Europa.<\/li>\n\n\n\n<li>Chiedere all&#8217;UE e ai suoi Stati membri di <strong>fornire al settore dell&#8217;assistenza domiciliare i finanziamenti necessari <\/strong>per offrire assistenza domiciliare accessibile a ogni cittadino che la sceglie.<\/li>\n\n\n\n<li><strong>Migliorare il dialogo sociale e la contrattazione collettiva<\/strong> per garantire condizioni di lavoro decenti e opportunit\u00e0 di formazione nel settore dell&#8217;assistenza, pagando ai lavoratori uno stipendio equo degno di un ruolo cos\u00ec essenziale e attirando professionisti impegnati per affrontare le sfide di una societ\u00e0 in via di invecchiamento.<\/li>\n\n\n\n<li>Incoraggiare gli Stati membri dell&#8217;UE e le istituzioni europee ad adottare politiche che <strong>riconoscano il ruolo vitale del settore domestico nell&#8217;integrazione delle persone con un background migratorio <\/strong>nel mercato del lavoro formale, compresi:\n<ul class=\"wp-block-list\">\n<li>supporto per i lavoratori migranti nell&#8217;aver valutato e certificato le proprie competenze professionali, acquisite sia informalmente che formalmente,<\/li>\n\n\n\n<li>opportunit\u00e0 per i lavoratori migranti e le persone con un background migratorio di accedere a programmi di sviluppo delle competenze accelerati che garantiscono una forza lavoro per l&#8217;assistenza di alta qualit\u00e0 per il futuro e soddisfano le esigenze di assistenza non soddisfatte.<\/li>\n<\/ul>\n<\/li>\n\n\n\n<li>Incoraggiare gli Stati membri dell&#8217;UE e tutte le istituzioni europee ad <strong>affrontare il divario di genere nel settore<\/strong>. Secondo l&#8217;<a href=\"https:\/\/www.wiego.org\/sites\/default\/files\/publications\/file\/WIEGO_Statistical_Brief_N32_DWs in the World.pdf\">ILO<\/a>, le donne rappresentano l&#8217;89% dei lavoratori domestici europei, e queste donne affrontano quotidianamente precariet\u00e0 e discriminazioni, oltre a navigare negli stereotipi di genere.<\/li>\n<\/ol>\n","protected":false},"excerpt":{"rendered":"<p>Un&#8217;Europa sociale che funziona per ogni famiglia L&#8217;assistenza sociale \u00e8 troppo spesso sottovalutata e trascurata nonostante la comprensione diffusa che la popolazione europea continui a invecchiare, con circa il 30% stimato di persone di 65 anni o pi\u00f9 entro il 2050. Le elezioni europee del 2024 rappresentano un&#8217;opportunit\u00e0 per cambiare questa situazione e dare al [&hellip;]<\/p>\n","protected":false},"author":6,"featured_media":0,"parent":0,"menu_order":18,"comment_status":"closed","ping_status":"closed","template":"","meta":{"_acf_changed":false,"_monsterinsights_skip_tracking":false,"_monsterinsights_sitenote_active":false,"_monsterinsights_sitenote_note":"","_monsterinsights_sitenote_category":0,"footnotes":""},"class_list":["post-7824","page","type-page","status-publish","hentry"],"acf":[],"yoast_head":"<!-- This site is optimized with the Yoast SEO plugin v27.3 - https:\/\/yoast.com\/product\/yoast-seo-wordpress\/ -->\n<title>EFFE Manifesto Elettorale Europeo 2024 - EFFE<\/title>\n<meta name=\"robots\" content=\"index, follow, max-snippet:-1, max-image-preview:large, max-video-preview:-1\" \/>\n<link rel=\"canonical\" href=\"https:\/\/www.effe-homecare.eu\/it\/effe-manifesto-elettorale-europeo-2024\/\" \/>\n<meta property=\"og:locale\" content=\"it_IT\" \/>\n<meta property=\"og:type\" content=\"article\" \/>\n<meta property=\"og:title\" content=\"EFFE Manifesto Elettorale Europeo 2024 - EFFE\" \/>\n<meta property=\"og:description\" content=\"Un&#8217;Europa sociale che funziona per ogni famiglia L&#8217;assistenza sociale \u00e8 troppo spesso sottovalutata e trascurata nonostante la comprensione diffusa che la popolazione europea continui a invecchiare, con circa il 30% stimato di persone di 65 anni o pi\u00f9 entro il 2050. Le elezioni europee del 2024 rappresentano un&#8217;opportunit\u00e0 per cambiare questa situazione e dare al [&hellip;]\" \/>\n<meta property=\"og:url\" content=\"https:\/\/www.effe-homecare.eu\/it\/effe-manifesto-elettorale-europeo-2024\/\" \/>\n<meta property=\"og:site_name\" content=\"EFFE\" \/>\n<meta property=\"article:modified_time\" content=\"2024-02-10T01:38:10+00:00\" \/>\n<meta name=\"twitter:card\" content=\"summary_large_image\" \/>\n<meta name=\"twitter:label1\" content=\"Tempo di lettura stimato\" \/>\n\t<meta name=\"twitter:data1\" content=\"5 minuti\" \/>\n<script type=\"application\/ld+json\" class=\"yoast-schema-graph\">{\"@context\":\"https:\\\/\\\/schema.org\",\"@graph\":[{\"@type\":\"WebPage\",\"@id\":\"https:\\\/\\\/www.effe-homecare.eu\\\/it\\\/effe-manifesto-elettorale-europeo-2024\\\/\",\"url\":\"https:\\\/\\\/www.effe-homecare.eu\\\/it\\\/effe-manifesto-elettorale-europeo-2024\\\/\",\"name\":\"EFFE Manifesto Elettorale Europeo 2024 - EFFE\",\"isPartOf\":{\"@id\":\"https:\\\/\\\/www.effe-homecare.eu\\\/it\\\/#website\"},\"datePublished\":\"2024-02-10T01:38:09+00:00\",\"dateModified\":\"2024-02-10T01:38:10+00:00\",\"breadcrumb\":{\"@id\":\"https:\\\/\\\/www.effe-homecare.eu\\\/it\\\/effe-manifesto-elettorale-europeo-2024\\\/#breadcrumb\"},\"inLanguage\":\"it-IT\",\"potentialAction\":[{\"@type\":\"ReadAction\",\"target\":[\"https:\\\/\\\/www.effe-homecare.eu\\\/it\\\/effe-manifesto-elettorale-europeo-2024\\\/\"]}]},{\"@type\":\"BreadcrumbList\",\"@id\":\"https:\\\/\\\/www.effe-homecare.eu\\\/it\\\/effe-manifesto-elettorale-europeo-2024\\\/#breadcrumb\",\"itemListElement\":[{\"@type\":\"ListItem\",\"position\":1,\"name\":\"\",\"item\":\"https:\\\/\\\/www.effe-homecare.eu\\\/it\\\/\"},{\"@type\":\"ListItem\",\"position\":2,\"name\":\"EFFE Manifesto Elettorale Europeo 2024\"}]},{\"@type\":\"WebSite\",\"@id\":\"https:\\\/\\\/www.effe-homecare.eu\\\/it\\\/#website\",\"url\":\"https:\\\/\\\/www.effe-homecare.eu\\\/it\\\/\",\"name\":\"EFFE\",\"description\":\"F\u00e9d\u00e9ration Europ\u00e9enne des Emplois et de la Famille\",\"potentialAction\":[{\"@type\":\"SearchAction\",\"target\":{\"@type\":\"EntryPoint\",\"urlTemplate\":\"https:\\\/\\\/www.effe-homecare.eu\\\/it\\\/?s={search_term_string}\"},\"query-input\":{\"@type\":\"PropertyValueSpecification\",\"valueRequired\":true,\"valueName\":\"search_term_string\"}}],\"inLanguage\":\"it-IT\"}]}<\/script>\n<!-- \/ Yoast SEO plugin. -->","yoast_head_json":{"title":"EFFE Manifesto Elettorale Europeo 2024 - EFFE","robots":{"index":"index","follow":"follow","max-snippet":"max-snippet:-1","max-image-preview":"max-image-preview:large","max-video-preview":"max-video-preview:-1"},"canonical":"https:\/\/www.effe-homecare.eu\/it\/effe-manifesto-elettorale-europeo-2024\/","og_locale":"it_IT","og_type":"article","og_title":"EFFE Manifesto Elettorale Europeo 2024 - EFFE","og_description":"Un&#8217;Europa sociale che funziona per ogni famiglia L&#8217;assistenza sociale \u00e8 troppo spesso sottovalutata e trascurata nonostante la comprensione diffusa che la popolazione europea continui a invecchiare, con circa il 30% stimato di persone di 65 anni o pi\u00f9 entro il 2050. Le elezioni europee del 2024 rappresentano un&#8217;opportunit\u00e0 per cambiare questa situazione e dare al [&hellip;]","og_url":"https:\/\/www.effe-homecare.eu\/it\/effe-manifesto-elettorale-europeo-2024\/","og_site_name":"EFFE","article_modified_time":"2024-02-10T01:38:10+00:00","twitter_card":"summary_large_image","twitter_misc":{"Tempo di lettura stimato":"5 minuti"},"schema":{"@context":"https:\/\/schema.org","@graph":[{"@type":"WebPage","@id":"https:\/\/www.effe-homecare.eu\/it\/effe-manifesto-elettorale-europeo-2024\/","url":"https:\/\/www.effe-homecare.eu\/it\/effe-manifesto-elettorale-europeo-2024\/","name":"EFFE Manifesto Elettorale Europeo 2024 - EFFE","isPartOf":{"@id":"https:\/\/www.effe-homecare.eu\/it\/#website"},"datePublished":"2024-02-10T01:38:09+00:00","dateModified":"2024-02-10T01:38:10+00:00","breadcrumb":{"@id":"https:\/\/www.effe-homecare.eu\/it\/effe-manifesto-elettorale-europeo-2024\/#breadcrumb"},"inLanguage":"it-IT","potentialAction":[{"@type":"ReadAction","target":["https:\/\/www.effe-homecare.eu\/it\/effe-manifesto-elettorale-europeo-2024\/"]}]},{"@type":"BreadcrumbList","@id":"https:\/\/www.effe-homecare.eu\/it\/effe-manifesto-elettorale-europeo-2024\/#breadcrumb","itemListElement":[{"@type":"ListItem","position":1,"name":"","item":"https:\/\/www.effe-homecare.eu\/it\/"},{"@type":"ListItem","position":2,"name":"EFFE Manifesto Elettorale Europeo 2024"}]},{"@type":"WebSite","@id":"https:\/\/www.effe-homecare.eu\/it\/#website","url":"https:\/\/www.effe-homecare.eu\/it\/","name":"EFFE","description":"F\u00e9d\u00e9ration Europ\u00e9enne des Emplois et de la Famille","potentialAction":[{"@type":"SearchAction","target":{"@type":"EntryPoint","urlTemplate":"https:\/\/www.effe-homecare.eu\/it\/?s={search_term_string}"},"query-input":{"@type":"PropertyValueSpecification","valueRequired":true,"valueName":"search_term_string"}}],"inLanguage":"it-IT"}]}},"_links":{"self":[{"href":"https:\/\/www.effe-homecare.eu\/it\/wp-json\/wp\/v2\/pages\/7824","targetHints":{"allow":["GET"]}}],"collection":[{"href":"https:\/\/www.effe-homecare.eu\/it\/wp-json\/wp\/v2\/pages"}],"about":[{"href":"https:\/\/www.effe-homecare.eu\/it\/wp-json\/wp\/v2\/types\/page"}],"author":[{"embeddable":true,"href":"https:\/\/www.effe-homecare.eu\/it\/wp-json\/wp\/v2\/users\/6"}],"replies":[{"embeddable":true,"href":"https:\/\/www.effe-homecare.eu\/it\/wp-json\/wp\/v2\/comments?post=7824"}],"version-history":[{"count":1,"href":"https:\/\/www.effe-homecare.eu\/it\/wp-json\/wp\/v2\/pages\/7824\/revisions"}],"predecessor-version":[{"id":7825,"href":"https:\/\/www.effe-homecare.eu\/it\/wp-json\/wp\/v2\/pages\/7824\/revisions\/7825"}],"wp:attachment":[{"href":"https:\/\/www.effe-homecare.eu\/it\/wp-json\/wp\/v2\/media?parent=7824"}],"curies":[{"name":"wp","href":"https:\/\/api.w.org\/{rel}","templated":true}]}}