{"id":7768,"date":"2024-02-09T23:37:40","date_gmt":"2024-02-09T22:37:40","guid":{"rendered":"https:\/\/www.effe-homecare.eu\/?page_id=7768"},"modified":"2024-08-07T18:30:59","modified_gmt":"2024-08-07T16:30:59","slug":"perhouse","status":"publish","type":"page","link":"https:\/\/www.effe-homecare.eu\/it\/perhouse\/","title":{"rendered":"PerHouse"},"content":{"rendered":"\n<p>Il progetto PERHOUSE mira a migliorare le condizioni di lavoro e i servizi personali e domestici attraverso le relazioni industriali nei paesi dell&#8217;Europa centrale.<br>Il progetto PERHOUSE cerca di analizzare le caratteristiche attuali e le sfide legate alla prestazione dei servizi e alle condizioni di lavoro nei settori dei servizi personali e domestici (PHS) nei paesi dell&#8217;Europa centrale e orientale (CEE).<br>La domanda di PHS \u00e8 aumentata all&#8217;interno della tendenza pi\u00f9 ampia della de-istituzionalizzazione del settore dell&#8217;assistenza a causa della mancanza di servizi disponibili nell&#8217;ambito dell&#8217;assistenza integrata e dei servizi non assistenziali.<br>Comprendere e rafforzare il ruolo delle relazioni industriali migliorerebbe le condizioni di lavoro nel settore degli PHSnei paesi dell&#8217;Europa centrale e orientale.<br>Aiuterebbe anche a sistematizzare le definizioni fondamentali del luogo di lavoro e a stabilire parametri per la qualit\u00e0 dei servizi, le condizioni di lavoro e l&#8217;accesso ai servizi assistenziali e non assistenziali forniti nell&#8217;ambito domestico.<br>A sua volta, la regolarizzazione del settore faciliterebbe l&#8217;integrazione nelle pi\u00f9 ampie strutture delle relazioni industriali per cercare effetti moltiplicatori sulla fornitura di servizi orientati all&#8217;assistenza e non assistenziali da parte di fornitori pubblici e privati, contribuirebbe a contrastare la quota elevata di lavoro non dichiarato nel settore e a fornire condizioni di lavoro dignitose ai lavoratori degli PHS.<br>Il progetto ha un forte focus regionale sui paesi dell&#8217;Europa centrale e orientale. Sar\u00e0 realizzato a livello dell&#8217;UE e in 12 paesi: Polonia, Estonia, Repubblica Ceca, Slovacchia, Ungheria, Macedonia del Nord, Romania, Croazia, Lituania, Lettonia, Slovenia e Bulgaria.<br>I dati saranno raccolti tramite sondaggi e interviste qualitative sia a livello nazionale che europeo, elaborati sotto forma di rapporti di ricerca e policy brief, e materiali innovativi di diffusione, compresi strumenti audio-visivi e scambi tra partner sociali e altre parti interessate a livello nazionale e europeo attraverso incontri e workshop del progetto.<br>L&#8217;obiettivo generale \u00e8 esplorare le relazioni industriali per migliorare le condizioni di lavoro e i servizi nel settore degli PHS dei paesi dell&#8217;Europa centrale e orientale.<\/p>\n\n\n\n<h3 class=\"wp-block-heading\">Gruppi target del progetto<\/h3>\n\n\n\n<p>Ci sono tre principali gruppi target nel progetto: <\/p>\n\n\n\n<p>lavoratori domestici, partner sociali e destinatari dei servizi. <\/p>\n\n\n\n<p>\u2022 I lavoratori domestici si riferiscono a lavoratori autonomi o contrattuali che forniscono i servizi. Il profilo principale dei lavoratori domestici sono donne e migranti. Questi lavoratori vedranno miglioramenti nelle loro condizioni di lavoro a seguito del potenziale dialogo sociale a livello europeo che sar\u00e0 promosso attraverso il progetto. <\/p>\n\n\n\n<p>\u2022 I partner sociali sono stakeholder rilevanti del settore come associazioni professionali che daranno il loro parere sul dialogo sociale e sulle attuali politiche nazionali nel settore degli PHS. Questi partner sociali beneficeranno dal lavoro del progetto per raccogliere dati aggiornati sul settore nella regione. <\/p>\n\n\n\n<p>\u2022 I destinatari dei servizi rappresentano coloro che necessitano di PHS, questi destinatari sono principalmente persone con disabilit\u00e0, bambini e persone anziane. I destinatari dei servizi beneficeranno di una maggiore qualit\u00e0 dei servizi a seguito dell&#8217;istituzione di standard di qualit\u00e0 dei servizi durante il dialogo sociale.<\/p>\n\n\n\n<h3 class=\"wp-block-heading\">Attivit\u00e0 ed eventi<\/h3>\n\n\n\n<p>\u2022 Workshop nazionali sulla politica per ricevere contributi e commenti da aggiungere allo studio. <\/p>\n\n\n\n<p>\u2022 Conferenza finale di PERHOUSE per presentare l&#8217;analisi finale sul settore degli PHS in 12 paesi. <\/p>\n\n\n\n<h3 class=\"wp-block-heading\">Durata<\/h3>\n\n\n\n<p>La durata totale del progetto \u00e8 di 24 mesi, a partire da agosto 2022 fino ad agosto 2024.<\/p>\n\n\n\n<h3 class=\"wp-block-heading\">Partner<\/h3>\n\n\n\n<ul class=\"wp-block-list\">\n<li>Istituto di Studi sul Lavoro dell&#8217;Europa Centrale (CELSI)<\/li>\n\n\n\n<li>Fondazione MK 2025, Macedonia \u2022 Universit\u00e0 di Lubiana, Slovenia (<a href=\"https:\/\/www.uni-lj.si\/university\/\">UL<\/a>)<\/li>\n\n\n\n<li>Universit\u00e0 di Tartu, Estonia (<a href=\"https:\/\/ut.ee\/en\">UT<\/a>)<\/li>\n\n\n\n<li>Universit\u00e0 Marie Curie Sklodowska, Polonia (<a href=\"https:\/\/www.umcs.pl\/en\/\">UMCS<\/a>)<\/li>\n\n\n\n<li>Associazione Europea dei Fornitori di Servizi per Persone con Disabilit\u00e0, Belgio (<a href=\"https:\/\/easpd.eu\/\">EASPD<\/a>)<\/li>\n\n\n\n<li>Universit\u00e0 Carlo, Repubblica Ceca (<a href=\"https:\/\/cuni.cz\/uken-1.html\">CU<\/a>)<\/li>\n<\/ul>\n\n\n\n<p>Inoltre, il progetto conta su diversi partner associati: <\/p>\n\n\n\n<ul class=\"wp-block-list\">\n<li>Associazione Uni-Europa (UNI)<\/li>\n\n\n\n<li>Federazione Europea dei Sindacati del Settore Alimentare, Agricolo e del Turismo (<a href=\"https:\/\/effat.org\/\">EFFAT<\/a>)<\/li>\n\n\n\n<li>Federazione Europea per i Servizi alle Persone (<a href=\"http:\/\/www.efsi-europe.eu\/home\/\">EFSI<\/a>)<\/li>\n\n\n\n<li>Institut Syndical Europeen (<a href=\"https:\/\/www.etui.org\/fr\">ETUI<\/a>)<\/li>\n\n\n\n<li>La Federazione Europea del Lavoro Domestico e dell\u2019Assistenza Domiciliare (<a href=\"https:\/\/www.effe-homecare.eu\/en\/\">EFFE<\/a>)<\/li>\n<\/ul>\n\n\n\n<h3 class=\"wp-block-heading\">Prodotti<\/h3>\n\n\n\n<p><strong>Rapporti nazionali per sei paesi dell&#8217;Europa centrale e orientale<\/strong><\/p>\n\n\n\n<p>Questi rapporti forniscono informazioni sulle principali caratteristiche e sfide del settore dei servizi alla persona e alla famiglia (PHS) nei rispettivi paesi. I rapporti includono anche raccomandazioni politiche per migliorare le condizioni di lavoro e il dialogo sociale nel paese.<\/p>\n\n\n\n<p>Leggi i rapporti completi qui:<\/p>\n\n\n\n<p><a href=\"https:\/\/www.celsi.sk\/media\/datasource\/CZECHIA_PERHOUSE_National_report_in_ENG.pdf\">Rapporto nazionale ceco<\/a><\/p>\n\n\n\n<p><a href=\"https:\/\/www.celsi.sk\/media\/datasource\/POLAND__PERHOUSE_National_report__in_English_language.pdf\">Rapporto nazionale polacco<\/a><\/p>\n\n\n\n<p><a href=\"https:\/\/www.celsi.sk\/media\/datasource\/ESTONIA_PERHOUSE__National_report_EE_ENG.pdf\">Rapporto nazionale estone<\/a><\/p>\n\n\n\n<p><a href=\"https:\/\/www.celsi.sk\/media\/datasource\/NORTH_MACEDONIA_PERHOUSE_National_Report.pdf\">Rapporto nazionale macedone<\/a><\/p>\n\n\n\n<p><a href=\"https:\/\/www.celsi.sk\/media\/datasource\/SLOVENIA_PERHOUSE__National_report_in_EN.pdf\">Rapporto nazionale sloveno<\/a><\/p>\n\n\n\n<p><a href=\"https:\/\/www.celsi.sk\/media\/datasource\/SLOVAKIA_PERHOUSE_National_report_in_EN_final.pdf\">Rapporto nazionale slovacco<\/a><\/p>\n\n\n\n<p><strong>Rapporto comparativo sulle relazioni industriali nei 12 paesi dell&#8217;Europa centrale e orientale<\/strong><\/p>\n\n\n\n<p>Il rapporto affronta le somiglianze e le differenze del dialogo sociale nel settore in 12 paesi dell&#8217;Europa centrale e orientale: Polonia, Estonia, Cechia, Slovacchia, Ungheria, Macedonia del Nord, Romania, Croazia, Lituania, Lettonia, Slovenia e Bulgaria. Il rapporto identifica anche sfide comuni, tra cui il sottofinanziamento del settore, alti livelli di lavoro non dichiarato, bassi salari e scarsi investimenti nei servizi pubblici.<\/p>\n\n\n\n<p>Leggi il rapporto comparativo europeo <a href=\"https:\/\/www.celsi.sk\/media\/datasource\/EU-level_Stakeholders_Views_on_Social_Dialogue_in_PHS_in_CEE_Countries.pdf\">qui<\/a>.<\/p>\n\n\n\n<p>Leggi il briefing politico dell&#8217;UE sul dialogo sociale in Europa centrale e orientale <a href=\"https:\/\/www.celsi.sk\/media\/datasource\/EU-level_Stakeholders_Views_on_PHS_policy_brief.pdf\">qui<\/a>.<\/p>\n\n\n\n<p><strong>Video informativi:<\/strong><\/p>\n\n\n\n<p>I messaggi chiave dei rapporti sono stati riassunti in diversi video disponibili qui:<\/p>\n\n\n\n<p><a href=\"https:\/\/www.youtube.com\/watch?v=qwaS-hJ12qI&amp;t=12s\">Video comparativo PERHOUSE sul dialogo sociale nel settore dei PHS nei paesi dell&#8217;Europa centrale e orientale<\/a><\/p>\n\n\n\n<p><a href=\"https:\/\/www.youtube.com\/watch?v=_VmKU6eUTw8&amp;t=18s\">Video PERHOUSE Macedonia del Nord<\/a><\/p>\n\n\n\n<p><a href=\"https:\/\/www.youtube.com\/watch?v=Zgnu-LixjBQ\">Video PERHOUSE Slovacchia<\/a><\/p>\n\n\n\n<p><a href=\"https:\/\/www.youtube.com\/watch?v=MD8s0O2SP8A&amp;t=6s\">Video PERHOUSE Slovenia<\/a><\/p>\n\n\n\n<p><a href=\"https:\/\/www.youtube.com\/watch?v=t5P79CEGrqs\">Video PERHOUSE Estonia<\/a><\/p>\n\n\n\n<p><strong>Conferenza finale<\/strong><\/p>\n\n\n\n<p>I materiali del progetto PERHOUSE sono stati presentati durante la conferenza finale del progetto. Relatori e partecipanti online hanno condiviso le loro diverse esperienze di utilizzo e lavoro nel settore dei PHS e hanno identificato ci\u00f2 che \u00e8 necessario per migliorare le condizioni di lavoro e le relazioni industriali nel settore.<\/p>\n\n\n\n<p>L&#8217;agenda e la presentazione sono disponibili <a href=\"https:\/\/www.celsi.sk\/en\/projects\/event\/perhouse-final-conference\/\">qui<\/a>.<\/p>\n\n\n\n<p>Per trovare tutte le risorse di PERHOUSE, clicca <a href=\"https:\/\/www.celsi.sk\/en\/perhouse\/\">qui<\/a>.<\/p>\n","protected":false},"excerpt":{"rendered":"<p>Il progetto PERHOUSE mira a migliorare le condizioni di lavoro e i servizi personali e domestici attraverso le relazioni industriali nei paesi dell&#8217;Europa centrale.Il progetto PERHOUSE cerca di analizzare le caratteristiche attuali e le sfide legate alla prestazione dei servizi e alle condizioni di lavoro nei settori dei servizi personali e domestici (PHS) nei paesi [&hellip;]<\/p>\n","protected":false},"author":6,"featured_media":0,"parent":0,"menu_order":22,"comment_status":"closed","ping_status":"closed","template":"","meta":{"_acf_changed":false,"_monsterinsights_skip_tracking":false,"_monsterinsights_sitenote_active":false,"_monsterinsights_sitenote_note":"","_monsterinsights_sitenote_category":0,"footnotes":""},"class_list":["post-7768","page","type-page","status-publish","hentry"],"acf":[],"yoast_head":"<!-- This site is optimized with the Yoast SEO plugin v27.3 - https:\/\/yoast.com\/product\/yoast-seo-wordpress\/ -->\n<title>PerHouse - EFFE<\/title>\n<meta name=\"robots\" content=\"index, follow, max-snippet:-1, max-image-preview:large, max-video-preview:-1\" \/>\n<link rel=\"canonical\" href=\"https:\/\/www.effe-homecare.eu\/it\/perhouse\/\" \/>\n<meta property=\"og:locale\" content=\"it_IT\" \/>\n<meta property=\"og:type\" content=\"article\" \/>\n<meta property=\"og:title\" content=\"PerHouse - EFFE\" \/>\n<meta property=\"og:description\" content=\"Il progetto PERHOUSE mira a migliorare le condizioni di lavoro e i servizi personali e domestici attraverso le relazioni industriali nei paesi dell&#8217;Europa centrale.Il progetto PERHOUSE cerca di analizzare le caratteristiche attuali e le sfide legate alla prestazione dei servizi e alle condizioni di lavoro nei settori dei servizi personali e domestici (PHS) nei paesi [&hellip;]\" \/>\n<meta property=\"og:url\" content=\"https:\/\/www.effe-homecare.eu\/it\/perhouse\/\" \/>\n<meta property=\"og:site_name\" content=\"EFFE\" \/>\n<meta property=\"article:modified_time\" content=\"2024-08-07T16:30:59+00:00\" \/>\n<meta name=\"twitter:card\" content=\"summary_large_image\" \/>\n<meta name=\"twitter:label1\" content=\"Tempo di lettura stimato\" \/>\n\t<meta name=\"twitter:data1\" content=\"5 minuti\" \/>\n<script type=\"application\/ld+json\" class=\"yoast-schema-graph\">{\"@context\":\"https:\\\/\\\/schema.org\",\"@graph\":[{\"@type\":\"WebPage\",\"@id\":\"https:\\\/\\\/www.effe-homecare.eu\\\/it\\\/perhouse\\\/\",\"url\":\"https:\\\/\\\/www.effe-homecare.eu\\\/it\\\/perhouse\\\/\",\"name\":\"PerHouse - EFFE\",\"isPartOf\":{\"@id\":\"https:\\\/\\\/www.effe-homecare.eu\\\/it\\\/#website\"},\"datePublished\":\"2024-02-09T22:37:40+00:00\",\"dateModified\":\"2024-08-07T16:30:59+00:00\",\"breadcrumb\":{\"@id\":\"https:\\\/\\\/www.effe-homecare.eu\\\/it\\\/perhouse\\\/#breadcrumb\"},\"inLanguage\":\"it-IT\",\"potentialAction\":[{\"@type\":\"ReadAction\",\"target\":[\"https:\\\/\\\/www.effe-homecare.eu\\\/it\\\/perhouse\\\/\"]}]},{\"@type\":\"BreadcrumbList\",\"@id\":\"https:\\\/\\\/www.effe-homecare.eu\\\/it\\\/perhouse\\\/#breadcrumb\",\"itemListElement\":[{\"@type\":\"ListItem\",\"position\":1,\"name\":\"\",\"item\":\"https:\\\/\\\/www.effe-homecare.eu\\\/it\\\/\"},{\"@type\":\"ListItem\",\"position\":2,\"name\":\"PerHouse\"}]},{\"@type\":\"WebSite\",\"@id\":\"https:\\\/\\\/www.effe-homecare.eu\\\/it\\\/#website\",\"url\":\"https:\\\/\\\/www.effe-homecare.eu\\\/it\\\/\",\"name\":\"EFFE\",\"description\":\"F\u00e9d\u00e9ration Europ\u00e9enne des Emplois et de la Famille\",\"potentialAction\":[{\"@type\":\"SearchAction\",\"target\":{\"@type\":\"EntryPoint\",\"urlTemplate\":\"https:\\\/\\\/www.effe-homecare.eu\\\/it\\\/?s={search_term_string}\"},\"query-input\":{\"@type\":\"PropertyValueSpecification\",\"valueRequired\":true,\"valueName\":\"search_term_string\"}}],\"inLanguage\":\"it-IT\"}]}<\/script>\n<!-- \/ Yoast SEO plugin. -->","yoast_head_json":{"title":"PerHouse - EFFE","robots":{"index":"index","follow":"follow","max-snippet":"max-snippet:-1","max-image-preview":"max-image-preview:large","max-video-preview":"max-video-preview:-1"},"canonical":"https:\/\/www.effe-homecare.eu\/it\/perhouse\/","og_locale":"it_IT","og_type":"article","og_title":"PerHouse - EFFE","og_description":"Il progetto PERHOUSE mira a migliorare le condizioni di lavoro e i servizi personali e domestici attraverso le relazioni industriali nei paesi dell&#8217;Europa centrale.Il progetto PERHOUSE cerca di analizzare le caratteristiche attuali e le sfide legate alla prestazione dei servizi e alle condizioni di lavoro nei settori dei servizi personali e domestici (PHS) nei paesi [&hellip;]","og_url":"https:\/\/www.effe-homecare.eu\/it\/perhouse\/","og_site_name":"EFFE","article_modified_time":"2024-08-07T16:30:59+00:00","twitter_card":"summary_large_image","twitter_misc":{"Tempo di lettura stimato":"5 minuti"},"schema":{"@context":"https:\/\/schema.org","@graph":[{"@type":"WebPage","@id":"https:\/\/www.effe-homecare.eu\/it\/perhouse\/","url":"https:\/\/www.effe-homecare.eu\/it\/perhouse\/","name":"PerHouse - EFFE","isPartOf":{"@id":"https:\/\/www.effe-homecare.eu\/it\/#website"},"datePublished":"2024-02-09T22:37:40+00:00","dateModified":"2024-08-07T16:30:59+00:00","breadcrumb":{"@id":"https:\/\/www.effe-homecare.eu\/it\/perhouse\/#breadcrumb"},"inLanguage":"it-IT","potentialAction":[{"@type":"ReadAction","target":["https:\/\/www.effe-homecare.eu\/it\/perhouse\/"]}]},{"@type":"BreadcrumbList","@id":"https:\/\/www.effe-homecare.eu\/it\/perhouse\/#breadcrumb","itemListElement":[{"@type":"ListItem","position":1,"name":"","item":"https:\/\/www.effe-homecare.eu\/it\/"},{"@type":"ListItem","position":2,"name":"PerHouse"}]},{"@type":"WebSite","@id":"https:\/\/www.effe-homecare.eu\/it\/#website","url":"https:\/\/www.effe-homecare.eu\/it\/","name":"EFFE","description":"F\u00e9d\u00e9ration Europ\u00e9enne des Emplois et de la Famille","potentialAction":[{"@type":"SearchAction","target":{"@type":"EntryPoint","urlTemplate":"https:\/\/www.effe-homecare.eu\/it\/?s={search_term_string}"},"query-input":{"@type":"PropertyValueSpecification","valueRequired":true,"valueName":"search_term_string"}}],"inLanguage":"it-IT"}]}},"_links":{"self":[{"href":"https:\/\/www.effe-homecare.eu\/it\/wp-json\/wp\/v2\/pages\/7768","targetHints":{"allow":["GET"]}}],"collection":[{"href":"https:\/\/www.effe-homecare.eu\/it\/wp-json\/wp\/v2\/pages"}],"about":[{"href":"https:\/\/www.effe-homecare.eu\/it\/wp-json\/wp\/v2\/types\/page"}],"author":[{"embeddable":true,"href":"https:\/\/www.effe-homecare.eu\/it\/wp-json\/wp\/v2\/users\/6"}],"replies":[{"embeddable":true,"href":"https:\/\/www.effe-homecare.eu\/it\/wp-json\/wp\/v2\/comments?post=7768"}],"version-history":[{"count":3,"href":"https:\/\/www.effe-homecare.eu\/it\/wp-json\/wp\/v2\/pages\/7768\/revisions"}],"predecessor-version":[{"id":8215,"href":"https:\/\/www.effe-homecare.eu\/it\/wp-json\/wp\/v2\/pages\/7768\/revisions\/8215"}],"wp:attachment":[{"href":"https:\/\/www.effe-homecare.eu\/it\/wp-json\/wp\/v2\/media?parent=7768"}],"curies":[{"name":"wp","href":"https:\/\/api.w.org\/{rel}","templated":true}]}}