{"id":7753,"date":"2024-02-09T22:27:52","date_gmt":"2024-02-09T21:27:52","guid":{"rendered":"https:\/\/www.effe-homecare.eu\/?page_id=7753"},"modified":"2024-02-09T22:27:53","modified_gmt":"2024-02-09T21:27:53","slug":"care4care","status":"publish","type":"page","link":"https:\/\/www.effe-homecare.eu\/it\/care4care\/","title":{"rendered":"Care4Care"},"content":{"rendered":"\n<p><br><\/p>\n\n\n<div class=\"wp-block-image\">\n<figure class=\"aligncenter size-full\"><img loading=\"lazy\" decoding=\"async\" width=\"400\" height=\"138\" src=\"https:\/\/www.effe-homecare.eu\/wp-content\/uploads\/2024\/02\/Care4care-logo.png\" alt=\"\" class=\"wp-image-7749\" srcset=\"https:\/\/www.effe-homecare.eu\/wp-content\/uploads\/2024\/02\/Care4care-logo.png 400w, https:\/\/www.effe-homecare.eu\/wp-content\/uploads\/2024\/02\/Care4care-logo-300x104.png 300w, https:\/\/www.effe-homecare.eu\/wp-content\/uploads\/2024\/02\/Care4care-logo-100x35.png 100w, https:\/\/www.effe-homecare.eu\/wp-content\/uploads\/2024\/02\/Care4care-logo-60x21.png 60w\" sizes=\"auto, (max-width: 400px) 100vw, 400px\" \/><\/figure>\n<\/div>\n\n\n<h3 class=\"wp-block-heading\">Il progetto<\/h3>\n\n\n\n<p>L&#8217;obiettivo del progetto <a href=\"https:\/\/www.care4care.net\/\">CARE4CARE <\/a>\u00e8 quello di investigare, in una prospettiva comparativa e multidisciplinare, sulle condizioni di lavoro degli operatori socio-sanitari e sulla loro percezione dell&#8217;ambiente lavorativo in sei Stati membri dell&#8217;UE (Francia, Germania, Italia, Polonia, Spagna e Svezia) e di sviluppare strumenti adeguati per migliorare la qualit\u00e0 del lavoro e contrastare la discriminazione nel settore.<\/p>\n\n\n\n<p>Il progetto mira a creare un modello di analisi e regolamentazione che possa essere replicato in altri paesi europei e possa portare alla luce nuove strategie rilevanti per le istituzioni europee. Inoltre, mira a valorizzare gli operatori socio-sanitari e i loro rappresentanti nella progettazione e nell&#8217;attuazione delle politiche che influenzano le loro vite. Il lavoro del progetto include lo sviluppo di una piattaforma web che fornisce informazioni accessibili sulle condizioni di lavoro degli operatori socio-sanitari.<\/p>\n\n\n\n<p>Gli operatori socio-sanitari sono principalmente donne e migranti, il che rende il settore dell&#8217;assistenza un campo interessante per verificare le dinamiche di segregazione ed esclusione che influenzano il mercato del lavoro. Allo stesso tempo, \u00e8 un terreno di prova sfidante, che consente di progettare e verificare nuove misure per contrastare la discriminazione e promuovere l&#8217;inclusione sociale.<\/p>\n\n\n\n<p>Le istituzioni europee hanno incluso il settore del lavoro di assistenza tra quei settori &#8220;chiave per il futuro della societ\u00e0 e dell&#8217;economia europea&#8221;. La pandemia di Covid-19 ha reso ancora pi\u00f9 evidente la centralit\u00e0 del lavoro di assistenza nelle societ\u00e0 moderne, ma ha anche reso pi\u00f9 visibili molti problemi critici che influenzano le condizioni di lavoro degli operatori socio-sanitari, come: la mancanza di risorse economiche adeguate, la carenza di manodopera, la pressione esercitata sugli operatori socio-sanitari, i rischi per il loro benessere, il sottofinanziamento dell&#8217;assistenza sociale come conseguenza della riorganizzazione e del parziale ridimensionamento dello Stato sociale, il minore potere contrattuale nel settore rispetto ai settori a prevalenza maschile, la sottovalutazione dei lavori a prevalenza femminile, la prevalenza del lavoro non dichiarato nel lavoro domestico di assistenza, modelli di discriminazione nel settore sulla base del genere e della nazionalit\u00e0 e l&#8217;intersezionalit\u00e0 tra i due.<\/p>\n\n\n\n<p>Questo progetto mira a sviluppare strumenti adeguati per migliorare la qualit\u00e0 del lavoro e contrastare la discriminazione, come: elaborare strategie politiche per affrontare la sottovalutazione del lavoro di assistenza, con particolare attenzione al ruolo chiave che possono svolgere i sindacati, le associazioni di datori di lavoro cos\u00ec come gli organismi di parit\u00e0 e di monitoraggio; progettare programmi di formazione per valorizzare i sindacati, le associazioni familiari e i rappresentanti dei datori di lavoro per migliorare la qualit\u00e0 del lavoro nel settore; istituire un osservatorio permanente sul lavoro di assistenza, che implementer\u00e0 una piattaforma accessibile agli operatori socio-sanitari, al fine di migliorare la loro consapevolezza dei diritti.<\/p>\n\n\n\n<h3 class=\"wp-block-heading\">Durata <\/h3>\n\n\n\n<p>36 mesi: da gennaio 2023 a dicembre 2025<\/p>\n\n\n\n<h3 class=\"wp-block-heading\">Partner <\/h3>\n\n\n\n<ul class=\"wp-block-list\">\n<li>Coordinatore: <a href=\"https:\/\/www.unifi.it\/\">Universit\u00e0 degli Studi di Firenze<\/a> (Unifi &#8211; Italia) <\/li>\n\n\n\n<li><a href=\"https:\/\/www.lunduniversity.lu.se\/\">Universit\u00e0 di Lund<\/a> (UNI Lund \u2013 Svezia)<\/li>\n\n\n\n<li><a href=\"https:\/\/www.udg.edu\/ca\/\">Universitat de Girona<\/a> (UdG &#8211; Spagna) <\/li>\n\n\n\n<li><a href=\"https:\/\/www.us.es\/\">Universidad de Sevilla<\/a> (UdS \u2013 Spagna) \u2022 Europa Universit\u00e4t Viadrina (EUV \u2013 Germania) <\/li>\n\n\n\n<li><a href=\"https:\/\/www.ur.edu.pl\/en\/home\">Uniwersytet Rzeszowski<\/a> (RU \u2013 Polonia) <\/li>\n\n\n\n<li><a href=\"https:\/\/tour4eu.eu\/\">Organizzazione toscana delle Universit\u00e0 e della Ricerca per l&#8217;Europa<\/a> (TOUR4EU \u2013 BE) <\/li>\n\n\n\n<li><a href=\"https:\/\/www.u-bordeaux.fr\/\">Universit\u00e9 de Bordeaux <\/a>(UdB \u2013 Francia) <\/li>\n\n\n\n<li><a href=\"https:\/\/www.effe-homecare.eu\/\">La Federazione Europea del Lavoro Domestico e dell\u2019Assistenza Domiciliare<\/a> (EFFE \u2013 BE) <\/li>\n\n\n\n<li><a href=\"https:\/\/www.efsi-europe.eu\/fr\/page-daccueil\/\">Federazione Europea per i Servizi alle Persone<\/a> (EFSI- BE)<\/li>\n<\/ul>\n\n\n\n<h3 class=\"wp-block-heading\">Gli obiettivi del Consorzio<\/h3>\n\n\n\n<ul class=\"wp-block-list\">\n<li><strong>Creare un modello di analisi e regolamentazione<\/strong> del settore dell&#8217;assistenza che possa essere replicato in altri paesi europei e possa portare alla luce nuove strategie rilevanti per l&#8217;intervento istituzionale <\/li>\n\n\n\n<li><strong>Dare voce agli operatori dell&#8217;assistenza<\/strong> e ai loro rappresentanti nella progettazione e nell&#8217;attuazione di politiche e misure che hanno un impatto sulla loro vita <\/li>\n\n\n\n<li><strong>Creare una piattaforma web<\/strong> che fornisca informazioni accessibili sulle condizioni di lavoro per migliorare i diritti.<\/li>\n<\/ul>\n","protected":false},"excerpt":{"rendered":"<p>Il progetto L&#8217;obiettivo del progetto CARE4CARE \u00e8 quello di investigare, in una prospettiva comparativa e multidisciplinare, sulle condizioni di lavoro degli operatori socio-sanitari e sulla loro percezione dell&#8217;ambiente lavorativo in sei Stati membri dell&#8217;UE (Francia, Germania, Italia, Polonia, Spagna e Svezia) e di sviluppare strumenti adeguati per migliorare la qualit\u00e0 del lavoro e contrastare la [&hellip;]<\/p>\n","protected":false},"author":6,"featured_media":0,"parent":0,"menu_order":27,"comment_status":"closed","ping_status":"closed","template":"","meta":{"_acf_changed":false,"_monsterinsights_skip_tracking":false,"_monsterinsights_sitenote_active":false,"_monsterinsights_sitenote_note":"","_monsterinsights_sitenote_category":0,"footnotes":""},"class_list":["post-7753","page","type-page","status-publish","hentry"],"acf":[],"yoast_head":"<!-- This site is optimized with the Yoast SEO plugin v27.3 - https:\/\/yoast.com\/product\/yoast-seo-wordpress\/ -->\n<title>Care4Care - EFFE<\/title>\n<meta name=\"robots\" content=\"index, follow, max-snippet:-1, max-image-preview:large, max-video-preview:-1\" \/>\n<link rel=\"canonical\" href=\"https:\/\/www.effe-homecare.eu\/it\/care4care\/\" \/>\n<meta property=\"og:locale\" content=\"it_IT\" \/>\n<meta property=\"og:type\" content=\"article\" \/>\n<meta property=\"og:title\" content=\"Care4Care - EFFE\" \/>\n<meta property=\"og:description\" content=\"Il progetto L&#8217;obiettivo del progetto CARE4CARE \u00e8 quello di investigare, in una prospettiva comparativa e multidisciplinare, sulle condizioni di lavoro degli operatori socio-sanitari e sulla loro percezione dell&#8217;ambiente lavorativo in sei Stati membri dell&#8217;UE (Francia, Germania, Italia, Polonia, Spagna e Svezia) e di sviluppare strumenti adeguati per migliorare la qualit\u00e0 del lavoro e contrastare la [&hellip;]\" \/>\n<meta property=\"og:url\" content=\"https:\/\/www.effe-homecare.eu\/it\/care4care\/\" \/>\n<meta property=\"og:site_name\" content=\"EFFE\" \/>\n<meta property=\"article:modified_time\" content=\"2024-02-09T21:27:53+00:00\" \/>\n<meta property=\"og:image\" content=\"https:\/\/www.effe-homecare.eu\/wp-content\/uploads\/2024\/02\/Care4care-logo.png\" \/>\n<meta name=\"twitter:card\" content=\"summary_large_image\" \/>\n<meta name=\"twitter:label1\" content=\"Tempo di lettura stimato\" \/>\n\t<meta name=\"twitter:data1\" content=\"4 minuti\" \/>\n<script type=\"application\/ld+json\" class=\"yoast-schema-graph\">{\"@context\":\"https:\\\/\\\/schema.org\",\"@graph\":[{\"@type\":\"WebPage\",\"@id\":\"https:\\\/\\\/www.effe-homecare.eu\\\/it\\\/care4care\\\/\",\"url\":\"https:\\\/\\\/www.effe-homecare.eu\\\/it\\\/care4care\\\/\",\"name\":\"Care4Care - EFFE\",\"isPartOf\":{\"@id\":\"https:\\\/\\\/www.effe-homecare.eu\\\/it\\\/#website\"},\"primaryImageOfPage\":{\"@id\":\"https:\\\/\\\/www.effe-homecare.eu\\\/it\\\/care4care\\\/#primaryimage\"},\"image\":{\"@id\":\"https:\\\/\\\/www.effe-homecare.eu\\\/it\\\/care4care\\\/#primaryimage\"},\"thumbnailUrl\":\"https:\\\/\\\/www.effe-homecare.eu\\\/wp-content\\\/uploads\\\/2024\\\/02\\\/Care4care-logo.png\",\"datePublished\":\"2024-02-09T21:27:52+00:00\",\"dateModified\":\"2024-02-09T21:27:53+00:00\",\"breadcrumb\":{\"@id\":\"https:\\\/\\\/www.effe-homecare.eu\\\/it\\\/care4care\\\/#breadcrumb\"},\"inLanguage\":\"it-IT\",\"potentialAction\":[{\"@type\":\"ReadAction\",\"target\":[\"https:\\\/\\\/www.effe-homecare.eu\\\/it\\\/care4care\\\/\"]}]},{\"@type\":\"ImageObject\",\"inLanguage\":\"it-IT\",\"@id\":\"https:\\\/\\\/www.effe-homecare.eu\\\/it\\\/care4care\\\/#primaryimage\",\"url\":\"https:\\\/\\\/www.effe-homecare.eu\\\/wp-content\\\/uploads\\\/2024\\\/02\\\/Care4care-logo.png\",\"contentUrl\":\"https:\\\/\\\/www.effe-homecare.eu\\\/wp-content\\\/uploads\\\/2024\\\/02\\\/Care4care-logo.png\"},{\"@type\":\"BreadcrumbList\",\"@id\":\"https:\\\/\\\/www.effe-homecare.eu\\\/it\\\/care4care\\\/#breadcrumb\",\"itemListElement\":[{\"@type\":\"ListItem\",\"position\":1,\"name\":\"\",\"item\":\"https:\\\/\\\/www.effe-homecare.eu\\\/it\\\/\"},{\"@type\":\"ListItem\",\"position\":2,\"name\":\"Care4Care\"}]},{\"@type\":\"WebSite\",\"@id\":\"https:\\\/\\\/www.effe-homecare.eu\\\/it\\\/#website\",\"url\":\"https:\\\/\\\/www.effe-homecare.eu\\\/it\\\/\",\"name\":\"EFFE\",\"description\":\"F\u00e9d\u00e9ration Europ\u00e9enne des Emplois et de la Famille\",\"potentialAction\":[{\"@type\":\"SearchAction\",\"target\":{\"@type\":\"EntryPoint\",\"urlTemplate\":\"https:\\\/\\\/www.effe-homecare.eu\\\/it\\\/?s={search_term_string}\"},\"query-input\":{\"@type\":\"PropertyValueSpecification\",\"valueRequired\":true,\"valueName\":\"search_term_string\"}}],\"inLanguage\":\"it-IT\"}]}<\/script>\n<!-- \/ Yoast SEO plugin. -->","yoast_head_json":{"title":"Care4Care - EFFE","robots":{"index":"index","follow":"follow","max-snippet":"max-snippet:-1","max-image-preview":"max-image-preview:large","max-video-preview":"max-video-preview:-1"},"canonical":"https:\/\/www.effe-homecare.eu\/it\/care4care\/","og_locale":"it_IT","og_type":"article","og_title":"Care4Care - EFFE","og_description":"Il progetto L&#8217;obiettivo del progetto CARE4CARE \u00e8 quello di investigare, in una prospettiva comparativa e multidisciplinare, sulle condizioni di lavoro degli operatori socio-sanitari e sulla loro percezione dell&#8217;ambiente lavorativo in sei Stati membri dell&#8217;UE (Francia, Germania, Italia, Polonia, Spagna e Svezia) e di sviluppare strumenti adeguati per migliorare la qualit\u00e0 del lavoro e contrastare la [&hellip;]","og_url":"https:\/\/www.effe-homecare.eu\/it\/care4care\/","og_site_name":"EFFE","article_modified_time":"2024-02-09T21:27:53+00:00","og_image":[{"url":"https:\/\/www.effe-homecare.eu\/wp-content\/uploads\/2024\/02\/Care4care-logo.png","type":"","width":"","height":""}],"twitter_card":"summary_large_image","twitter_misc":{"Tempo di lettura stimato":"4 minuti"},"schema":{"@context":"https:\/\/schema.org","@graph":[{"@type":"WebPage","@id":"https:\/\/www.effe-homecare.eu\/it\/care4care\/","url":"https:\/\/www.effe-homecare.eu\/it\/care4care\/","name":"Care4Care - EFFE","isPartOf":{"@id":"https:\/\/www.effe-homecare.eu\/it\/#website"},"primaryImageOfPage":{"@id":"https:\/\/www.effe-homecare.eu\/it\/care4care\/#primaryimage"},"image":{"@id":"https:\/\/www.effe-homecare.eu\/it\/care4care\/#primaryimage"},"thumbnailUrl":"https:\/\/www.effe-homecare.eu\/wp-content\/uploads\/2024\/02\/Care4care-logo.png","datePublished":"2024-02-09T21:27:52+00:00","dateModified":"2024-02-09T21:27:53+00:00","breadcrumb":{"@id":"https:\/\/www.effe-homecare.eu\/it\/care4care\/#breadcrumb"},"inLanguage":"it-IT","potentialAction":[{"@type":"ReadAction","target":["https:\/\/www.effe-homecare.eu\/it\/care4care\/"]}]},{"@type":"ImageObject","inLanguage":"it-IT","@id":"https:\/\/www.effe-homecare.eu\/it\/care4care\/#primaryimage","url":"https:\/\/www.effe-homecare.eu\/wp-content\/uploads\/2024\/02\/Care4care-logo.png","contentUrl":"https:\/\/www.effe-homecare.eu\/wp-content\/uploads\/2024\/02\/Care4care-logo.png"},{"@type":"BreadcrumbList","@id":"https:\/\/www.effe-homecare.eu\/it\/care4care\/#breadcrumb","itemListElement":[{"@type":"ListItem","position":1,"name":"","item":"https:\/\/www.effe-homecare.eu\/it\/"},{"@type":"ListItem","position":2,"name":"Care4Care"}]},{"@type":"WebSite","@id":"https:\/\/www.effe-homecare.eu\/it\/#website","url":"https:\/\/www.effe-homecare.eu\/it\/","name":"EFFE","description":"F\u00e9d\u00e9ration Europ\u00e9enne des Emplois et de la Famille","potentialAction":[{"@type":"SearchAction","target":{"@type":"EntryPoint","urlTemplate":"https:\/\/www.effe-homecare.eu\/it\/?s={search_term_string}"},"query-input":{"@type":"PropertyValueSpecification","valueRequired":true,"valueName":"search_term_string"}}],"inLanguage":"it-IT"}]}},"_links":{"self":[{"href":"https:\/\/www.effe-homecare.eu\/it\/wp-json\/wp\/v2\/pages\/7753","targetHints":{"allow":["GET"]}}],"collection":[{"href":"https:\/\/www.effe-homecare.eu\/it\/wp-json\/wp\/v2\/pages"}],"about":[{"href":"https:\/\/www.effe-homecare.eu\/it\/wp-json\/wp\/v2\/types\/page"}],"author":[{"embeddable":true,"href":"https:\/\/www.effe-homecare.eu\/it\/wp-json\/wp\/v2\/users\/6"}],"replies":[{"embeddable":true,"href":"https:\/\/www.effe-homecare.eu\/it\/wp-json\/wp\/v2\/comments?post=7753"}],"version-history":[{"count":1,"href":"https:\/\/www.effe-homecare.eu\/it\/wp-json\/wp\/v2\/pages\/7753\/revisions"}],"predecessor-version":[{"id":7754,"href":"https:\/\/www.effe-homecare.eu\/it\/wp-json\/wp\/v2\/pages\/7753\/revisions\/7754"}],"wp:attachment":[{"href":"https:\/\/www.effe-homecare.eu\/it\/wp-json\/wp\/v2\/media?parent=7753"}],"curies":[{"name":"wp","href":"https:\/\/api.w.org\/{rel}","templated":true}]}}