{"id":7742,"date":"2024-02-09T18:01:58","date_gmt":"2024-02-09T17:01:58","guid":{"rendered":"https:\/\/www.effe-homecare.eu\/?page_id=7742"},"modified":"2024-02-09T18:01:59","modified_gmt":"2024-02-09T17:01:59","slug":"prodome","status":"publish","type":"page","link":"https:\/\/www.effe-homecare.eu\/it\/prodome\/","title":{"rendered":"Prodome"},"content":{"rendered":"\n<h3 class=\"wp-block-heading\">Il progetto<\/h3>\n\n\n<div class=\"wp-block-image\">\n<figure class=\"aligncenter size-full\"><img loading=\"lazy\" decoding=\"async\" width=\"620\" height=\"453\" src=\"https:\/\/www.effe-homecare.eu\/wp-content\/uploads\/2023\/07\/effe-homecare-logo-prodome-1.png\" alt=\"\" class=\"wp-image-5812\" srcset=\"https:\/\/www.effe-homecare.eu\/wp-content\/uploads\/2023\/07\/effe-homecare-logo-prodome-1.png 620w, https:\/\/www.effe-homecare.eu\/wp-content\/uploads\/2023\/07\/effe-homecare-logo-prodome-1-300x219.png 300w, https:\/\/www.effe-homecare.eu\/wp-content\/uploads\/2023\/07\/effe-homecare-logo-prodome-1-100x73.png 100w, https:\/\/www.effe-homecare.eu\/wp-content\/uploads\/2023\/07\/effe-homecare-logo-prodome-1-60x44.png 60w\" sizes=\"auto, (max-width: 620px) 100vw, 620px\" \/><\/figure>\n<\/div>\n\n\n<p><a href=\"https:\/\/www.prodome.eu\/it\/\">Prodome <\/a>ha voluto ambire alla professionalizzazione dei lavoratori domestici in Europa, puntando fino all\u2019ottobre del 2019 su tre assi:<\/p>\n\n\n\n<ul class=\"wp-block-list\">\n<li>capire meglio la situazione dei lavoratori domestici in Europa<\/li>\n\n\n\n<li>sviluppare un programma di formazione in adeguamento con le attuali esigenze dei lavoratori domestici<\/li>\n\n\n\n<li>promuovere una certificazione europea per i lavoratori domestici<\/li>\n<\/ul>\n\n\n\n<p>Questo progetto \u00e8 stato co-finanziato nell\u2019ambito di Erasmus+ Programma&nbsp;<strong>alleanze<\/strong>&nbsp;per la cooperazione&nbsp;<strong>settoriale<\/strong>&nbsp;sulle&nbsp;<strong>competenze<\/strong>.<\/p>\n\n\n\n<h3 class=\"wp-block-heading\">Durata<\/h3>\n\n\n\n<p>Dal 1\u00b0 novembre 2016 al 31 ottobre 2019<\/p>\n\n\n\n<h3 class=\"wp-block-heading\"><strong>Partner<\/strong><\/h3>\n\n\n\n<ul class=\"wp-block-list\">\n<li><a href=\"https:\/\/www.iperia.eu\/\">IPERIA<\/a>, Francia<\/li>\n\n\n\n<li><a href=\"https:\/\/www.fepem.fr\/\">FEPEM<\/a>, Francia<\/li>\n\n\n\n<li><a href=\"https:\/\/assindatcolf.it\/\">ASSINDATCOLF<\/a>, Italia<\/li>\n\n\n\n<li><a href=\"https:\/\/www.margotta.it\/\">Margotta group<\/a>, Italia<\/li>\n\n\n\n<li><a href=\"https:\/\/www.forem.es\/\">FOREM<\/a>, Spagna<\/li>\n\n\n\n<li><a href=\"https:\/\/www.ccoo.es\/\">CCOO<\/a>, Spagna<\/li>\n\n\n\n<li><a href=\"https:\/\/www.regione.emilia-romagna.it\/\">Regione Emilia-Romagna<\/a>, Italia<\/li>\n\n\n\n<li><a href=\"https:\/\/www.consulentidellavoro.it\/\">ANCL<\/a>, Italia<\/li>\n\n\n\n<li><a href=\"https:\/\/www.fundae.es\/\">FUNDAE<\/a>, Spagna<\/li>\n<\/ul>\n\n\n\n<h3 class=\"wp-block-heading\">Risultati concreti<\/h3>\n\n\n\n<ul class=\"wp-block-list\">\n<li><a href=\"https:\/\/www.effe-homecare.eu\/en\/publication\/etat-des-lieux-du-metier-demploye-familial-en-europe\/\">Stato dell\u2019arte del lavoro domestico in Europa<\/a><\/li>\n\n\n\n<li><a href=\"https:\/\/www.effe-homecare.eu\/en\/publication\/creation-of-competence-framework\/\">Creazione di un quadro per le competenze<\/a><\/li>\n\n\n\n<li><a href=\"https:\/\/www.effe-homecare.eu\/en\/publication\/creation-of-a-training-programme-in-blended-learning\/\">Creazione di un programma di formazione di apprendimento ibrido<\/a><\/li>\n\n\n\n<li><a href=\"https:\/\/www.effe-homecare.eu\/en\/publication\/un-rapport-sur-une-future-certification-des-employes-familiaux\/\">Studio su una futura certificazione per i lavoratori domestici&nbsp;<\/a><\/li>\n\n\n\n<li><a href=\"https:\/\/www.effe-homecare.eu\/en\/publication\/une-feuille-de-route-pour-une-certification-europeenne\/\">Roadmap per una certificazione europea<\/a><\/li>\n<\/ul>\n","protected":false},"excerpt":{"rendered":"<p>Il progetto Prodome ha voluto ambire alla professionalizzazione dei lavoratori domestici in Europa, puntando fino all\u2019ottobre del 2019 su tre assi: Questo progetto \u00e8 stato co-finanziato nell\u2019ambito di Erasmus+ Programma&nbsp;alleanze&nbsp;per la cooperazione&nbsp;settoriale&nbsp;sulle&nbsp;competenze. Durata Dal 1\u00b0 novembre 2016 al 31 ottobre 2019 Partner Risultati concreti<\/p>\n","protected":false},"author":6,"featured_media":0,"parent":0,"menu_order":30,"comment_status":"closed","ping_status":"closed","template":"","meta":{"_acf_changed":false,"_monsterinsights_skip_tracking":false,"_monsterinsights_sitenote_active":false,"_monsterinsights_sitenote_note":"","_monsterinsights_sitenote_category":0,"footnotes":""},"class_list":["post-7742","page","type-page","status-publish","hentry"],"acf":[],"yoast_head":"<!-- This site is optimized with the Yoast SEO plugin v27.3 - https:\/\/yoast.com\/product\/yoast-seo-wordpress\/ -->\n<title>Prodome - EFFE<\/title>\n<meta name=\"robots\" content=\"index, follow, max-snippet:-1, max-image-preview:large, max-video-preview:-1\" \/>\n<link rel=\"canonical\" href=\"https:\/\/www.effe-homecare.eu\/it\/prodome\/\" \/>\n<meta property=\"og:locale\" content=\"it_IT\" \/>\n<meta property=\"og:type\" content=\"article\" \/>\n<meta property=\"og:title\" content=\"Prodome - EFFE\" \/>\n<meta property=\"og:description\" content=\"Il progetto Prodome ha voluto ambire alla professionalizzazione dei lavoratori domestici in Europa, puntando fino all\u2019ottobre del 2019 su tre assi: Questo progetto \u00e8 stato co-finanziato nell\u2019ambito di Erasmus+ Programma&nbsp;alleanze&nbsp;per la cooperazione&nbsp;settoriale&nbsp;sulle&nbsp;competenze. Durata Dal 1\u00b0 novembre 2016 al 31 ottobre 2019 Partner Risultati concreti\" \/>\n<meta property=\"og:url\" content=\"https:\/\/www.effe-homecare.eu\/it\/prodome\/\" \/>\n<meta property=\"og:site_name\" content=\"EFFE\" \/>\n<meta property=\"article:modified_time\" content=\"2024-02-09T17:01:59+00:00\" \/>\n<meta property=\"og:image\" content=\"https:\/\/www.effe-homecare.eu\/wp-content\/uploads\/2023\/07\/effe-homecare-logo-prodome-1.png\" \/>\n<meta name=\"twitter:card\" content=\"summary_large_image\" \/>\n<meta name=\"twitter:label1\" content=\"Tempo di lettura stimato\" \/>\n\t<meta name=\"twitter:data1\" content=\"1 minuto\" \/>\n<script type=\"application\/ld+json\" class=\"yoast-schema-graph\">{\"@context\":\"https:\\\/\\\/schema.org\",\"@graph\":[{\"@type\":\"WebPage\",\"@id\":\"https:\\\/\\\/www.effe-homecare.eu\\\/it\\\/prodome\\\/\",\"url\":\"https:\\\/\\\/www.effe-homecare.eu\\\/it\\\/prodome\\\/\",\"name\":\"Prodome - EFFE\",\"isPartOf\":{\"@id\":\"https:\\\/\\\/www.effe-homecare.eu\\\/it\\\/#website\"},\"primaryImageOfPage\":{\"@id\":\"https:\\\/\\\/www.effe-homecare.eu\\\/it\\\/prodome\\\/#primaryimage\"},\"image\":{\"@id\":\"https:\\\/\\\/www.effe-homecare.eu\\\/it\\\/prodome\\\/#primaryimage\"},\"thumbnailUrl\":\"https:\\\/\\\/www.effe-homecare.eu\\\/wp-content\\\/uploads\\\/2023\\\/07\\\/effe-homecare-logo-prodome-1.png\",\"datePublished\":\"2024-02-09T17:01:58+00:00\",\"dateModified\":\"2024-02-09T17:01:59+00:00\",\"breadcrumb\":{\"@id\":\"https:\\\/\\\/www.effe-homecare.eu\\\/it\\\/prodome\\\/#breadcrumb\"},\"inLanguage\":\"it-IT\",\"potentialAction\":[{\"@type\":\"ReadAction\",\"target\":[\"https:\\\/\\\/www.effe-homecare.eu\\\/it\\\/prodome\\\/\"]}]},{\"@type\":\"ImageObject\",\"inLanguage\":\"it-IT\",\"@id\":\"https:\\\/\\\/www.effe-homecare.eu\\\/it\\\/prodome\\\/#primaryimage\",\"url\":\"https:\\\/\\\/www.effe-homecare.eu\\\/wp-content\\\/uploads\\\/2023\\\/07\\\/effe-homecare-logo-prodome-1.png\",\"contentUrl\":\"https:\\\/\\\/www.effe-homecare.eu\\\/wp-content\\\/uploads\\\/2023\\\/07\\\/effe-homecare-logo-prodome-1.png\"},{\"@type\":\"BreadcrumbList\",\"@id\":\"https:\\\/\\\/www.effe-homecare.eu\\\/it\\\/prodome\\\/#breadcrumb\",\"itemListElement\":[{\"@type\":\"ListItem\",\"position\":1,\"name\":\"\",\"item\":\"https:\\\/\\\/www.effe-homecare.eu\\\/it\\\/\"},{\"@type\":\"ListItem\",\"position\":2,\"name\":\"Prodome\"}]},{\"@type\":\"WebSite\",\"@id\":\"https:\\\/\\\/www.effe-homecare.eu\\\/it\\\/#website\",\"url\":\"https:\\\/\\\/www.effe-homecare.eu\\\/it\\\/\",\"name\":\"EFFE\",\"description\":\"F\u00e9d\u00e9ration Europ\u00e9enne des Emplois et de la Famille\",\"potentialAction\":[{\"@type\":\"SearchAction\",\"target\":{\"@type\":\"EntryPoint\",\"urlTemplate\":\"https:\\\/\\\/www.effe-homecare.eu\\\/it\\\/?s={search_term_string}\"},\"query-input\":{\"@type\":\"PropertyValueSpecification\",\"valueRequired\":true,\"valueName\":\"search_term_string\"}}],\"inLanguage\":\"it-IT\"}]}<\/script>\n<!-- \/ Yoast SEO plugin. -->","yoast_head_json":{"title":"Prodome - EFFE","robots":{"index":"index","follow":"follow","max-snippet":"max-snippet:-1","max-image-preview":"max-image-preview:large","max-video-preview":"max-video-preview:-1"},"canonical":"https:\/\/www.effe-homecare.eu\/it\/prodome\/","og_locale":"it_IT","og_type":"article","og_title":"Prodome - EFFE","og_description":"Il progetto Prodome ha voluto ambire alla professionalizzazione dei lavoratori domestici in Europa, puntando fino all\u2019ottobre del 2019 su tre assi: Questo progetto \u00e8 stato co-finanziato nell\u2019ambito di Erasmus+ Programma&nbsp;alleanze&nbsp;per la cooperazione&nbsp;settoriale&nbsp;sulle&nbsp;competenze. Durata Dal 1\u00b0 novembre 2016 al 31 ottobre 2019 Partner Risultati concreti","og_url":"https:\/\/www.effe-homecare.eu\/it\/prodome\/","og_site_name":"EFFE","article_modified_time":"2024-02-09T17:01:59+00:00","og_image":[{"url":"https:\/\/www.effe-homecare.eu\/wp-content\/uploads\/2023\/07\/effe-homecare-logo-prodome-1.png","type":"","width":"","height":""}],"twitter_card":"summary_large_image","twitter_misc":{"Tempo di lettura stimato":"1 minuto"},"schema":{"@context":"https:\/\/schema.org","@graph":[{"@type":"WebPage","@id":"https:\/\/www.effe-homecare.eu\/it\/prodome\/","url":"https:\/\/www.effe-homecare.eu\/it\/prodome\/","name":"Prodome - EFFE","isPartOf":{"@id":"https:\/\/www.effe-homecare.eu\/it\/#website"},"primaryImageOfPage":{"@id":"https:\/\/www.effe-homecare.eu\/it\/prodome\/#primaryimage"},"image":{"@id":"https:\/\/www.effe-homecare.eu\/it\/prodome\/#primaryimage"},"thumbnailUrl":"https:\/\/www.effe-homecare.eu\/wp-content\/uploads\/2023\/07\/effe-homecare-logo-prodome-1.png","datePublished":"2024-02-09T17:01:58+00:00","dateModified":"2024-02-09T17:01:59+00:00","breadcrumb":{"@id":"https:\/\/www.effe-homecare.eu\/it\/prodome\/#breadcrumb"},"inLanguage":"it-IT","potentialAction":[{"@type":"ReadAction","target":["https:\/\/www.effe-homecare.eu\/it\/prodome\/"]}]},{"@type":"ImageObject","inLanguage":"it-IT","@id":"https:\/\/www.effe-homecare.eu\/it\/prodome\/#primaryimage","url":"https:\/\/www.effe-homecare.eu\/wp-content\/uploads\/2023\/07\/effe-homecare-logo-prodome-1.png","contentUrl":"https:\/\/www.effe-homecare.eu\/wp-content\/uploads\/2023\/07\/effe-homecare-logo-prodome-1.png"},{"@type":"BreadcrumbList","@id":"https:\/\/www.effe-homecare.eu\/it\/prodome\/#breadcrumb","itemListElement":[{"@type":"ListItem","position":1,"name":"","item":"https:\/\/www.effe-homecare.eu\/it\/"},{"@type":"ListItem","position":2,"name":"Prodome"}]},{"@type":"WebSite","@id":"https:\/\/www.effe-homecare.eu\/it\/#website","url":"https:\/\/www.effe-homecare.eu\/it\/","name":"EFFE","description":"F\u00e9d\u00e9ration Europ\u00e9enne des Emplois et de la Famille","potentialAction":[{"@type":"SearchAction","target":{"@type":"EntryPoint","urlTemplate":"https:\/\/www.effe-homecare.eu\/it\/?s={search_term_string}"},"query-input":{"@type":"PropertyValueSpecification","valueRequired":true,"valueName":"search_term_string"}}],"inLanguage":"it-IT"}]}},"_links":{"self":[{"href":"https:\/\/www.effe-homecare.eu\/it\/wp-json\/wp\/v2\/pages\/7742","targetHints":{"allow":["GET"]}}],"collection":[{"href":"https:\/\/www.effe-homecare.eu\/it\/wp-json\/wp\/v2\/pages"}],"about":[{"href":"https:\/\/www.effe-homecare.eu\/it\/wp-json\/wp\/v2\/types\/page"}],"author":[{"embeddable":true,"href":"https:\/\/www.effe-homecare.eu\/it\/wp-json\/wp\/v2\/users\/6"}],"replies":[{"embeddable":true,"href":"https:\/\/www.effe-homecare.eu\/it\/wp-json\/wp\/v2\/comments?post=7742"}],"version-history":[{"count":2,"href":"https:\/\/www.effe-homecare.eu\/it\/wp-json\/wp\/v2\/pages\/7742\/revisions"}],"predecessor-version":[{"id":7744,"href":"https:\/\/www.effe-homecare.eu\/it\/wp-json\/wp\/v2\/pages\/7742\/revisions\/7744"}],"wp:attachment":[{"href":"https:\/\/www.effe-homecare.eu\/it\/wp-json\/wp\/v2\/media?parent=7742"}],"curies":[{"name":"wp","href":"https:\/\/api.w.org\/{rel}","templated":true}]}}