{"id":7732,"date":"2024-02-09T17:55:15","date_gmt":"2024-02-09T16:55:15","guid":{"rendered":"https:\/\/www.effe-homecare.eu\/?page_id=7732"},"modified":"2024-02-09T17:55:16","modified_gmt":"2024-02-09T16:55:16","slug":"ad-phs","status":"publish","type":"page","link":"https:\/\/www.effe-homecare.eu\/it\/ad-phs\/","title":{"rendered":"Ad-PHS"},"content":{"rendered":"<div class=\"wp-block-image\">\n<figure class=\"aligncenter size-full\"><img loading=\"lazy\" decoding=\"async\" width=\"620\" height=\"250\" src=\"https:\/\/www.effe-homecare.eu\/wp-content\/uploads\/2023\/07\/effe-homecare-logo-adphs-3.png\" alt=\"\" class=\"wp-image-5809\" srcset=\"https:\/\/www.effe-homecare.eu\/wp-content\/uploads\/2023\/07\/effe-homecare-logo-adphs-3.png 620w, https:\/\/www.effe-homecare.eu\/wp-content\/uploads\/2023\/07\/effe-homecare-logo-adphs-3-300x121.png 300w, https:\/\/www.effe-homecare.eu\/wp-content\/uploads\/2023\/07\/effe-homecare-logo-adphs-3-100x40.png 100w, https:\/\/www.effe-homecare.eu\/wp-content\/uploads\/2023\/07\/effe-homecare-logo-adphs-3-60x24.png 60w\" sizes=\"auto, (max-width: 620px) 100vw, 620px\" \/><\/figure>\n<\/div>\n\n\n<h3 class=\"wp-block-heading\">Il progetto<\/h3>\n\n\n\n<p>Il progetto <a href=\"https:\/\/ad-phs.eu\/\">AD-PHS<\/a> intendeva dare vita ad una piattaforma unica di sostegno, orientamento e consiglio per le autorit\u00e0 europee relativamente allo sviluppo di politiche pubbliche settoriali nell\u2019ambito dei servizi alle famiglie a domicilio. Concretamente, il progetto ha permesso di organizzare 21 workshop e seminari nazionali in diversi stati membri per consentire la condivisione di buone prassi, l\u2019approfondimento della ricerca e lo sviluppo di un dialogo sociale consolidato tra i numerosi attori del settore, siano essi sindacati, organizzazioni datoriali, ministeri o attori della societ\u00e0 civile. Il progetto ha in sintesi promosso lo sviluppo di strumenti comuni a tutti gli stati membri dell\u2019UE e fornisce gli elementi per suggerire delle politiche pubbliche alle autorit\u00e0 europee.<\/p>\n\n\n\n<h3 class=\"wp-block-heading\">Durata<\/h3>\n\n\n\n<p>Da dicembre 2018 a dicembre 2020<\/p>\n\n\n\n<h3 class=\"wp-block-heading\"><strong>Partner<\/strong><\/h3>\n\n\n\n<ul class=\"wp-block-list\">\n<li>Coordinatore: Associazione europea dei fornitori di servizi per persone disabili&nbsp;(<a href=\"http:\/\/easpd.eu\/en\">EASPD<\/a>), Belgio<\/li>\n\n\n\n<li>Universit\u00e0 Goethe di Francoforte&nbsp; Istituto di economia, lavoro e cultura (<a href=\"http:\/\/www.iwak-frankfurt.de\/\">IWAK<\/a>), Germania<\/li>\n\n\n\n<li>Federazione europea per i servizi ai singoli (<a href=\"http:\/\/www.efsi-europe.eu\/home\/\">EFSI<\/a>), Belgio<\/li>\n\n\n\n<li>Federazione Europea del Lavoro Domestico e dell\u2019Assistenza Domiciliare (<a href=\"https:\/\/www.effe-homecare.eu\/en\/\">EFFE<\/a>), Belgio<\/li>\n\n\n\n<li><a href=\"http:\/\/www.uni-europa.org\/\">UNI Europa<\/a>, Belgio<\/li>\n\n\n\n<li>Federazione europea dei sindacati nei settori alimentare, agricolo e turistico e settori affini (<a href=\"http:\/\/www.effat.org\/en\">EFFAT<\/a>), Belgio<\/li>\n\n\n\n<li><a href=\"http:\/\/www.diesis.coop\/\">DIESIS COOP<\/a>, Belgio<\/li>\n<\/ul>\n\n\n\n<h3 class=\"wp-block-heading\">Risultati concreti<\/h3>\n\n\n\n<ul class=\"wp-block-list\">\n<li>Relazione \u201cServizi alla persona e alla famiglia nell\u2019UE: panoramica\u201d<\/li>\n\n\n\n<li><a href=\"https:\/\/www.effe-homecare.eu\/en\/publication\/rapport-pratiques-prometteuses-dans-les-services-aux-personnes-et-aux-menages-decembre-2020\/\">Relazione \u201cPrassi promettenti nei servizi alla persona e alla famiglia\u201d<\/a><\/li>\n\n\n\n<li>21 relazioni nazionali (<a href=\"https:\/\/www.effe-homecare.eu\/en\/publication\/rapport-ad-phs-autriche\/\">Austria<\/a>,&nbsp;<a href=\"https:\/\/www.effe-homecare.eu\/en\/publication\/rapport-ad-phs-belgique\/\">Belgio<\/a>,&nbsp;<a href=\"https:\/\/www.effe-homecare.eu\/en\/publication\/rapport-ad-phs-bulgarie\/\">Bulgaria<\/a>,&nbsp;<a href=\"https:\/\/www.effe-homecare.eu\/en\/publication\/rapport-ad-phs-republique-tcheque\/\">Repubblic<\/a>a ceca,&nbsp;<a href=\"https:\/\/www.effe-homecare.eu\/en\/publication\/rapport-ad-phs-danemark\/\">Danimarca<\/a>,&nbsp;<a href=\"https:\/\/www.effe-homecare.eu\/en\/publication\/rapport-ad-phs-estonie\/\">Estonia<\/a>,&nbsp;<a href=\"https:\/\/www.effe-homecare.eu\/en\/publication\/rapport-ad-phs-finlande-decembre-2020\/\">Finland<\/a>ia,&nbsp;<a href=\"https:\/\/www.effe-homecare.eu\/en\/publication\/rapport-ad-phs-france-mars-2020\/\">Francia<\/a>,&nbsp;<a href=\"https:\/\/www.effe-homecare.eu\/en\/publication\/rapport-ad-phs-allemagne-decembre-2020\/\">Germania<\/a>,&nbsp;<a href=\"https:\/\/www.effe-homecare.eu\/en\/publication\/rapport-ad-phs-irlande-octobre-2020\/\">Irland<\/a>a,&nbsp;<a href=\"https:\/\/www.effe-homecare.eu\/en\/publication\/rapport-ad-phs-italie-mars-2020\/\">Italia<\/a>,<\/li>\n\n\n\n<li><a href=\"https:\/\/www.effe-homecare.eu\/en\/publication\/rapport-ad-phs-luxembourg-mars-2020\/\">Lussemburg<\/a>o,&nbsp;<a href=\"https:\/\/www.effe-homecare.eu\/en\/publication\/rapport-ad-phs-malte-octobre-2020\/\">Malta<\/a>,&nbsp;<a href=\"https:\/\/www.effe-homecare.eu\/en\/publication\/rapport-ad-phs-pays-bas-octobre-2020\/\">Paes<\/a>i Bassi,&nbsp;<a href=\"https:\/\/www.effe-homecare.eu\/en\/publication\/rapport-ad-phs-pologne-octobre-2020\/\">Polonia<\/a>,&nbsp;<a href=\"https:\/\/www.effe-homecare.eu\/en\/publication\/rapport-ad-phs-roumanie-decembre-2020\/\">Romania<\/a>,&nbsp;<a href=\"https:\/\/www.effe-homecare.eu\/en\/publication\/rapport-ad-phs-slovaquie-decembre-2020\/\">Slovacchia<\/a>,&nbsp;<a href=\"https:\/\/www.effe-homecare.eu\/en\/publication\/rapport-ad-phs-slovenie-decembre-2020\/\">Slovenia<\/a>,&nbsp;<a href=\"https:\/\/www.effe-homecare.eu\/en\/publication\/rapport-ad-phs-espagne-avril-2020\/\">Spagna<\/a>,&nbsp;<a href=\"https:\/\/www.effe-homecare.eu\/en\/publication\/rapport-ad-phs-suede-mars-2020\/\">Svezia<\/a>,&nbsp;<a href=\"https:\/\/www.effe-homecare.eu\/en\/publication\/rapport-ad-phs-hongrie-octobre-2020\/\">Ungheria<\/a>)<\/li>\n\n\n\n<li>Relazione \u201cL\u2019impatto a breve termine del COVID-19 nell\u2019ambito dei servizi alla persona e alle famiglie e misure di supporto in 21 stati membri\u201d<\/li>\n\n\n\n<li>Paper: \u201cMigliorare le condizioni di lavoro dei lavoratori PHS: metodi vincenti individuati dal progetto Ad-PHS\u201d<\/li>\n<\/ul>\n\n\n\n<ul class=\"wp-block-list\">\n<li><a href=\"https:\/\/www.effe-homecare.eu\/en\/publication\/lignes-directrices-pour-le-developpement-de-structures-de-dialogue-social-dans-les-phs\/\">Linee guida per sviluppare delle strutture di dialogo sociale per i servizi alla persona e alle famiglie<\/a><\/li>\n\n\n\n<li><a href=\"https:\/\/www.effe-homecare.eu\/en\/publication\/lignes-directrices-pour-le-developpement-de-programmes-de-titres-sociaux\/\">Linee guida per sviluppare dei sistemi di voucher sociali<\/a><\/li>\n\n\n\n<li><a href=\"https:\/\/www.effe-homecare.eu\/en\/publication\/lignes-directrices-pour-developper-des-profils-professionnels\/\">Linee guida per definire dei profili professionali<\/a><\/li>\n\n\n\n<li><a href=\"https:\/\/www.effe-homecare.eu\/en\/publication\/lignes-directrices-pour-levaluation-des-droits-et-obligations-des-parties-prenantes-decembre-2020\/\">Linee guida per determinare diritti e doveri di datori e lavoratori<\/a><\/li>\n\n\n\n<li><a href=\"https:\/\/www.effe-homecare.eu\/en\/publication\/lignes-directrices-pour-le-developpement-de-plateformes-et-de-reseaux-numeriques\/\">Linee quida per sviluppare piattaforme e reti digitali<\/a><\/li>\n\n\n\n<li><a href=\"https:\/\/www.effe-homecare.eu\/en\/publication\/lignes-directrices-pour-le-developpement-de-cooperatives-de-travail-associe-decembre-2020\/\">Linee guida per sviluppare delle cooperative di lavoratori<\/a><\/li>\n\n\n\n<li>Workshop e seminari nazionali in 21 paesi europei (Austria, Belgio, Bulgaria, Repubblica ceca, Danimarca, Estonia, Finlandia, Francia, Germania, Irlanda, Italia, Lussemburgo, Malta, Paesi Bassi, Polonia, Romania, Slovacchia, Slovenia, Spagna, Svezia e Ungheria).<\/li>\n<\/ul>\n","protected":false},"excerpt":{"rendered":"<p>Il progetto Il progetto AD-PHS intendeva dare vita ad una piattaforma unica di sostegno, orientamento e consiglio per le autorit\u00e0 europee relativamente allo sviluppo di politiche pubbliche settoriali nell\u2019ambito dei servizi alle famiglie a domicilio. Concretamente, il progetto ha permesso di organizzare 21 workshop e seminari nazionali in diversi stati membri per consentire la condivisione [&hellip;]<\/p>\n","protected":false},"author":6,"featured_media":0,"parent":0,"menu_order":33,"comment_status":"closed","ping_status":"closed","template":"","meta":{"_acf_changed":false,"_monsterinsights_skip_tracking":false,"_monsterinsights_sitenote_active":false,"_monsterinsights_sitenote_note":"","_monsterinsights_sitenote_category":0,"footnotes":""},"class_list":["post-7732","page","type-page","status-publish","hentry"],"acf":[],"yoast_head":"<!-- This site is optimized with the Yoast SEO plugin v27.3 - https:\/\/yoast.com\/product\/yoast-seo-wordpress\/ -->\n<title>Ad-PHS - EFFE<\/title>\n<meta name=\"robots\" content=\"index, follow, max-snippet:-1, max-image-preview:large, max-video-preview:-1\" \/>\n<link rel=\"canonical\" href=\"https:\/\/www.effe-homecare.eu\/it\/ad-phs\/\" \/>\n<meta property=\"og:locale\" content=\"it_IT\" \/>\n<meta property=\"og:type\" content=\"article\" \/>\n<meta property=\"og:title\" content=\"Ad-PHS - EFFE\" \/>\n<meta property=\"og:description\" content=\"Il progetto Il progetto AD-PHS intendeva dare vita ad una piattaforma unica di sostegno, orientamento e consiglio per le autorit\u00e0 europee relativamente allo sviluppo di politiche pubbliche settoriali nell\u2019ambito dei servizi alle famiglie a domicilio. Concretamente, il progetto ha permesso di organizzare 21 workshop e seminari nazionali in diversi stati membri per consentire la condivisione [&hellip;]\" \/>\n<meta property=\"og:url\" content=\"https:\/\/www.effe-homecare.eu\/it\/ad-phs\/\" \/>\n<meta property=\"og:site_name\" content=\"EFFE\" \/>\n<meta property=\"article:modified_time\" content=\"2024-02-09T16:55:16+00:00\" \/>\n<meta property=\"og:image\" content=\"https:\/\/www.effe-homecare.eu\/wp-content\/uploads\/2023\/07\/effe-homecare-logo-adphs-3.png\" \/>\n<meta name=\"twitter:card\" content=\"summary_large_image\" \/>\n<meta name=\"twitter:label1\" content=\"Tempo di lettura stimato\" \/>\n\t<meta name=\"twitter:data1\" content=\"3 minuti\" \/>\n<script type=\"application\/ld+json\" class=\"yoast-schema-graph\">{\"@context\":\"https:\\\/\\\/schema.org\",\"@graph\":[{\"@type\":\"WebPage\",\"@id\":\"https:\\\/\\\/www.effe-homecare.eu\\\/it\\\/ad-phs\\\/\",\"url\":\"https:\\\/\\\/www.effe-homecare.eu\\\/it\\\/ad-phs\\\/\",\"name\":\"Ad-PHS - EFFE\",\"isPartOf\":{\"@id\":\"https:\\\/\\\/www.effe-homecare.eu\\\/it\\\/#website\"},\"primaryImageOfPage\":{\"@id\":\"https:\\\/\\\/www.effe-homecare.eu\\\/it\\\/ad-phs\\\/#primaryimage\"},\"image\":{\"@id\":\"https:\\\/\\\/www.effe-homecare.eu\\\/it\\\/ad-phs\\\/#primaryimage\"},\"thumbnailUrl\":\"https:\\\/\\\/www.effe-homecare.eu\\\/wp-content\\\/uploads\\\/2023\\\/07\\\/effe-homecare-logo-adphs-3.png\",\"datePublished\":\"2024-02-09T16:55:15+00:00\",\"dateModified\":\"2024-02-09T16:55:16+00:00\",\"breadcrumb\":{\"@id\":\"https:\\\/\\\/www.effe-homecare.eu\\\/it\\\/ad-phs\\\/#breadcrumb\"},\"inLanguage\":\"it-IT\",\"potentialAction\":[{\"@type\":\"ReadAction\",\"target\":[\"https:\\\/\\\/www.effe-homecare.eu\\\/it\\\/ad-phs\\\/\"]}]},{\"@type\":\"ImageObject\",\"inLanguage\":\"it-IT\",\"@id\":\"https:\\\/\\\/www.effe-homecare.eu\\\/it\\\/ad-phs\\\/#primaryimage\",\"url\":\"https:\\\/\\\/www.effe-homecare.eu\\\/wp-content\\\/uploads\\\/2023\\\/07\\\/effe-homecare-logo-adphs-3.png\",\"contentUrl\":\"https:\\\/\\\/www.effe-homecare.eu\\\/wp-content\\\/uploads\\\/2023\\\/07\\\/effe-homecare-logo-adphs-3.png\"},{\"@type\":\"BreadcrumbList\",\"@id\":\"https:\\\/\\\/www.effe-homecare.eu\\\/it\\\/ad-phs\\\/#breadcrumb\",\"itemListElement\":[{\"@type\":\"ListItem\",\"position\":1,\"name\":\"\",\"item\":\"https:\\\/\\\/www.effe-homecare.eu\\\/it\\\/\"},{\"@type\":\"ListItem\",\"position\":2,\"name\":\"Ad-PHS\"}]},{\"@type\":\"WebSite\",\"@id\":\"https:\\\/\\\/www.effe-homecare.eu\\\/it\\\/#website\",\"url\":\"https:\\\/\\\/www.effe-homecare.eu\\\/it\\\/\",\"name\":\"EFFE\",\"description\":\"F\u00e9d\u00e9ration Europ\u00e9enne des Emplois et de la Famille\",\"potentialAction\":[{\"@type\":\"SearchAction\",\"target\":{\"@type\":\"EntryPoint\",\"urlTemplate\":\"https:\\\/\\\/www.effe-homecare.eu\\\/it\\\/?s={search_term_string}\"},\"query-input\":{\"@type\":\"PropertyValueSpecification\",\"valueRequired\":true,\"valueName\":\"search_term_string\"}}],\"inLanguage\":\"it-IT\"}]}<\/script>\n<!-- \/ Yoast SEO plugin. -->","yoast_head_json":{"title":"Ad-PHS - EFFE","robots":{"index":"index","follow":"follow","max-snippet":"max-snippet:-1","max-image-preview":"max-image-preview:large","max-video-preview":"max-video-preview:-1"},"canonical":"https:\/\/www.effe-homecare.eu\/it\/ad-phs\/","og_locale":"it_IT","og_type":"article","og_title":"Ad-PHS - EFFE","og_description":"Il progetto Il progetto AD-PHS intendeva dare vita ad una piattaforma unica di sostegno, orientamento e consiglio per le autorit\u00e0 europee relativamente allo sviluppo di politiche pubbliche settoriali nell\u2019ambito dei servizi alle famiglie a domicilio. Concretamente, il progetto ha permesso di organizzare 21 workshop e seminari nazionali in diversi stati membri per consentire la condivisione [&hellip;]","og_url":"https:\/\/www.effe-homecare.eu\/it\/ad-phs\/","og_site_name":"EFFE","article_modified_time":"2024-02-09T16:55:16+00:00","og_image":[{"url":"https:\/\/www.effe-homecare.eu\/wp-content\/uploads\/2023\/07\/effe-homecare-logo-adphs-3.png","type":"","width":"","height":""}],"twitter_card":"summary_large_image","twitter_misc":{"Tempo di lettura stimato":"3 minuti"},"schema":{"@context":"https:\/\/schema.org","@graph":[{"@type":"WebPage","@id":"https:\/\/www.effe-homecare.eu\/it\/ad-phs\/","url":"https:\/\/www.effe-homecare.eu\/it\/ad-phs\/","name":"Ad-PHS - EFFE","isPartOf":{"@id":"https:\/\/www.effe-homecare.eu\/it\/#website"},"primaryImageOfPage":{"@id":"https:\/\/www.effe-homecare.eu\/it\/ad-phs\/#primaryimage"},"image":{"@id":"https:\/\/www.effe-homecare.eu\/it\/ad-phs\/#primaryimage"},"thumbnailUrl":"https:\/\/www.effe-homecare.eu\/wp-content\/uploads\/2023\/07\/effe-homecare-logo-adphs-3.png","datePublished":"2024-02-09T16:55:15+00:00","dateModified":"2024-02-09T16:55:16+00:00","breadcrumb":{"@id":"https:\/\/www.effe-homecare.eu\/it\/ad-phs\/#breadcrumb"},"inLanguage":"it-IT","potentialAction":[{"@type":"ReadAction","target":["https:\/\/www.effe-homecare.eu\/it\/ad-phs\/"]}]},{"@type":"ImageObject","inLanguage":"it-IT","@id":"https:\/\/www.effe-homecare.eu\/it\/ad-phs\/#primaryimage","url":"https:\/\/www.effe-homecare.eu\/wp-content\/uploads\/2023\/07\/effe-homecare-logo-adphs-3.png","contentUrl":"https:\/\/www.effe-homecare.eu\/wp-content\/uploads\/2023\/07\/effe-homecare-logo-adphs-3.png"},{"@type":"BreadcrumbList","@id":"https:\/\/www.effe-homecare.eu\/it\/ad-phs\/#breadcrumb","itemListElement":[{"@type":"ListItem","position":1,"name":"","item":"https:\/\/www.effe-homecare.eu\/it\/"},{"@type":"ListItem","position":2,"name":"Ad-PHS"}]},{"@type":"WebSite","@id":"https:\/\/www.effe-homecare.eu\/it\/#website","url":"https:\/\/www.effe-homecare.eu\/it\/","name":"EFFE","description":"F\u00e9d\u00e9ration Europ\u00e9enne des Emplois et de la Famille","potentialAction":[{"@type":"SearchAction","target":{"@type":"EntryPoint","urlTemplate":"https:\/\/www.effe-homecare.eu\/it\/?s={search_term_string}"},"query-input":{"@type":"PropertyValueSpecification","valueRequired":true,"valueName":"search_term_string"}}],"inLanguage":"it-IT"}]}},"_links":{"self":[{"href":"https:\/\/www.effe-homecare.eu\/it\/wp-json\/wp\/v2\/pages\/7732","targetHints":{"allow":["GET"]}}],"collection":[{"href":"https:\/\/www.effe-homecare.eu\/it\/wp-json\/wp\/v2\/pages"}],"about":[{"href":"https:\/\/www.effe-homecare.eu\/it\/wp-json\/wp\/v2\/types\/page"}],"author":[{"embeddable":true,"href":"https:\/\/www.effe-homecare.eu\/it\/wp-json\/wp\/v2\/users\/6"}],"replies":[{"embeddable":true,"href":"https:\/\/www.effe-homecare.eu\/it\/wp-json\/wp\/v2\/comments?post=7732"}],"version-history":[{"count":2,"href":"https:\/\/www.effe-homecare.eu\/it\/wp-json\/wp\/v2\/pages\/7732\/revisions"}],"predecessor-version":[{"id":7734,"href":"https:\/\/www.effe-homecare.eu\/it\/wp-json\/wp\/v2\/pages\/7732\/revisions\/7734"}],"wp:attachment":[{"href":"https:\/\/www.effe-homecare.eu\/it\/wp-json\/wp\/v2\/media?parent=7732"}],"curies":[{"name":"wp","href":"https:\/\/api.w.org\/{rel}","templated":true}]}}