{"id":7722,"date":"2024-02-09T17:46:25","date_gmt":"2024-02-09T16:46:25","guid":{"rendered":"https:\/\/www.effe-homecare.eu\/?page_id=7722"},"modified":"2024-02-09T17:46:26","modified_gmt":"2024-02-09T16:46:26","slug":"transval-eu","status":"publish","type":"page","link":"https:\/\/www.effe-homecare.eu\/it\/transval-eu\/","title":{"rendered":"TRANSVAL-EU"},"content":{"rendered":"<div class=\"wp-block-image\">\n<figure class=\"aligncenter size-full\"><img loading=\"lazy\" decoding=\"async\" width=\"620\" height=\"250\" src=\"https:\/\/www.effe-homecare.eu\/wp-content\/uploads\/2023\/07\/effe-homecare-logo-transval-1.png\" alt=\"\" class=\"wp-image-5797\" srcset=\"https:\/\/www.effe-homecare.eu\/wp-content\/uploads\/2023\/07\/effe-homecare-logo-transval-1.png 620w, https:\/\/www.effe-homecare.eu\/wp-content\/uploads\/2023\/07\/effe-homecare-logo-transval-1-300x121.png 300w, https:\/\/www.effe-homecare.eu\/wp-content\/uploads\/2023\/07\/effe-homecare-logo-transval-1-100x40.png 100w, https:\/\/www.effe-homecare.eu\/wp-content\/uploads\/2023\/07\/effe-homecare-logo-transval-1-60x24.png 60w\" sizes=\"auto, (max-width: 620px) 100vw, 620px\" \/><\/figure>\n<\/div>\n\n\n<h3 class=\"wp-block-heading\"><strong>Il progetto<\/strong><\/h3>\n\n\n\n<p>Le competenze trasversali sono una parte implicita degli esistenti percorsi di convalida e orientamento: lo scopo di <a href=\"https:\/\/www.transvalproject.eu\/it\/\">TRANSVAL-EU<\/a> \u00e8 sperimentare modi per rendere pi\u00f9 esplicite le competenze in questione ed inserire quanto appreso nei dispositivi di convalida e orientamento. TRANSVAL-EU propone approcci innovativi per la convalida di competenze trasversali acquisite tramite l\u2019apprendimento non formale ed informale (VNFIL), che saranno oggetto di test in cinque paesi pilota: Austria, Belgio, Italia, Lituania e Polonia. TRANSVAL-EU, tramite attivit\u00e0 di capacity building, si prefigge l\u2019obiettivo di sensibilizzare gli operatori responsabili della valutazione, i consulenti e gli addetti all\u2019orientamento professionale e di ampliare le loro conoscenze in materia di competenze trasversali. Il progetto rafforza la cooperazione transettoriale tra addetti ai lavori, politici e altri attori al fine di costruire dei sistemi VNFIL coerenti. Questo progetto \u00e8 co-finanziato da Erasmus+ KA3 sostegno alle riforme politiche \u2013 Sperimentazioni di politiche.<\/p>\n\n\n\n<h3 class=\"wp-block-heading\">Durata<\/h3>\n\n\n\n<p>Dal 1\u00b0 marzo 2021 al 31 agosto 2023<\/p>\n\n\n\n<h3 class=\"wp-block-heading\"><strong>Partner<\/strong><\/h3>\n\n\n\n<ul class=\"wp-block-list\">\n<li>Coordinatore: Ministero federale dell\u2019istruzione, della scienza e della ricerca tramite l\u2019agenzia austriaca per l\u2019istruzione e l\u2019internazionalizzazione (<a href=\"https:\/\/oead.at\/en\/\">OeAD<\/a>), Austria<\/li>\n\n\n\n<li>Consorzio per la convalida delle competenze (<a href=\"https:\/\/www.validationdescompetences.be\/\">CVDC<\/a>), Belgio<\/li>\n\n\n\n<li>Centro di sviluppo per le qualifiche, l\u2019istruzione professionale e la formazione (<a href=\"https:\/\/www.kpmpc.lt\/kpmpc\/en\/\">KPMPC<\/a>), Lituania<\/li>\n\n\n\n<li>Agenzia regionale umbra per le politiche attive del lavoro (<a href=\"https:\/\/www.arpalumbria.it\/\">ARPAL<\/a>), Italia<\/li>\n\n\n\n<li>Piattaforma per l\u2019apprendimento continuo (<a href=\"http:\/\/lllplatform.eu\/\">LLLP<\/a>), Belgio<\/li>\n\n\n\n<li>Istituto europeo dell\u2019istruzione e della politica sociale (<a href=\"https:\/\/www.eiesp.org\/\">EIESP<\/a>), Francia<\/li>\n\n\n\n<li>Istituto di ricerca per l\u2019istruzione (<a href=\"https:\/\/www.ibe.edu.pl\/en\/\">IBE<\/a>), Polonia<\/li>\n\n\n\n<li>Laboratorio di ricerca 3s (<a href=\"https:\/\/3s.co.at\/en\/\">3s<\/a>), Austria<\/li>\n\n\n\n<li>Universit\u00e0 Libera di Bruxelles (<a href=\"https:\/\/www.vub.be\/en\">VUB<\/a>), Belgio<\/li>\n\n\n\n<li>Rete Nordica per la formazione degli adulti (<a href=\"https:\/\/nvl.org\/\">NVL<\/a>), Danimarca<\/li>\n\n\n\n<li>Sindacato lituano per l\u2019istruzione e la scienza (<a href=\"https:\/\/www.svietimoprofsajunga.lt\/?fbclid=IwAR2U1JUdTtEHqMTk3C1STxUlEhXOuZsVZXlMRw3zYe87QfuIO47DIvgMAE0\">LESTU<\/a>), Lituania<\/li>\n\n\n\n<li><a href=\"https:\/\/all-digital.org\/\">ALL DIGITAL<\/a>, Belgio<\/li>\n\n\n\n<li><a href=\"https:\/\/www.azione.com\/?lang=en\">FORMA.Azione<\/a>, Italia<\/li>\n\n\n\n<li><a href=\"https:\/\/www.pluriversum.eu\/\">Pluriversum<\/a>, Italia<\/li>\n\n\n\n<li>Camera del lavoro di Salisburgo (<a href=\"https:\/\/sbg.arbeiterkammer.at\/index.html\">AK Salzburg<\/a>), Austria<\/li>\n\n\n\n<li>Istituto Austriaco di ricerca per la formazione professionale (<a href=\"https:\/\/oeibf.at\/en\/\">\u00f6ibf<\/a>), Austria<\/li>\n<\/ul>\n\n\n\n<h3 class=\"wp-block-heading\">Obiettivi concreti<\/h3>\n\n\n\n<ul class=\"wp-block-list\">\n<li><a href=\"https:\/\/www.effe-homecare.eu\/en\/publication\/base-de-recherche-de-bonnes-pratiques-sur-la-validation-des-competences-transversales\/\">un database di ricerca sulle buoni prassi di convalida delle competenze trasversali<\/a><\/li>\n\n\n\n<li><a href=\"https:\/\/www.effe-homecare.eu\/en\/publication\/un-ensemble-de-boites-a-outils-et-de-programmes-de-formation-pour-les-praticiens-de-la-validation-lorientation\/\">strumenti e programmi di formazione per gli addetti alla convalida e all\u2019orientamento<\/a><\/li>\n\n\n\n<li><a href=\"https:\/\/www.effe-homecare.eu\/en\/publication\/profils-de-competences-standardises\/\">profili di competenze standard per gli addetti alla convalida e all\u2019orientamento con attenzione specifica alle competenze trasversali<\/a><\/li>\n<\/ul>\n","protected":false},"excerpt":{"rendered":"<p>Il progetto Le competenze trasversali sono una parte implicita degli esistenti percorsi di convalida e orientamento: lo scopo di TRANSVAL-EU \u00e8 sperimentare modi per rendere pi\u00f9 esplicite le competenze in questione ed inserire quanto appreso nei dispositivi di convalida e orientamento. TRANSVAL-EU propone approcci innovativi per la convalida di competenze trasversali acquisite tramite l\u2019apprendimento non [&hellip;]<\/p>\n","protected":false},"author":6,"featured_media":0,"parent":0,"menu_order":36,"comment_status":"closed","ping_status":"closed","template":"","meta":{"_acf_changed":false,"_monsterinsights_skip_tracking":false,"_monsterinsights_sitenote_active":false,"_monsterinsights_sitenote_note":"","_monsterinsights_sitenote_category":0,"footnotes":""},"class_list":["post-7722","page","type-page","status-publish","hentry"],"acf":[],"yoast_head":"<!-- This site is optimized with the Yoast SEO plugin v27.3 - https:\/\/yoast.com\/product\/yoast-seo-wordpress\/ -->\n<title>TRANSVAL-EU - EFFE<\/title>\n<meta name=\"robots\" content=\"index, follow, max-snippet:-1, max-image-preview:large, max-video-preview:-1\" \/>\n<link rel=\"canonical\" href=\"https:\/\/www.effe-homecare.eu\/it\/transval-eu\/\" \/>\n<meta property=\"og:locale\" content=\"it_IT\" \/>\n<meta property=\"og:type\" content=\"article\" \/>\n<meta property=\"og:title\" content=\"TRANSVAL-EU - EFFE\" \/>\n<meta property=\"og:description\" content=\"Il progetto Le competenze trasversali sono una parte implicita degli esistenti percorsi di convalida e orientamento: lo scopo di TRANSVAL-EU \u00e8 sperimentare modi per rendere pi\u00f9 esplicite le competenze in questione ed inserire quanto appreso nei dispositivi di convalida e orientamento. TRANSVAL-EU propone approcci innovativi per la convalida di competenze trasversali acquisite tramite l\u2019apprendimento non [&hellip;]\" \/>\n<meta property=\"og:url\" content=\"https:\/\/www.effe-homecare.eu\/it\/transval-eu\/\" \/>\n<meta property=\"og:site_name\" content=\"EFFE\" \/>\n<meta property=\"article:modified_time\" content=\"2024-02-09T16:46:26+00:00\" \/>\n<meta property=\"og:image\" content=\"https:\/\/www.effe-homecare.eu\/wp-content\/uploads\/2023\/07\/effe-homecare-logo-transval-1.png\" \/>\n<meta name=\"twitter:card\" content=\"summary_large_image\" \/>\n<meta name=\"twitter:label1\" content=\"Tempo di lettura stimato\" \/>\n\t<meta name=\"twitter:data1\" content=\"2 minuti\" \/>\n<script type=\"application\/ld+json\" class=\"yoast-schema-graph\">{\"@context\":\"https:\\\/\\\/schema.org\",\"@graph\":[{\"@type\":\"WebPage\",\"@id\":\"https:\\\/\\\/www.effe-homecare.eu\\\/it\\\/transval-eu\\\/\",\"url\":\"https:\\\/\\\/www.effe-homecare.eu\\\/it\\\/transval-eu\\\/\",\"name\":\"TRANSVAL-EU - EFFE\",\"isPartOf\":{\"@id\":\"https:\\\/\\\/www.effe-homecare.eu\\\/it\\\/#website\"},\"primaryImageOfPage\":{\"@id\":\"https:\\\/\\\/www.effe-homecare.eu\\\/it\\\/transval-eu\\\/#primaryimage\"},\"image\":{\"@id\":\"https:\\\/\\\/www.effe-homecare.eu\\\/it\\\/transval-eu\\\/#primaryimage\"},\"thumbnailUrl\":\"https:\\\/\\\/www.effe-homecare.eu\\\/wp-content\\\/uploads\\\/2023\\\/07\\\/effe-homecare-logo-transval-1.png\",\"datePublished\":\"2024-02-09T16:46:25+00:00\",\"dateModified\":\"2024-02-09T16:46:26+00:00\",\"breadcrumb\":{\"@id\":\"https:\\\/\\\/www.effe-homecare.eu\\\/it\\\/transval-eu\\\/#breadcrumb\"},\"inLanguage\":\"it-IT\",\"potentialAction\":[{\"@type\":\"ReadAction\",\"target\":[\"https:\\\/\\\/www.effe-homecare.eu\\\/it\\\/transval-eu\\\/\"]}]},{\"@type\":\"ImageObject\",\"inLanguage\":\"it-IT\",\"@id\":\"https:\\\/\\\/www.effe-homecare.eu\\\/it\\\/transval-eu\\\/#primaryimage\",\"url\":\"https:\\\/\\\/www.effe-homecare.eu\\\/wp-content\\\/uploads\\\/2023\\\/07\\\/effe-homecare-logo-transval-1.png\",\"contentUrl\":\"https:\\\/\\\/www.effe-homecare.eu\\\/wp-content\\\/uploads\\\/2023\\\/07\\\/effe-homecare-logo-transval-1.png\"},{\"@type\":\"BreadcrumbList\",\"@id\":\"https:\\\/\\\/www.effe-homecare.eu\\\/it\\\/transval-eu\\\/#breadcrumb\",\"itemListElement\":[{\"@type\":\"ListItem\",\"position\":1,\"name\":\"\",\"item\":\"https:\\\/\\\/www.effe-homecare.eu\\\/it\\\/\"},{\"@type\":\"ListItem\",\"position\":2,\"name\":\"TRANSVAL-EU\"}]},{\"@type\":\"WebSite\",\"@id\":\"https:\\\/\\\/www.effe-homecare.eu\\\/it\\\/#website\",\"url\":\"https:\\\/\\\/www.effe-homecare.eu\\\/it\\\/\",\"name\":\"EFFE\",\"description\":\"F\u00e9d\u00e9ration Europ\u00e9enne des Emplois et de la Famille\",\"potentialAction\":[{\"@type\":\"SearchAction\",\"target\":{\"@type\":\"EntryPoint\",\"urlTemplate\":\"https:\\\/\\\/www.effe-homecare.eu\\\/it\\\/?s={search_term_string}\"},\"query-input\":{\"@type\":\"PropertyValueSpecification\",\"valueRequired\":true,\"valueName\":\"search_term_string\"}}],\"inLanguage\":\"it-IT\"}]}<\/script>\n<!-- \/ Yoast SEO plugin. -->","yoast_head_json":{"title":"TRANSVAL-EU - EFFE","robots":{"index":"index","follow":"follow","max-snippet":"max-snippet:-1","max-image-preview":"max-image-preview:large","max-video-preview":"max-video-preview:-1"},"canonical":"https:\/\/www.effe-homecare.eu\/it\/transval-eu\/","og_locale":"it_IT","og_type":"article","og_title":"TRANSVAL-EU - EFFE","og_description":"Il progetto Le competenze trasversali sono una parte implicita degli esistenti percorsi di convalida e orientamento: lo scopo di TRANSVAL-EU \u00e8 sperimentare modi per rendere pi\u00f9 esplicite le competenze in questione ed inserire quanto appreso nei dispositivi di convalida e orientamento. TRANSVAL-EU propone approcci innovativi per la convalida di competenze trasversali acquisite tramite l\u2019apprendimento non [&hellip;]","og_url":"https:\/\/www.effe-homecare.eu\/it\/transval-eu\/","og_site_name":"EFFE","article_modified_time":"2024-02-09T16:46:26+00:00","og_image":[{"url":"https:\/\/www.effe-homecare.eu\/wp-content\/uploads\/2023\/07\/effe-homecare-logo-transval-1.png","type":"","width":"","height":""}],"twitter_card":"summary_large_image","twitter_misc":{"Tempo di lettura stimato":"2 minuti"},"schema":{"@context":"https:\/\/schema.org","@graph":[{"@type":"WebPage","@id":"https:\/\/www.effe-homecare.eu\/it\/transval-eu\/","url":"https:\/\/www.effe-homecare.eu\/it\/transval-eu\/","name":"TRANSVAL-EU - EFFE","isPartOf":{"@id":"https:\/\/www.effe-homecare.eu\/it\/#website"},"primaryImageOfPage":{"@id":"https:\/\/www.effe-homecare.eu\/it\/transval-eu\/#primaryimage"},"image":{"@id":"https:\/\/www.effe-homecare.eu\/it\/transval-eu\/#primaryimage"},"thumbnailUrl":"https:\/\/www.effe-homecare.eu\/wp-content\/uploads\/2023\/07\/effe-homecare-logo-transval-1.png","datePublished":"2024-02-09T16:46:25+00:00","dateModified":"2024-02-09T16:46:26+00:00","breadcrumb":{"@id":"https:\/\/www.effe-homecare.eu\/it\/transval-eu\/#breadcrumb"},"inLanguage":"it-IT","potentialAction":[{"@type":"ReadAction","target":["https:\/\/www.effe-homecare.eu\/it\/transval-eu\/"]}]},{"@type":"ImageObject","inLanguage":"it-IT","@id":"https:\/\/www.effe-homecare.eu\/it\/transval-eu\/#primaryimage","url":"https:\/\/www.effe-homecare.eu\/wp-content\/uploads\/2023\/07\/effe-homecare-logo-transval-1.png","contentUrl":"https:\/\/www.effe-homecare.eu\/wp-content\/uploads\/2023\/07\/effe-homecare-logo-transval-1.png"},{"@type":"BreadcrumbList","@id":"https:\/\/www.effe-homecare.eu\/it\/transval-eu\/#breadcrumb","itemListElement":[{"@type":"ListItem","position":1,"name":"","item":"https:\/\/www.effe-homecare.eu\/it\/"},{"@type":"ListItem","position":2,"name":"TRANSVAL-EU"}]},{"@type":"WebSite","@id":"https:\/\/www.effe-homecare.eu\/it\/#website","url":"https:\/\/www.effe-homecare.eu\/it\/","name":"EFFE","description":"F\u00e9d\u00e9ration Europ\u00e9enne des Emplois et de la Famille","potentialAction":[{"@type":"SearchAction","target":{"@type":"EntryPoint","urlTemplate":"https:\/\/www.effe-homecare.eu\/it\/?s={search_term_string}"},"query-input":{"@type":"PropertyValueSpecification","valueRequired":true,"valueName":"search_term_string"}}],"inLanguage":"it-IT"}]}},"_links":{"self":[{"href":"https:\/\/www.effe-homecare.eu\/it\/wp-json\/wp\/v2\/pages\/7722","targetHints":{"allow":["GET"]}}],"collection":[{"href":"https:\/\/www.effe-homecare.eu\/it\/wp-json\/wp\/v2\/pages"}],"about":[{"href":"https:\/\/www.effe-homecare.eu\/it\/wp-json\/wp\/v2\/types\/page"}],"author":[{"embeddable":true,"href":"https:\/\/www.effe-homecare.eu\/it\/wp-json\/wp\/v2\/users\/6"}],"replies":[{"embeddable":true,"href":"https:\/\/www.effe-homecare.eu\/it\/wp-json\/wp\/v2\/comments?post=7722"}],"version-history":[{"count":2,"href":"https:\/\/www.effe-homecare.eu\/it\/wp-json\/wp\/v2\/pages\/7722\/revisions"}],"predecessor-version":[{"id":7724,"href":"https:\/\/www.effe-homecare.eu\/it\/wp-json\/wp\/v2\/pages\/7722\/revisions\/7724"}],"wp:attachment":[{"href":"https:\/\/www.effe-homecare.eu\/it\/wp-json\/wp\/v2\/media?parent=7722"}],"curies":[{"name":"wp","href":"https:\/\/api.w.org\/{rel}","templated":true}]}}