{"id":6080,"date":"2023-05-30T10:33:43","date_gmt":"2023-05-30T08:33:43","guid":{"rendered":"https:\/\/www.effe-homecare.eu\/landing-10-ans\/"},"modified":"2023-09-15T12:57:27","modified_gmt":"2023-09-15T10:57:27","slug":"landing-10-ans","status":"publish","type":"page","link":"https:\/\/www.effe-homecare.eu\/it\/landing-10-ans\/","title":{"rendered":"Landing 10 ans"},"content":{"rendered":"\n<div class=\"wp-block-columns alignwide are-vertically-aligned-center is-layout-flex wp-container-core-columns-is-layout-9d6595d7 wp-block-columns-is-layout-flex\">\n<div class=\"wp-block-column is-vertically-aligned-center is-layout-flow wp-block-column-is-layout-flow\"><div class=\"wp-block-image\">\n<figure class=\"aligncenter size-full is-resized\"><img loading=\"lazy\" decoding=\"async\" src=\"https:\/\/www.effe-homecare.eu\/wp-content\/uploads\/2023\/09\/EYS_logo_RGB1-1.png\" alt=\"\" class=\"wp-image-6072\" width=\"179\" height=\"125\" srcset=\"https:\/\/www.effe-homecare.eu\/wp-content\/uploads\/2023\/09\/EYS_logo_RGB1-1.png 716w, https:\/\/www.effe-homecare.eu\/wp-content\/uploads\/2023\/09\/EYS_logo_RGB1-1-300x209.png 300w, https:\/\/www.effe-homecare.eu\/wp-content\/uploads\/2023\/09\/EYS_logo_RGB1-1-645x455.png 645w, https:\/\/www.effe-homecare.eu\/wp-content\/uploads\/2023\/09\/EYS_logo_RGB1-1-100x70.png 100w, https:\/\/www.effe-homecare.eu\/wp-content\/uploads\/2023\/09\/EYS_logo_RGB1-1-60x42.png 60w\" sizes=\"auto, (max-width: 179px) 100vw, 179px\" \/><\/figure>\n<\/div><\/div>\n\n\n\n<div class=\"wp-block-column is-vertically-aligned-center is-layout-flow wp-block-column-is-layout-flow\"><div class=\"wp-block-image\">\n<figure class=\"aligncenter size-full is-resized\"><img loading=\"lazy\" decoding=\"async\" src=\"https:\/\/www.effe-homecare.eu\/wp-content\/uploads\/2023\/09\/EP_Logo-Patronage_Standard_FC_EN_RGB-1.png\" alt=\"\" class=\"wp-image-6075\" width=\"235\" height=\"125\" srcset=\"https:\/\/www.effe-homecare.eu\/wp-content\/uploads\/2023\/09\/EP_Logo-Patronage_Standard_FC_EN_RGB-1.png 939w, https:\/\/www.effe-homecare.eu\/wp-content\/uploads\/2023\/09\/EP_Logo-Patronage_Standard_FC_EN_RGB-1-300x160.png 300w, https:\/\/www.effe-homecare.eu\/wp-content\/uploads\/2023\/09\/EP_Logo-Patronage_Standard_FC_EN_RGB-1-768x409.png 768w, https:\/\/www.effe-homecare.eu\/wp-content\/uploads\/2023\/09\/EP_Logo-Patronage_Standard_FC_EN_RGB-1-100x53.png 100w, https:\/\/www.effe-homecare.eu\/wp-content\/uploads\/2023\/09\/EP_Logo-Patronage_Standard_FC_EN_RGB-1-60x32.png 60w\" sizes=\"auto, (max-width: 235px) 100vw, 235px\" \/><\/figure>\n<\/div><\/div>\n<\/div>\n\n\n\n<div class=\"wp-block-columns alignwide is-layout-flex wp-container-core-columns-is-layout-9d6595d7 wp-block-columns-is-layout-flex\">\n<div class=\"wp-block-column is-layout-flow wp-block-column-is-layout-flow\">\n<h2 class=\"wp-block-heading has-bleu-dark-color has-text-color\">10th anniversary<\/h2>\n\n\n\n<p>In the context of its 10th anniversary, the European Federation for Family Employment and Homecare organizes the <em>Domestic &amp; home care EU Congress<\/em>, which will be held on the 14th of November 2023 in <em>The EGG<\/em> in Brussels. The objective of this event is to highlight the Domestic &amp; homecare sector by bringing together stakeholders in order to discuss challenges faced by these workers and European households and propose concrete solutions in the framework of the upcoming EU elections.&nbsp;<\/p>\n\n\n    <div  class=\"button-block\" >\n        <a href=\"#register-now-form\" target=\"\" title=\"Contact\" class=\"bouton-block__container\">\n            <i class=\"fa-classic fa-light fa-envelope\"><\/i>\n            Contact        <\/a>\n    <\/div>\n<\/div>\n\n\n\n<div class=\"wp-block-column is-layout-flow wp-block-column-is-layout-flow\"><div class=\"wp-block-image\">\n<figure class=\"alignright size-large is-resized\"><img loading=\"lazy\" decoding=\"async\" src=\"https:\/\/www.effe-homecare.eu\/wp-content\/uploads\/2023\/07\/AdobeStock_210659744-1-1024x692.jpeg\" alt=\" \" class=\"wp-image-5696\" width=\"604\" height=\"408\" srcset=\"https:\/\/www.effe-homecare.eu\/wp-content\/uploads\/2023\/07\/AdobeStock_210659744-1-1024x692.jpeg 1024w, https:\/\/www.effe-homecare.eu\/wp-content\/uploads\/2023\/07\/AdobeStock_210659744-1-300x203.jpeg 300w, https:\/\/www.effe-homecare.eu\/wp-content\/uploads\/2023\/07\/AdobeStock_210659744-1-768x519.jpeg 768w, https:\/\/www.effe-homecare.eu\/wp-content\/uploads\/2023\/07\/AdobeStock_210659744-1-1536x1037.jpeg 1536w, https:\/\/www.effe-homecare.eu\/wp-content\/uploads\/2023\/07\/AdobeStock_210659744-1-2048x1383.jpeg 2048w, https:\/\/www.effe-homecare.eu\/wp-content\/uploads\/2023\/07\/AdobeStock_210659744-1-100x68.jpeg 100w, https:\/\/www.effe-homecare.eu\/wp-content\/uploads\/2023\/07\/AdobeStock_210659744-1-60x41.jpeg 60w\" sizes=\"auto, (max-width: 604px) 100vw, 604px\" \/><\/figure>\n<\/div><\/div>\n<\/div>\n\n\n\n<div  class=\"dl-doc-block alignwide\" >\n        <div class=\"dl-doc-block__container\">\n        <div class=\"dl-doc-block__subcontainer\">\n            <div class=\"dl-block-left\">\n                                        <svg xmlns=\"http:\/\/www.w3.org\/2000\/svg\" viewBox=\"0 0 448 512\" fill=\"white\" width=\"52\" height=\"60\">\n                            <path class=\"fa-secondary\" opacity=\".4\" d=\"\" \/>\n                            <path class=\"fa-primary\" d=\"M443.3 267.3c6.2-6.2 6.2-16.4 0-22.6l-176-176c-6.2-6.2-16.4-6.2-22.6 0s-6.2 16.4 0 22.6L393.4 240 16 240c-8.8 0-16 7.2-16 16s7.2 16 16 16l377.4 0L244.7 420.7c-6.2 6.2-6.2 16.4 0 22.6s16.4 6.2 22.6 0l176-176z\" \/>\n                        <\/svg>\n                            <\/div>\n                                    <div class=\"dl-block-right\">\n            <!-- <div class=\"dl-block-right \"> -->\n                <div class=\"dl-block-right__text\">\n                    <span class=\"dl-block-right__text-title\">Program<\/span>\n                                            <p class=\"dl-block-right__text-baseline\">The conference agenda will be made available soon.<\/p>\n                                    <\/div>\n                            <\/div>\n        <\/div>\n    <\/div>\n<\/div>\n\n\n\n\n<div class=\"wp-block-columns alignwide is-layout-flex wp-container-core-columns-is-layout-9d6595d7 wp-block-columns-is-layout-flex\">\n<div class=\"wp-block-column is-layout-flow wp-block-column-is-layout-flow\">\n<figure class=\"wp-block-image size-large\"><img loading=\"lazy\" decoding=\"async\" width=\"1024\" height=\"683\" src=\"https:\/\/www.effe-homecare.eu\/wp-content\/uploads\/2023\/07\/AdobeStock_140138608-1024x683.jpeg\" alt=\"\" class=\"wp-image-5701\" srcset=\"https:\/\/www.effe-homecare.eu\/wp-content\/uploads\/2023\/07\/AdobeStock_140138608-1024x683.jpeg 1024w, https:\/\/www.effe-homecare.eu\/wp-content\/uploads\/2023\/07\/AdobeStock_140138608-300x200.jpeg 300w, https:\/\/www.effe-homecare.eu\/wp-content\/uploads\/2023\/07\/AdobeStock_140138608-768x512.jpeg 768w, https:\/\/www.effe-homecare.eu\/wp-content\/uploads\/2023\/07\/AdobeStock_140138608-1536x1024.jpeg 1536w, https:\/\/www.effe-homecare.eu\/wp-content\/uploads\/2023\/07\/AdobeStock_140138608-2048x1365.jpeg 2048w, https:\/\/www.effe-homecare.eu\/wp-content\/uploads\/2023\/07\/AdobeStock_140138608-100x67.jpeg 100w, https:\/\/www.effe-homecare.eu\/wp-content\/uploads\/2023\/07\/AdobeStock_140138608-60x40.jpeg 60w\" sizes=\"auto, (max-width: 1024px) 100vw, 1024px\" \/><\/figure>\n<\/div>\n\n\n\n<div class=\"wp-block-column is-layout-flow wp-block-column-is-layout-flow\">\n<h2 class=\"wp-block-heading has-bleu-dark-color has-text-color\">Unique employment relationship<\/h2>\n\n\n\n<p>When we talk about direct employment at home, we are referring to a unique employment relationship between households as employers and domestic &amp; home care workers within their home. It is a powerful mean to adress demographic changes, active aging, work-life balance. Plenty of issues that will be discussed all along the event : three thematic panels which will gather EU and national experts.<\/p>\n<\/div>\n<\/div>\n\n\n    <div  class=\"text-two-columns alignwide text-two-columns-bg\" >\n        <div class=\"text-two-columns__container\" style=\"background-color: #F17800; background-image: url('https:\/\/www.effe-homecare.eu\/wp-content\/uploads\/2023\/05\/logo_effe_bg.svg');\">\n            <h2 class=\"text-two-columns__title\">EFFE celebrates its anniversary in a context of social and societal changes<\/h2>\n            <div class=\"is-style-two-columns\">\n                <p><span class=\"ui-provider fz b c d e f g h i j k l m n o p q r s t u v w x y z ab ac ae af ag ah ai aj ak\" dir=\"ltr\">This is why on the 14th of November, EFFE is bringing together its political and civil society partners to discuss the many challenges of the sector: strengthening attractiveness, tied to demographic issues in the framework of the European Year of Skills or the improvement of working conditions through effective social dialogue.<\/span><\/p>\n            <\/div>\n        <\/div>\n    <\/div>\n\n\n\n<div  class=\"dl-doc-block alignfull dl-doc-block-full\" >\n        <div class=\"dl-doc-block__container\">\n        <div class=\"dl-doc-block__subcontainer\">\n            <div class=\"dl-block-left\">\n                                        <svg xmlns=\"http:\/\/www.w3.org\/2000\/svg\" viewBox=\"0 0 448 512\" fill=\"white\" width=\"52\" height=\"60\">\n                            <path class=\"fa-secondary\" opacity=\".4\" d=\"\" \/>\n                            <path class=\"fa-primary\" d=\"M443.3 267.3c6.2-6.2 6.2-16.4 0-22.6l-176-176c-6.2-6.2-16.4-6.2-22.6 0s-6.2 16.4 0 22.6L393.4 240 16 240c-8.8 0-16 7.2-16 16s7.2 16 16 16l377.4 0L244.7 420.7c-6.2 6.2-6.2 16.4 0 22.6s16.4 6.2 22.6 0l176-176z\" \/>\n                        <\/svg>\n                            <\/div>\n                        <div class=\"dl-block-right\">\n            <!-- <div class=\"dl-block-right dl-block-right__full\"> -->\n                <div class=\"dl-block-right__text\">\n                    <span class=\"dl-block-right__text-title\">Venue access<\/span>\n                                            <p class=\"dl-block-right__text-baseline\">The conference will be held at the EGG. A map of the conference venue with transport information is available<\/p>\n                                    <\/div>\n                                    <div class=\"dl-block-right__file\">\n                        <a href=\"https:\/\/www.theeggbrussels.com\/wp-content\/uploads\/2019\/12\/The-EGG-Brussels-Acces-Plan.pdf\" target=\"_blank\" class=\"dl-block-right__file-link\">\n                            Venue access                        <\/a>\n                    <\/div>\n                            <\/div>\n        <\/div>\n    <\/div>\n<\/div>\n\n","protected":false},"excerpt":{"rendered":"<p>10th anniversary In the context of its 10th anniversary, the European Federation for Family Employment and Homecare organizes the Domestic &amp; home care EU Congress, which will be held on the 14th of November 2023 in The EGG in Brussels. The objective of this event is to highlight the Domestic &amp; homecare sector by bringing [&hellip;]<\/p>\n","protected":false},"author":1,"featured_media":0,"parent":0,"menu_order":42,"comment_status":"closed","ping_status":"closed","template":"page-templates\/landing-dix-ans.php","meta":{"_acf_changed":false,"_monsterinsights_skip_tracking":false,"_monsterinsights_sitenote_active":false,"_monsterinsights_sitenote_note":"","_monsterinsights_sitenote_category":0,"footnotes":""},"class_list":["post-6080","page","type-page","status-publish","hentry"],"acf":[],"yoast_head":"<!-- This site is optimized with the Yoast SEO plugin v27.3 - https:\/\/yoast.com\/product\/yoast-seo-wordpress\/ -->\n<title>Landing 10 ans - EFFE<\/title>\n<meta name=\"robots\" content=\"index, follow, max-snippet:-1, max-image-preview:large, max-video-preview:-1\" \/>\n<link rel=\"canonical\" href=\"https:\/\/www.effe-homecare.eu\/it\/landing-10-ans\/\" \/>\n<meta property=\"og:locale\" content=\"it_IT\" \/>\n<meta property=\"og:type\" content=\"article\" \/>\n<meta property=\"og:title\" content=\"Landing 10 ans - EFFE\" \/>\n<meta property=\"og:description\" content=\"10th anniversary In the context of its 10th anniversary, the European Federation for Family Employment and Homecare organizes the Domestic &amp; home care EU Congress, which will be held on the 14th of November 2023 in The EGG in Brussels. The objective of this event is to highlight the Domestic &amp; homecare sector by bringing [&hellip;]\" \/>\n<meta property=\"og:url\" content=\"https:\/\/www.effe-homecare.eu\/it\/landing-10-ans\/\" \/>\n<meta property=\"og:site_name\" content=\"EFFE\" \/>\n<meta property=\"article:modified_time\" content=\"2023-09-15T10:57:27+00:00\" \/>\n<meta property=\"og:image\" content=\"https:\/\/www.effe-homecare.eu\/wp-content\/uploads\/2023\/09\/EYS_logo_RGB1-1.png\" \/>\n<meta name=\"twitter:card\" content=\"summary_large_image\" \/>\n<meta name=\"twitter:label1\" content=\"Tempo di lettura stimato\" \/>\n\t<meta name=\"twitter:data1\" content=\"2 minuti\" \/>\n<script type=\"application\/ld+json\" class=\"yoast-schema-graph\">{\"@context\":\"https:\\\/\\\/schema.org\",\"@graph\":[{\"@type\":\"WebPage\",\"@id\":\"https:\\\/\\\/www.effe-homecare.eu\\\/it\\\/landing-10-ans\\\/\",\"url\":\"https:\\\/\\\/www.effe-homecare.eu\\\/it\\\/landing-10-ans\\\/\",\"name\":\"Landing 10 ans - EFFE\",\"isPartOf\":{\"@id\":\"https:\\\/\\\/www.effe-homecare.eu\\\/it\\\/#website\"},\"primaryImageOfPage\":{\"@id\":\"https:\\\/\\\/www.effe-homecare.eu\\\/it\\\/landing-10-ans\\\/#primaryimage\"},\"image\":{\"@id\":\"https:\\\/\\\/www.effe-homecare.eu\\\/it\\\/landing-10-ans\\\/#primaryimage\"},\"thumbnailUrl\":\"https:\\\/\\\/www.effe-homecare.eu\\\/wp-content\\\/uploads\\\/2023\\\/09\\\/EYS_logo_RGB1-1.png\",\"datePublished\":\"2023-05-30T08:33:43+00:00\",\"dateModified\":\"2023-09-15T10:57:27+00:00\",\"breadcrumb\":{\"@id\":\"https:\\\/\\\/www.effe-homecare.eu\\\/it\\\/landing-10-ans\\\/#breadcrumb\"},\"inLanguage\":\"it-IT\",\"potentialAction\":[{\"@type\":\"ReadAction\",\"target\":[\"https:\\\/\\\/www.effe-homecare.eu\\\/it\\\/landing-10-ans\\\/\"]}]},{\"@type\":\"ImageObject\",\"inLanguage\":\"it-IT\",\"@id\":\"https:\\\/\\\/www.effe-homecare.eu\\\/it\\\/landing-10-ans\\\/#primaryimage\",\"url\":\"https:\\\/\\\/www.effe-homecare.eu\\\/wp-content\\\/uploads\\\/2023\\\/09\\\/EYS_logo_RGB1-1.png\",\"contentUrl\":\"https:\\\/\\\/www.effe-homecare.eu\\\/wp-content\\\/uploads\\\/2023\\\/09\\\/EYS_logo_RGB1-1.png\"},{\"@type\":\"BreadcrumbList\",\"@id\":\"https:\\\/\\\/www.effe-homecare.eu\\\/it\\\/landing-10-ans\\\/#breadcrumb\",\"itemListElement\":[{\"@type\":\"ListItem\",\"position\":1,\"name\":\"\",\"item\":\"https:\\\/\\\/www.effe-homecare.eu\\\/it\\\/\"},{\"@type\":\"ListItem\",\"position\":2,\"name\":\"Landing 10 ans\"}]},{\"@type\":\"WebSite\",\"@id\":\"https:\\\/\\\/www.effe-homecare.eu\\\/it\\\/#website\",\"url\":\"https:\\\/\\\/www.effe-homecare.eu\\\/it\\\/\",\"name\":\"EFFE\",\"description\":\"F\u00e9d\u00e9ration Europ\u00e9enne des Emplois et de la Famille\",\"potentialAction\":[{\"@type\":\"SearchAction\",\"target\":{\"@type\":\"EntryPoint\",\"urlTemplate\":\"https:\\\/\\\/www.effe-homecare.eu\\\/it\\\/?s={search_term_string}\"},\"query-input\":{\"@type\":\"PropertyValueSpecification\",\"valueRequired\":true,\"valueName\":\"search_term_string\"}}],\"inLanguage\":\"it-IT\"}]}<\/script>\n<!-- \/ Yoast SEO plugin. -->","yoast_head_json":{"title":"Landing 10 ans - EFFE","robots":{"index":"index","follow":"follow","max-snippet":"max-snippet:-1","max-image-preview":"max-image-preview:large","max-video-preview":"max-video-preview:-1"},"canonical":"https:\/\/www.effe-homecare.eu\/it\/landing-10-ans\/","og_locale":"it_IT","og_type":"article","og_title":"Landing 10 ans - EFFE","og_description":"10th anniversary In the context of its 10th anniversary, the European Federation for Family Employment and Homecare organizes the Domestic &amp; home care EU Congress, which will be held on the 14th of November 2023 in The EGG in Brussels. The objective of this event is to highlight the Domestic &amp; homecare sector by bringing [&hellip;]","og_url":"https:\/\/www.effe-homecare.eu\/it\/landing-10-ans\/","og_site_name":"EFFE","article_modified_time":"2023-09-15T10:57:27+00:00","og_image":[{"url":"https:\/\/www.effe-homecare.eu\/wp-content\/uploads\/2023\/09\/EYS_logo_RGB1-1.png","type":"","width":"","height":""}],"twitter_card":"summary_large_image","twitter_misc":{"Tempo di lettura stimato":"2 minuti"},"schema":{"@context":"https:\/\/schema.org","@graph":[{"@type":"WebPage","@id":"https:\/\/www.effe-homecare.eu\/it\/landing-10-ans\/","url":"https:\/\/www.effe-homecare.eu\/it\/landing-10-ans\/","name":"Landing 10 ans - EFFE","isPartOf":{"@id":"https:\/\/www.effe-homecare.eu\/it\/#website"},"primaryImageOfPage":{"@id":"https:\/\/www.effe-homecare.eu\/it\/landing-10-ans\/#primaryimage"},"image":{"@id":"https:\/\/www.effe-homecare.eu\/it\/landing-10-ans\/#primaryimage"},"thumbnailUrl":"https:\/\/www.effe-homecare.eu\/wp-content\/uploads\/2023\/09\/EYS_logo_RGB1-1.png","datePublished":"2023-05-30T08:33:43+00:00","dateModified":"2023-09-15T10:57:27+00:00","breadcrumb":{"@id":"https:\/\/www.effe-homecare.eu\/it\/landing-10-ans\/#breadcrumb"},"inLanguage":"it-IT","potentialAction":[{"@type":"ReadAction","target":["https:\/\/www.effe-homecare.eu\/it\/landing-10-ans\/"]}]},{"@type":"ImageObject","inLanguage":"it-IT","@id":"https:\/\/www.effe-homecare.eu\/it\/landing-10-ans\/#primaryimage","url":"https:\/\/www.effe-homecare.eu\/wp-content\/uploads\/2023\/09\/EYS_logo_RGB1-1.png","contentUrl":"https:\/\/www.effe-homecare.eu\/wp-content\/uploads\/2023\/09\/EYS_logo_RGB1-1.png"},{"@type":"BreadcrumbList","@id":"https:\/\/www.effe-homecare.eu\/it\/landing-10-ans\/#breadcrumb","itemListElement":[{"@type":"ListItem","position":1,"name":"","item":"https:\/\/www.effe-homecare.eu\/it\/"},{"@type":"ListItem","position":2,"name":"Landing 10 ans"}]},{"@type":"WebSite","@id":"https:\/\/www.effe-homecare.eu\/it\/#website","url":"https:\/\/www.effe-homecare.eu\/it\/","name":"EFFE","description":"F\u00e9d\u00e9ration Europ\u00e9enne des Emplois et de la Famille","potentialAction":[{"@type":"SearchAction","target":{"@type":"EntryPoint","urlTemplate":"https:\/\/www.effe-homecare.eu\/it\/?s={search_term_string}"},"query-input":{"@type":"PropertyValueSpecification","valueRequired":true,"valueName":"search_term_string"}}],"inLanguage":"it-IT"}]}},"_links":{"self":[{"href":"https:\/\/www.effe-homecare.eu\/it\/wp-json\/wp\/v2\/pages\/6080","targetHints":{"allow":["GET"]}}],"collection":[{"href":"https:\/\/www.effe-homecare.eu\/it\/wp-json\/wp\/v2\/pages"}],"about":[{"href":"https:\/\/www.effe-homecare.eu\/it\/wp-json\/wp\/v2\/types\/page"}],"author":[{"embeddable":true,"href":"https:\/\/www.effe-homecare.eu\/it\/wp-json\/wp\/v2\/users\/1"}],"replies":[{"embeddable":true,"href":"https:\/\/www.effe-homecare.eu\/it\/wp-json\/wp\/v2\/comments?post=6080"}],"version-history":[{"count":19,"href":"https:\/\/www.effe-homecare.eu\/it\/wp-json\/wp\/v2\/pages\/6080\/revisions"}],"predecessor-version":[{"id":6176,"href":"https:\/\/www.effe-homecare.eu\/it\/wp-json\/wp\/v2\/pages\/6080\/revisions\/6176"}],"wp:attachment":[{"href":"https:\/\/www.effe-homecare.eu\/it\/wp-json\/wp\/v2\/media?parent=6080"}],"curies":[{"name":"wp","href":"https:\/\/api.w.org\/{rel}","templated":true}]}}