{"id":6023,"date":"2020-02-04T15:02:24","date_gmt":"2020-02-04T14:02:24","guid":{"rendered":"https:\/\/www.effe-homecare.eu\/nos-propositions\/"},"modified":"2023-09-11T15:44:22","modified_gmt":"2023-09-11T13:44:22","slug":"le-nostre-proposte","status":"publish","type":"page","link":"https:\/\/www.effe-homecare.eu\/it\/le-nostre-proposte\/","title":{"rendered":"Le nostre proposte"},"content":{"rendered":"<div class=\"effe_propositions\">\n    <div class=\"container\">\n        <div class=\"row\">\n                                        <div class=\"col-md-6\">\n                    <a href=\"https:\/\/www.effe-homecare.eu\/it\/proposition\/highlight-the-economic-weight-and-social-stakes-of-home-employment-between-citizens\/\" class=\"is-item is-item-1\">\n                        <div class=\"is-number\">\n                            1                        <\/div>\n                        <div class=\"is-title\">\n                            Highlight the economic weight and social stakes of home employment between citizens                        <\/div>\n                        <div class=\"is-link\">\n                            Read more                        <\/div>\n                    <\/a>\n                <\/div>\n                            <div class=\"col-md-6\">\n                    <a href=\"https:\/\/www.effe-homecare.eu\/it\/proposition\/encourage-a-constructive-european-social-dialogue-on-the-family-employment-sector\/\" class=\"is-item is-item-2\">\n                        <div class=\"is-number\">\n                            2                        <\/div>\n                        <div class=\"is-title\">\n                            Encourage a constructive European social dialogue on the family employment sector                        <\/div>\n                        <div class=\"is-link\">\n                            Read more                        <\/div>\n                    <\/a>\n                <\/div>\n                            <div class=\"col-md-6\">\n                    <a href=\"https:\/\/www.effe-homecare.eu\/it\/proposition\/identify-the-specific-characteristics-of-home-employment-in-the-definition-of-the-regulations-on-social-protection\/\" class=\"is-item is-item-3\">\n                        <div class=\"is-number\">\n                            3                        <\/div>\n                        <div class=\"is-title\">\n                            Identify the specific characteristics of home employment in the definition of the regulations on social protection                        <\/div>\n                        <div class=\"is-link\">\n                            Read more                        <\/div>\n                    <\/a>\n                <\/div>\n                            <div class=\"col-md-6\">\n                    <a href=\"https:\/\/www.effe-homecare.eu\/it\/proposition\/fight-efficiently-against-undeclared-work-in-the-sector-of-home-employment\/\" class=\"is-item is-item-4\">\n                        <div class=\"is-number\">\n                            4                        <\/div>\n                        <div class=\"is-title\">\n                            Fight efficiently against undeclared work in the sector of home employment                        <\/div>\n                        <div class=\"is-link\">\n                            Read more                        <\/div>\n                    <\/a>\n                <\/div>\n                            <div class=\"col-md-6\">\n                    <a href=\"https:\/\/www.effe-homecare.eu\/it\/proposition\/consider-health-and-safety-at-work-for-domestic-workers\/\" class=\"is-item is-item-5\">\n                        <div class=\"is-number\">\n                            5                        <\/div>\n                        <div class=\"is-title\">\n                            Consider health and safety at work for domestic workers                        <\/div>\n                        <div class=\"is-link\">\n                            Read more                        <\/div>\n                    <\/a>\n                <\/div>\n                            <div class=\"col-md-6\">\n                    <a href=\"https:\/\/www.effe-homecare.eu\/it\/proposition\/include-the-stakes-of-the-home-employment-sector-in-the-funding-of-the-cohesion-policy\/\" class=\"is-item is-item-6\">\n                        <div class=\"is-number\">\n                            6                        <\/div>\n                        <div class=\"is-title\">\n                            Include the stakes of the home employment sector in the funding of the cohesion policy                        <\/div>\n                        <div class=\"is-link\">\n                            Read more                        <\/div>\n                    <\/a>\n                <\/div>\n                            <div class=\"col-md-6\">\n                    <a href=\"https:\/\/www.effe-homecare.eu\/it\/proposition\/create-favourable-conditions-for-increasing-professional-skills-of-the-employees-of-the-sector\/\" class=\"is-item is-item-7\">\n                        <div class=\"is-number\">\n                            7                        <\/div>\n                        <div class=\"is-title\">\n                            Create favourable conditions for increasing professional skills of the employees of the sector                        <\/div>\n                        <div class=\"is-link\">\n                            Read more                        <\/div>\n                    <\/a>\n                <\/div>\n                            <div class=\"col-md-6\">\n                    <a href=\"https:\/\/www.effe-homecare.eu\/it\/proposition\/accompany-digital-inclusion-and-the-development-of-collaborative-platforms\/\" class=\"is-item is-item-8\">\n                        <div class=\"is-number\">\n                            8                        <\/div>\n                        <div class=\"is-title\">\n                            Accompany digital inclusion and the development of collaborative platforms                        <\/div>\n                        <div class=\"is-link\">\n                            Read more                        <\/div>\n                    <\/a>\n                <\/div>\n                            <div class=\"col-md-6\">\n                    <a href=\"https:\/\/www.effe-homecare.eu\/it\/proposition\/reinforce-exchanges-of-good-practices-in-europe\/\" class=\"is-item is-item-9\">\n                        <div class=\"is-number\">\n                            9                        <\/div>\n                        <div class=\"is-title\">\n                            Reinforce exchanges of good practices in Europe                        <\/div>\n                        <div class=\"is-link\">\n                            Read more                        <\/div>\n                    <\/a>\n                <\/div>\n                            <div class=\"col-md-6\">\n                    <a href=\"https:\/\/www.effe-homecare.eu\/it\/proposition\/recognise-the-status-of-household-employers-and-domestic-workers\/\" class=\"is-item is-item-10\">\n                        <div class=\"is-number\">\n                            10                        <\/div>\n                        <div class=\"is-title\">\n                            Recognise the status of household employers and domestic workers                        <\/div>\n                        <div class=\"is-link\">\n                            Read more                        <\/div>\n                    <\/a>\n                <\/div>\n                    <\/div>\n    <\/div>\n<\/div>\n","protected":false},"excerpt":{"rendered":"","protected":false},"author":1,"featured_media":0,"parent":0,"menu_order":71,"comment_status":"closed","ping_status":"closed","template":"page-templates\/propositions.php","meta":{"_acf_changed":false,"_monsterinsights_skip_tracking":false,"_monsterinsights_sitenote_active":false,"_monsterinsights_sitenote_note":"","_monsterinsights_sitenote_category":0,"footnotes":""},"class_list":["post-6023","page","type-page","status-publish","hentry"],"acf":[],"yoast_head":"<!-- This site is optimized with the Yoast SEO plugin v27.3 - https:\/\/yoast.com\/product\/yoast-seo-wordpress\/ -->\n<title>Le nostre proposte - EFFE<\/title>\n<meta name=\"robots\" content=\"index, follow, max-snippet:-1, max-image-preview:large, max-video-preview:-1\" \/>\n<link rel=\"canonical\" href=\"https:\/\/www.effe-homecare.eu\/it\/le-nostre-proposte\/\" \/>\n<meta property=\"og:locale\" content=\"it_IT\" \/>\n<meta property=\"og:type\" content=\"article\" \/>\n<meta property=\"og:title\" content=\"Le nostre proposte - EFFE\" \/>\n<meta property=\"og:url\" content=\"https:\/\/www.effe-homecare.eu\/it\/le-nostre-proposte\/\" \/>\n<meta property=\"og:site_name\" content=\"EFFE\" \/>\n<meta property=\"article:modified_time\" content=\"2023-09-11T13:44:22+00:00\" \/>\n<meta name=\"twitter:card\" content=\"summary_large_image\" \/>\n<script type=\"application\/ld+json\" class=\"yoast-schema-graph\">{\"@context\":\"https:\\\/\\\/schema.org\",\"@graph\":[{\"@type\":\"WebPage\",\"@id\":\"https:\\\/\\\/www.effe-homecare.eu\\\/it\\\/le-nostre-proposte\\\/\",\"url\":\"https:\\\/\\\/www.effe-homecare.eu\\\/it\\\/le-nostre-proposte\\\/\",\"name\":\"Le nostre proposte - EFFE\",\"isPartOf\":{\"@id\":\"https:\\\/\\\/www.effe-homecare.eu\\\/it\\\/#website\"},\"datePublished\":\"2020-02-04T14:02:24+00:00\",\"dateModified\":\"2023-09-11T13:44:22+00:00\",\"breadcrumb\":{\"@id\":\"https:\\\/\\\/www.effe-homecare.eu\\\/it\\\/le-nostre-proposte\\\/#breadcrumb\"},\"inLanguage\":\"it-IT\",\"potentialAction\":[{\"@type\":\"ReadAction\",\"target\":[\"https:\\\/\\\/www.effe-homecare.eu\\\/it\\\/le-nostre-proposte\\\/\"]}]},{\"@type\":\"BreadcrumbList\",\"@id\":\"https:\\\/\\\/www.effe-homecare.eu\\\/it\\\/le-nostre-proposte\\\/#breadcrumb\",\"itemListElement\":[{\"@type\":\"ListItem\",\"position\":1,\"name\":\"\",\"item\":\"https:\\\/\\\/www.effe-homecare.eu\\\/it\\\/\"},{\"@type\":\"ListItem\",\"position\":2,\"name\":\"Le nostre proposte\"}]},{\"@type\":\"WebSite\",\"@id\":\"https:\\\/\\\/www.effe-homecare.eu\\\/it\\\/#website\",\"url\":\"https:\\\/\\\/www.effe-homecare.eu\\\/it\\\/\",\"name\":\"EFFE\",\"description\":\"F\u00e9d\u00e9ration Europ\u00e9enne des Emplois et de la Famille\",\"potentialAction\":[{\"@type\":\"SearchAction\",\"target\":{\"@type\":\"EntryPoint\",\"urlTemplate\":\"https:\\\/\\\/www.effe-homecare.eu\\\/it\\\/?s={search_term_string}\"},\"query-input\":{\"@type\":\"PropertyValueSpecification\",\"valueRequired\":true,\"valueName\":\"search_term_string\"}}],\"inLanguage\":\"it-IT\"}]}<\/script>\n<!-- \/ Yoast SEO plugin. -->","yoast_head_json":{"title":"Le nostre proposte - EFFE","robots":{"index":"index","follow":"follow","max-snippet":"max-snippet:-1","max-image-preview":"max-image-preview:large","max-video-preview":"max-video-preview:-1"},"canonical":"https:\/\/www.effe-homecare.eu\/it\/le-nostre-proposte\/","og_locale":"it_IT","og_type":"article","og_title":"Le nostre proposte - EFFE","og_url":"https:\/\/www.effe-homecare.eu\/it\/le-nostre-proposte\/","og_site_name":"EFFE","article_modified_time":"2023-09-11T13:44:22+00:00","twitter_card":"summary_large_image","schema":{"@context":"https:\/\/schema.org","@graph":[{"@type":"WebPage","@id":"https:\/\/www.effe-homecare.eu\/it\/le-nostre-proposte\/","url":"https:\/\/www.effe-homecare.eu\/it\/le-nostre-proposte\/","name":"Le nostre proposte - EFFE","isPartOf":{"@id":"https:\/\/www.effe-homecare.eu\/it\/#website"},"datePublished":"2020-02-04T14:02:24+00:00","dateModified":"2023-09-11T13:44:22+00:00","breadcrumb":{"@id":"https:\/\/www.effe-homecare.eu\/it\/le-nostre-proposte\/#breadcrumb"},"inLanguage":"it-IT","potentialAction":[{"@type":"ReadAction","target":["https:\/\/www.effe-homecare.eu\/it\/le-nostre-proposte\/"]}]},{"@type":"BreadcrumbList","@id":"https:\/\/www.effe-homecare.eu\/it\/le-nostre-proposte\/#breadcrumb","itemListElement":[{"@type":"ListItem","position":1,"name":"","item":"https:\/\/www.effe-homecare.eu\/it\/"},{"@type":"ListItem","position":2,"name":"Le nostre proposte"}]},{"@type":"WebSite","@id":"https:\/\/www.effe-homecare.eu\/it\/#website","url":"https:\/\/www.effe-homecare.eu\/it\/","name":"EFFE","description":"F\u00e9d\u00e9ration Europ\u00e9enne des Emplois et de la Famille","potentialAction":[{"@type":"SearchAction","target":{"@type":"EntryPoint","urlTemplate":"https:\/\/www.effe-homecare.eu\/it\/?s={search_term_string}"},"query-input":{"@type":"PropertyValueSpecification","valueRequired":true,"valueName":"search_term_string"}}],"inLanguage":"it-IT"}]}},"_links":{"self":[{"href":"https:\/\/www.effe-homecare.eu\/it\/wp-json\/wp\/v2\/pages\/6023","targetHints":{"allow":["GET"]}}],"collection":[{"href":"https:\/\/www.effe-homecare.eu\/it\/wp-json\/wp\/v2\/pages"}],"about":[{"href":"https:\/\/www.effe-homecare.eu\/it\/wp-json\/wp\/v2\/types\/page"}],"author":[{"embeddable":true,"href":"https:\/\/www.effe-homecare.eu\/it\/wp-json\/wp\/v2\/users\/1"}],"replies":[{"embeddable":true,"href":"https:\/\/www.effe-homecare.eu\/it\/wp-json\/wp\/v2\/comments?post=6023"}],"version-history":[{"count":3,"href":"https:\/\/www.effe-homecare.eu\/it\/wp-json\/wp\/v2\/pages\/6023\/revisions"}],"predecessor-version":[{"id":6038,"href":"https:\/\/www.effe-homecare.eu\/it\/wp-json\/wp\/v2\/pages\/6023\/revisions\/6038"}],"wp:attachment":[{"href":"https:\/\/www.effe-homecare.eu\/it\/wp-json\/wp\/v2\/media?parent=6023"}],"curies":[{"name":"wp","href":"https:\/\/api.w.org\/{rel}","templated":true}]}}