{"id":5973,"date":"2023-07-26T16:07:43","date_gmt":"2023-07-26T14:07:43","guid":{"rendered":"https:\/\/www.effe-homecare.eu\/?page_id=5973"},"modified":"2023-07-26T16:09:44","modified_gmt":"2023-07-26T14:09:44","slug":"politique-des-cookies","status":"publish","type":"page","link":"https:\/\/www.effe-homecare.eu\/it\/politique-des-cookies\/","title":{"rendered":"Politique des cookies"},"content":{"rendered":"\n<h2 class=\"wp-block-heading\"><strong>Cookies<\/strong><\/h2>\n\n\n\n<p>Pour am\u00e9liorer votre exp\u00e9rience utilisateur, des&nbsp;cookies&nbsp;sont plac\u00e9s sur le site<a href=\"http:\/\/www.effe-homecare.eu\">&nbsp;www.effe-homecare.eu<\/a>, notamment les cookies de mesure d\u2019audience Google analytics. Ceux-ci sont utilis\u00e9s pour mesurer le nombre de visites, le nombre de pages vues ainsi que l\u2019activit\u00e9 des visiteurs sur le site.<\/p>\n\n\n\n<p>Si vous ne souhaitez pas accepter les cookies, vous pouvez modifier les param\u00e8tres de votre navigateur ou supprimer les cookies d\u00e9j\u00e0 enregistr\u00e9s. Pour savoir comment refuser ou supprimer ces cookies, l\u2019EFFE vous conseille de consulter les informations fournies par la&nbsp;<a href=\"https:\/\/www.cnil.fr\/fr\/cookies-les-outils-pour-les-maitriser\" target=\"_blank\" rel=\"noreferrer noopener\">CNIL<\/a>.<\/p>\n\n\n\n<h2 class=\"wp-block-heading\"><strong>Respect de la vie priv\u00e9e et donn\u00e9es \u00e0 caract\u00e8re personnel<\/strong><\/h2>\n\n\n\n<p>Les traitements de donn\u00e9es \u00e0 caract\u00e8re personnel r\u00e9alis\u00e9s par l\u2019EFFE, agissant en qualit\u00e9 de responsable du traitement, sont effectu\u00e9s conform\u00e9ment \u00e0 la r\u00e9glementation en vigueur et \u00e0 la Politique de confidentialit\u00e9 de l\u2019EFFE.<br><br>Conform\u00e9ment \u00e0 la loi Informatique et Libert\u00e9s du&nbsp;6 janvier 1978 et au r\u00e8glement europ\u00e9en sur la protection des donn\u00e9es du 27 avril 2016, vous disposez sur vos donn\u00e9es \u00e0 caract\u00e8re personnel d\u2019un droit d\u2019acc\u00e8s, de rectification, \u00e0 l\u2019effacement, \u00e0 la limitation, \u00e0 la portabilit\u00e9 et d\u2019opposition. Vous pouvez adresser votre demande, accompagn\u00e9e d\u2019un justificatif d\u2019identit\u00e9, par courrier \u00e0 l\u2019EFFE, 35 Square de Mee\u00fbs, 1000 Bruxelles ou par courriel \u00e0 <a href=\"mailto:info@effe-homecare.eu\">info@effe-homecare.eu<\/a>.<\/p>\n\n\n\n<h2 class=\"wp-block-heading\"><strong>Loi applicable<\/strong><\/h2>\n\n\n\n<p>Le site est r\u00e9gi par le droit fran\u00e7ais. Toutes infractions aux dispositions l\u00e9gales ou d\u2019utilisation du site exposent l\u2019utilisateur aux sanctions civiles ou p\u00e9nales applicables et rel\u00e8vent des juridictions fran\u00e7aises.<\/p>\n\n\n\n<h2 class=\"wp-block-heading\">Comment g\u00e9rer votre consentement au d\u00e9p\u00f4t des cookies ?<\/h2>\n\n\n\n<p>Le d\u00e9p\u00f4t d\u2019un cookie \u00e0 des fins de pr\u00e9f\u00e9rences, statistiques, de partage sur les r\u00e9seaux sociaux et enfin publicitaires n\u00e9cessite votre consentement pr\u00e9alable. Ce dernier est recueilli par le biais du bandeau s\u2019affichant lors de votre premi\u00e8re connexion au site. Il est possible d\u2019accepter ou refuser le d\u00e9p\u00f4t des cookies de mani\u00e8re globale (pour toutes les finalit\u00e9s list\u00e9es) ou personnaliser votre choix. De plus, vous avez la possibilit\u00e9 de modifier votre choix \u00e0 tout moment en cliquant sur l\u2019ic\u00f4ne &#8220;Gestion des cookies&#8221; pr\u00e9sent en bas de chaque page du site.<\/p>\n\n\n\n<h2 class=\"wp-block-heading\">Comment param\u00e9trer les cookies sur les navigateurs web ?<\/h2>\n\n\n\n<p>Vous pouvez configurer votre logiciel de navigation afin que des cookies soient enregistr\u00e9s dans votre terminal ou qu&#8217;ils soient rejet\u00e9s, de fa\u00e7on syst\u00e9matique ou en fonction de l\u2019\u00e9metteur.<\/p>\n\n\n\n<p>Il est \u00e9galement possible de configurer votre logiciel de navigation afin que l&#8217;acceptation ou le refus des cookies soient propos\u00e9s avant qu&#8217;un cookie soit susceptible d&#8217;\u00eatre enregistr\u00e9 dans votre terminal.<\/p>\n\n\n\n<p>Cependant, pour la gestion des cookies, la configuration de chaque navigateur est diff\u00e9rente. Vous trouverez ci-dessous la mani\u00e8re dont il est possible de configurer chaque navigateur en mati\u00e8re de gestion des cookies :<\/p>\n\n\n\n<ul class=\"wp-block-list\">\n<li>Sur <strong>Internet Explorer<\/strong> : Ouvrez le menu &#8220;Outils&#8221;, puis s\u00e9lectionnez &#8220;Options internet&#8221;; cliquez sur l\u2019onglet &#8220;Confidentialit\u00e9&#8221; puis l\u2019onglet &#8220;Avanc\u00e9\u00bb choisissez le niveau souhait\u00e9 ou suivez le lien suivant : https:\/\/support.microsoft.com\/fr-fr\/help\/17442\/windows-internet-explorer-delete-manage- cookies<\/li>\n\n\n\n<li>Sur <strong>Microsoft Edge<\/strong> : Ouvrez le menu &#8220;Outils&#8221;, puis s\u00e9lectionnez &#8220;Options internet&#8221;; cliquez sur l\u2019onglet &#8220;Confidentialit\u00e9&#8221; puis l\u2019onglet &#8220;Avanc\u00e9&#8221; choisissez le niveau souhait\u00e9 ou suivez le lien suivant : https:\/\/support.microsoft.com\/fr-fr\/help\/4027947\/microsoft-edge-delete-cookies<\/li>\n\n\n\n<li>Sur <strong>Mozilla Firefox<\/strong> : Ouvrez le menu &#8220;Outils&#8221;, puis s\u00e9lectionnez &#8220;Options&#8221;; cliquez sur l\u2019onglet \u00ab Vie priv\u00e9e \u00bb puis choisissez les options souhait\u00e9es ou suivez ce lien : https:\/\/support.mozilla.org\/fr\/products\/firefox\/protect-your-privacy\/cookies<\/li>\n\n\n\n<li>Sur <strong>Safari<\/strong> Mac\/Iphone\/Ipad : Choisissez &#8220;Safari &gt; Pr\u00e9f\u00e9rences&#8221; puis cliquez sur &#8220;S\u00e9curit\u00e9&#8221;; Dans la section &#8220;Accepter les cookies&#8221; choisissez les options souhait\u00e9es ou suivez ce lien : https:\/\/support.apple.com\/fr-fr\/HT201265 ou https:\/\/support.apple.com\/fr-fr\/guide\/safari\/sfri11471\/mac<\/li>\n\n\n\n<li>Sur <strong>Google Chrome<\/strong> : Ouvrez le menu de configuration (logo cl\u00e9 \u00e0 molette), puis s\u00e9lectionnez &#8220;Options&#8221;; cliquez sur &#8220;Options avanc\u00e9es&#8221; puis dans la section &#8220;Confidentialit\u00e9&#8221;, cliquez sur &#8220;Param\u00e8tres de contenu&#8221; et choisissez les options souhait\u00e9es ou suivez le lien suivant : https:\/\/support.google.com\/chrome\/answer\/95647?hl=fr<\/li>\n\n\n\n<li>Sur <strong>iOs<\/strong> : https:\/\/support.apple.com\/fr-fr\/guide\/safari\/sfri11471\/mac<\/li>\n<\/ul>\n\n\n\n<p>Vous pouvez \u00e9galement taper &#8220;cookies&#8221; dans la rubrique &#8220;aide&#8221; de votre navigateur afin d\u2019acc\u00e9der aux instructions de param\u00e9trage.<\/p>\n\n\n\n<p>Pour plus de pr\u00e9cisions, vous pouvez \u00e9galement consulter le site de la CNIL : https:\/\/www.cnil.fr\/cnil-direct\/question\/198.<\/p>\n\n\n\n<p>Les cookies n\u00e9cessaires au fonctionnement du site internet ne requi\u00e8rent pas votre consentement pr\u00e9alable. Si vous refusez l\u2019enregistrement de ces cookies dans votre terminal ou son navigateur ou si vous supprimez ceux qui y sont enregistr\u00e9s, vous \u00eates inform\u00e9 que votre navigation et votre exp\u00e9rience sur le site peuvent \u00eatre d\u00e9grad\u00e9es.<\/p>\n","protected":false},"excerpt":{"rendered":"<p>Cookies Pour am\u00e9liorer votre exp\u00e9rience utilisateur, des&nbsp;cookies&nbsp;sont plac\u00e9s sur le site&nbsp;www.effe-homecare.eu, notamment les cookies de mesure d\u2019audience Google analytics. Ceux-ci sont utilis\u00e9s pour mesurer le nombre de visites, le nombre de pages vues ainsi que l\u2019activit\u00e9 des visiteurs sur le site. Si vous ne souhaitez pas accepter les cookies, vous pouvez modifier les param\u00e8tres de [&hellip;]<\/p>\n","protected":false},"author":1,"featured_media":0,"parent":0,"menu_order":77,"comment_status":"closed","ping_status":"closed","template":"","meta":{"_acf_changed":false,"_monsterinsights_skip_tracking":false,"_monsterinsights_sitenote_active":false,"_monsterinsights_sitenote_note":"","_monsterinsights_sitenote_category":0,"footnotes":""},"class_list":["post-5973","page","type-page","status-publish","hentry"],"acf":[],"yoast_head":"<!-- This site is optimized with the Yoast SEO plugin v27.3 - https:\/\/yoast.com\/product\/yoast-seo-wordpress\/ -->\n<title>Politique des cookies - EFFE<\/title>\n<meta name=\"robots\" content=\"index, follow, max-snippet:-1, max-image-preview:large, max-video-preview:-1\" \/>\n<link rel=\"canonical\" href=\"https:\/\/www.effe-homecare.eu\/it\/politique-des-cookies\/\" \/>\n<meta property=\"og:locale\" content=\"it_IT\" \/>\n<meta property=\"og:type\" content=\"article\" \/>\n<meta property=\"og:title\" content=\"Politique des cookies - EFFE\" \/>\n<meta property=\"og:description\" content=\"Cookies Pour am\u00e9liorer votre exp\u00e9rience utilisateur, des&nbsp;cookies&nbsp;sont plac\u00e9s sur le site&nbsp;www.effe-homecare.eu, notamment les cookies de mesure d\u2019audience Google analytics. Ceux-ci sont utilis\u00e9s pour mesurer le nombre de visites, le nombre de pages vues ainsi que l\u2019activit\u00e9 des visiteurs sur le site. Si vous ne souhaitez pas accepter les cookies, vous pouvez modifier les param\u00e8tres de [&hellip;]\" \/>\n<meta property=\"og:url\" content=\"https:\/\/www.effe-homecare.eu\/it\/politique-des-cookies\/\" \/>\n<meta property=\"og:site_name\" content=\"EFFE\" \/>\n<meta property=\"article:modified_time\" content=\"2023-07-26T14:09:44+00:00\" \/>\n<meta name=\"twitter:card\" content=\"summary_large_image\" \/>\n<meta name=\"twitter:label1\" content=\"Tempo di lettura stimato\" \/>\n\t<meta name=\"twitter:data1\" content=\"4 minuti\" \/>\n<script type=\"application\/ld+json\" class=\"yoast-schema-graph\">{\"@context\":\"https:\\\/\\\/schema.org\",\"@graph\":[{\"@type\":\"WebPage\",\"@id\":\"https:\\\/\\\/www.effe-homecare.eu\\\/it\\\/politique-des-cookies\\\/\",\"url\":\"https:\\\/\\\/www.effe-homecare.eu\\\/it\\\/politique-des-cookies\\\/\",\"name\":\"Politique des cookies - EFFE\",\"isPartOf\":{\"@id\":\"https:\\\/\\\/www.effe-homecare.eu\\\/it\\\/#website\"},\"datePublished\":\"2023-07-26T14:07:43+00:00\",\"dateModified\":\"2023-07-26T14:09:44+00:00\",\"breadcrumb\":{\"@id\":\"https:\\\/\\\/www.effe-homecare.eu\\\/it\\\/politique-des-cookies\\\/#breadcrumb\"},\"inLanguage\":\"it-IT\",\"potentialAction\":[{\"@type\":\"ReadAction\",\"target\":[\"https:\\\/\\\/www.effe-homecare.eu\\\/it\\\/politique-des-cookies\\\/\"]}]},{\"@type\":\"BreadcrumbList\",\"@id\":\"https:\\\/\\\/www.effe-homecare.eu\\\/it\\\/politique-des-cookies\\\/#breadcrumb\",\"itemListElement\":[{\"@type\":\"ListItem\",\"position\":1,\"name\":\"\",\"item\":\"https:\\\/\\\/www.effe-homecare.eu\\\/it\\\/\"},{\"@type\":\"ListItem\",\"position\":2,\"name\":\"Politique des cookies\"}]},{\"@type\":\"WebSite\",\"@id\":\"https:\\\/\\\/www.effe-homecare.eu\\\/it\\\/#website\",\"url\":\"https:\\\/\\\/www.effe-homecare.eu\\\/it\\\/\",\"name\":\"EFFE\",\"description\":\"F\u00e9d\u00e9ration Europ\u00e9enne des Emplois et de la Famille\",\"potentialAction\":[{\"@type\":\"SearchAction\",\"target\":{\"@type\":\"EntryPoint\",\"urlTemplate\":\"https:\\\/\\\/www.effe-homecare.eu\\\/it\\\/?s={search_term_string}\"},\"query-input\":{\"@type\":\"PropertyValueSpecification\",\"valueRequired\":true,\"valueName\":\"search_term_string\"}}],\"inLanguage\":\"it-IT\"}]}<\/script>\n<!-- \/ Yoast SEO plugin. -->","yoast_head_json":{"title":"Politique des cookies - EFFE","robots":{"index":"index","follow":"follow","max-snippet":"max-snippet:-1","max-image-preview":"max-image-preview:large","max-video-preview":"max-video-preview:-1"},"canonical":"https:\/\/www.effe-homecare.eu\/it\/politique-des-cookies\/","og_locale":"it_IT","og_type":"article","og_title":"Politique des cookies - EFFE","og_description":"Cookies Pour am\u00e9liorer votre exp\u00e9rience utilisateur, des&nbsp;cookies&nbsp;sont plac\u00e9s sur le site&nbsp;www.effe-homecare.eu, notamment les cookies de mesure d\u2019audience Google analytics. Ceux-ci sont utilis\u00e9s pour mesurer le nombre de visites, le nombre de pages vues ainsi que l\u2019activit\u00e9 des visiteurs sur le site. Si vous ne souhaitez pas accepter les cookies, vous pouvez modifier les param\u00e8tres de [&hellip;]","og_url":"https:\/\/www.effe-homecare.eu\/it\/politique-des-cookies\/","og_site_name":"EFFE","article_modified_time":"2023-07-26T14:09:44+00:00","twitter_card":"summary_large_image","twitter_misc":{"Tempo di lettura stimato":"4 minuti"},"schema":{"@context":"https:\/\/schema.org","@graph":[{"@type":"WebPage","@id":"https:\/\/www.effe-homecare.eu\/it\/politique-des-cookies\/","url":"https:\/\/www.effe-homecare.eu\/it\/politique-des-cookies\/","name":"Politique des cookies - EFFE","isPartOf":{"@id":"https:\/\/www.effe-homecare.eu\/it\/#website"},"datePublished":"2023-07-26T14:07:43+00:00","dateModified":"2023-07-26T14:09:44+00:00","breadcrumb":{"@id":"https:\/\/www.effe-homecare.eu\/it\/politique-des-cookies\/#breadcrumb"},"inLanguage":"it-IT","potentialAction":[{"@type":"ReadAction","target":["https:\/\/www.effe-homecare.eu\/it\/politique-des-cookies\/"]}]},{"@type":"BreadcrumbList","@id":"https:\/\/www.effe-homecare.eu\/it\/politique-des-cookies\/#breadcrumb","itemListElement":[{"@type":"ListItem","position":1,"name":"","item":"https:\/\/www.effe-homecare.eu\/it\/"},{"@type":"ListItem","position":2,"name":"Politique des cookies"}]},{"@type":"WebSite","@id":"https:\/\/www.effe-homecare.eu\/it\/#website","url":"https:\/\/www.effe-homecare.eu\/it\/","name":"EFFE","description":"F\u00e9d\u00e9ration Europ\u00e9enne des Emplois et de la Famille","potentialAction":[{"@type":"SearchAction","target":{"@type":"EntryPoint","urlTemplate":"https:\/\/www.effe-homecare.eu\/it\/?s={search_term_string}"},"query-input":{"@type":"PropertyValueSpecification","valueRequired":true,"valueName":"search_term_string"}}],"inLanguage":"it-IT"}]}},"_links":{"self":[{"href":"https:\/\/www.effe-homecare.eu\/it\/wp-json\/wp\/v2\/pages\/5973","targetHints":{"allow":["GET"]}}],"collection":[{"href":"https:\/\/www.effe-homecare.eu\/it\/wp-json\/wp\/v2\/pages"}],"about":[{"href":"https:\/\/www.effe-homecare.eu\/it\/wp-json\/wp\/v2\/types\/page"}],"author":[{"embeddable":true,"href":"https:\/\/www.effe-homecare.eu\/it\/wp-json\/wp\/v2\/users\/1"}],"replies":[{"embeddable":true,"href":"https:\/\/www.effe-homecare.eu\/it\/wp-json\/wp\/v2\/comments?post=5973"}],"version-history":[{"count":2,"href":"https:\/\/www.effe-homecare.eu\/it\/wp-json\/wp\/v2\/pages\/5973\/revisions"}],"predecessor-version":[{"id":5975,"href":"https:\/\/www.effe-homecare.eu\/it\/wp-json\/wp\/v2\/pages\/5973\/revisions\/5975"}],"wp:attachment":[{"href":"https:\/\/www.effe-homecare.eu\/it\/wp-json\/wp\/v2\/media?parent=5973"}],"curies":[{"name":"wp","href":"https:\/\/api.w.org\/{rel}","templated":true}]}}