{"id":5736,"date":"2023-01-23T11:15:35","date_gmt":"2023-01-23T10:15:35","guid":{"rendered":"https:\/\/www.effe-homecare.eu\/effe-lab\/"},"modified":"2025-03-25T15:49:12","modified_gmt":"2025-03-25T14:49:12","slug":"effe-lab","status":"publish","type":"page","link":"https:\/\/www.effe-homecare.eu\/it\/effe-lab\/","title":{"rendered":"EFFE LAB"},"content":{"rendered":"\n<p>L\u2019Osservatorio EFFE, chiamato \u201cEFFE LAB\u201d \u00e8 uno strumento volto a promuovere il settore dell\u2019assistenza domiciliare e il modello di lavoro diretto.<\/p>\n\n\n<div class=\"wp-block-image\">\n<figure class=\"aligncenter size-large is-resized\"><img loading=\"lazy\" decoding=\"async\" width=\"1024\" height=\"724\" src=\"https:\/\/www.effe-homecare.eu\/wp-content\/uploads\/2025\/01\/EFFE_LogoLAB_blanc-scaled-1-1024x724.jpg\" alt=\"\" class=\"wp-image-8540\" style=\"width:512px;height:298px\" srcset=\"https:\/\/www.effe-homecare.eu\/wp-content\/uploads\/2025\/01\/EFFE_LogoLAB_blanc-scaled-1-1024x724.jpg 1024w, https:\/\/www.effe-homecare.eu\/wp-content\/uploads\/2025\/01\/EFFE_LogoLAB_blanc-scaled-1-300x212.jpg 300w, https:\/\/www.effe-homecare.eu\/wp-content\/uploads\/2025\/01\/EFFE_LogoLAB_blanc-scaled-1-768x543.jpg 768w, https:\/\/www.effe-homecare.eu\/wp-content\/uploads\/2025\/01\/EFFE_LogoLAB_blanc-scaled-1-1536x1086.jpg 1536w, https:\/\/www.effe-homecare.eu\/wp-content\/uploads\/2025\/01\/EFFE_LogoLAB_blanc-scaled-1-2048x1448.jpg 2048w, https:\/\/www.effe-homecare.eu\/wp-content\/uploads\/2025\/01\/EFFE_LogoLAB_blanc-scaled-1-645x455.jpg 645w, https:\/\/www.effe-homecare.eu\/wp-content\/uploads\/2025\/01\/EFFE_LogoLAB_blanc-scaled-1-100x71.jpg 100w, https:\/\/www.effe-homecare.eu\/wp-content\/uploads\/2025\/01\/EFFE_LogoLAB_blanc-scaled-1-60x42.jpg 60w\" sizes=\"auto, (max-width: 1024px) 100vw, 1024px\" \/><\/figure>\n<\/div>\n\n\n<p>L\u2019EFFE LAB riflette la volont\u00e0 di lasciare le questioni sociali \u2013 e in particolare le questioni legate alla gestione dell\u2019assistenza domestica- alla libera scelta delle famiglie e delle persone, affinch\u00e9 possano decidere quale modello di assistenza meglio corrisponda alle loro esigenze e possano creare presso le loro abitazioni posti di lavoro dignitosi per soddisfarle.<\/p>\n\n\n\n<p>Basandosi sull\u2019esperienza e sulle conoscenze dei membri e dei partner EFFE, nonch\u00e9 del mondo accademico e della societ\u00e0 civile, l\u2019EFFE LAB si prefigge l\u2019obiettivo di fornire degli spunti di riflessione e delle buone prassi alle istituzioni europee e agli stati membri, al fine di aiutarli a strutturare il settore del lavoro domestico in Europa. Il ruolo dell\u2019EFFE LAB \u00e8 quello di stimolare la riflessione sulle politiche di assistenza e sul lavoro a domicilio in modo da sostenere gli stati membri nel far fronte all\u2019invecchiamento della popolazione e alla crescente domanda di cure. L\u2019EFFE LAB raccoglie e genera i dati necessari a costruire idee innovative attorno ai temi cardinali di un settore emergente: la lotta contro il lavoro irregolare, le competenze, le soluzioni alla carenza di manodopera, le condizioni di lavoro, l\u2019attrattivit\u00e0 del settore, il dialogo sociale\u2026<\/p>\n\n\n\n<p>In questo senso, l\u2019EFFE LAB \u00e8 complementare ad EFFE, la quale continua a proporre soluzioni politiche ai decisori europei o nazionali di fronte a tali problematiche e a contribuire al lavoro europeo in ambito giuridico. Il LAB opera per dare credibilit\u00e0 ad un settore spesso ignorato dai decisori politici e i cui confini sono talvolta indefiniti. Punta inoltre ad un riconoscimento da parte della societ\u00e0 dei mestieri in questione e del loro valore sociale.<\/p>\n\n\n\n<p>Risultati concreti:<\/p>\n\n\n\n<div  class=\"blc-grid-relative-page-block\" >\n    <div class=\"blc-grid-relative-page-block__container\">\n                    <div class=\"card\">\n                <h3 class=\"is-title\">Mappa interattiva<\/h3>\n                <a href=\"https:\/\/www.effe-homecare.eu\/it\/effe-lab\/mappa-interattiva\/\" class=\"is-link\">Per saperne di pi\u00f9<\/a>\n            <\/div>\n                    <div class=\"card\">\n                <h3 class=\"is-title\">Rapporto di Ricerca: Attrattivit\u00e0 e Competenze nel Settore del Lavoro Domestico<\/h3>\n                <a href=\"https:\/\/www.effe-homecare.eu\/it\/effe-lab\/rapporto-di-ricerca-attrattivita-e-competenze-nel-settore-del-lavoro-domestico\/\" class=\"is-link\">Per saperne di pi\u00f9<\/a>\n            <\/div>\n                    <div class=\"card\">\n                <h3 class=\"is-title\">Dom &#038; Care Value: Simulatore di sovvenzioni per l&#8217;assistenza domiciliare<\/h3>\n                <a href=\"https:\/\/www.effe-homecare.eu\/en\/dom-and-care-value\/\" class=\"is-link\">Per saperne di pi\u00f9<\/a>\n            <\/div>\n            <\/div>\n<\/div>\n\n","protected":false},"excerpt":{"rendered":"<p>L\u2019Osservatorio EFFE, chiamato \u201cEFFE LAB\u201d \u00e8 uno strumento volto a promuovere il settore dell\u2019assistenza domiciliare e il modello di lavoro diretto. L\u2019EFFE LAB riflette la volont\u00e0 di lasciare le questioni sociali \u2013 e in particolare le questioni legate alla gestione dell\u2019assistenza domestica- alla libera scelta delle famiglie e delle persone, affinch\u00e9 possano decidere quale modello [&hellip;]<\/p>\n","protected":false},"author":6,"featured_media":0,"parent":0,"menu_order":51,"comment_status":"closed","ping_status":"closed","template":"","meta":{"_acf_changed":false,"_monsterinsights_skip_tracking":false,"_monsterinsights_sitenote_active":false,"_monsterinsights_sitenote_note":"","_monsterinsights_sitenote_category":0,"footnotes":""},"class_list":["post-5736","page","type-page","status-publish","hentry"],"acf":[],"yoast_head":"<!-- This site is optimized with the Yoast SEO plugin v27.3 - https:\/\/yoast.com\/product\/yoast-seo-wordpress\/ -->\n<title>EFFE LAB - EFFE<\/title>\n<meta name=\"robots\" content=\"index, follow, max-snippet:-1, max-image-preview:large, max-video-preview:-1\" \/>\n<link rel=\"canonical\" href=\"https:\/\/www.effe-homecare.eu\/it\/effe-lab\/\" \/>\n<meta property=\"og:locale\" content=\"it_IT\" \/>\n<meta property=\"og:type\" content=\"article\" \/>\n<meta property=\"og:title\" content=\"EFFE LAB - EFFE\" \/>\n<meta property=\"og:description\" content=\"L\u2019Osservatorio EFFE, chiamato \u201cEFFE LAB\u201d \u00e8 uno strumento volto a promuovere il settore dell\u2019assistenza domiciliare e il modello di lavoro diretto. L\u2019EFFE LAB riflette la volont\u00e0 di lasciare le questioni sociali \u2013 e in particolare le questioni legate alla gestione dell\u2019assistenza domestica- alla libera scelta delle famiglie e delle persone, affinch\u00e9 possano decidere quale modello [&hellip;]\" \/>\n<meta property=\"og:url\" content=\"https:\/\/www.effe-homecare.eu\/it\/effe-lab\/\" \/>\n<meta property=\"og:site_name\" content=\"EFFE\" \/>\n<meta property=\"article:modified_time\" content=\"2025-03-25T14:49:12+00:00\" \/>\n<meta property=\"og:image\" content=\"https:\/\/www.effe-homecare.eu\/wp-content\/uploads\/2025\/01\/EFFE_LogoLAB_blanc-scaled-1.jpg\" \/>\n\t<meta property=\"og:image:width\" content=\"2560\" \/>\n\t<meta property=\"og:image:height\" content=\"1810\" \/>\n\t<meta property=\"og:image:type\" content=\"image\/jpeg\" \/>\n<meta name=\"twitter:card\" content=\"summary_large_image\" \/>\n<meta name=\"twitter:label1\" content=\"Tempo di lettura stimato\" \/>\n\t<meta name=\"twitter:data1\" content=\"2 minuti\" \/>\n<script type=\"application\/ld+json\" class=\"yoast-schema-graph\">{\"@context\":\"https:\\\/\\\/schema.org\",\"@graph\":[{\"@type\":\"WebPage\",\"@id\":\"https:\\\/\\\/www.effe-homecare.eu\\\/it\\\/effe-lab\\\/\",\"url\":\"https:\\\/\\\/www.effe-homecare.eu\\\/it\\\/effe-lab\\\/\",\"name\":\"EFFE LAB - EFFE\",\"isPartOf\":{\"@id\":\"https:\\\/\\\/www.effe-homecare.eu\\\/it\\\/#website\"},\"primaryImageOfPage\":{\"@id\":\"https:\\\/\\\/www.effe-homecare.eu\\\/it\\\/effe-lab\\\/#primaryimage\"},\"image\":{\"@id\":\"https:\\\/\\\/www.effe-homecare.eu\\\/it\\\/effe-lab\\\/#primaryimage\"},\"thumbnailUrl\":\"https:\\\/\\\/www.effe-homecare.eu\\\/wp-content\\\/uploads\\\/2025\\\/01\\\/EFFE_LogoLAB_blanc-scaled-1-1024x724.jpg\",\"datePublished\":\"2023-01-23T10:15:35+00:00\",\"dateModified\":\"2025-03-25T14:49:12+00:00\",\"breadcrumb\":{\"@id\":\"https:\\\/\\\/www.effe-homecare.eu\\\/it\\\/effe-lab\\\/#breadcrumb\"},\"inLanguage\":\"it-IT\",\"potentialAction\":[{\"@type\":\"ReadAction\",\"target\":[\"https:\\\/\\\/www.effe-homecare.eu\\\/it\\\/effe-lab\\\/\"]}]},{\"@type\":\"ImageObject\",\"inLanguage\":\"it-IT\",\"@id\":\"https:\\\/\\\/www.effe-homecare.eu\\\/it\\\/effe-lab\\\/#primaryimage\",\"url\":\"https:\\\/\\\/www.effe-homecare.eu\\\/wp-content\\\/uploads\\\/2025\\\/01\\\/EFFE_LogoLAB_blanc-scaled-1-1024x724.jpg\",\"contentUrl\":\"https:\\\/\\\/www.effe-homecare.eu\\\/wp-content\\\/uploads\\\/2025\\\/01\\\/EFFE_LogoLAB_blanc-scaled-1-1024x724.jpg\"},{\"@type\":\"BreadcrumbList\",\"@id\":\"https:\\\/\\\/www.effe-homecare.eu\\\/it\\\/effe-lab\\\/#breadcrumb\",\"itemListElement\":[{\"@type\":\"ListItem\",\"position\":1,\"name\":\"\",\"item\":\"https:\\\/\\\/www.effe-homecare.eu\\\/it\\\/\"},{\"@type\":\"ListItem\",\"position\":2,\"name\":\"EFFE LAB\"}]},{\"@type\":\"WebSite\",\"@id\":\"https:\\\/\\\/www.effe-homecare.eu\\\/it\\\/#website\",\"url\":\"https:\\\/\\\/www.effe-homecare.eu\\\/it\\\/\",\"name\":\"EFFE\",\"description\":\"F\u00e9d\u00e9ration Europ\u00e9enne des Emplois et de la Famille\",\"potentialAction\":[{\"@type\":\"SearchAction\",\"target\":{\"@type\":\"EntryPoint\",\"urlTemplate\":\"https:\\\/\\\/www.effe-homecare.eu\\\/it\\\/?s={search_term_string}\"},\"query-input\":{\"@type\":\"PropertyValueSpecification\",\"valueRequired\":true,\"valueName\":\"search_term_string\"}}],\"inLanguage\":\"it-IT\"}]}<\/script>\n<!-- \/ Yoast SEO plugin. -->","yoast_head_json":{"title":"EFFE LAB - EFFE","robots":{"index":"index","follow":"follow","max-snippet":"max-snippet:-1","max-image-preview":"max-image-preview:large","max-video-preview":"max-video-preview:-1"},"canonical":"https:\/\/www.effe-homecare.eu\/it\/effe-lab\/","og_locale":"it_IT","og_type":"article","og_title":"EFFE LAB - EFFE","og_description":"L\u2019Osservatorio EFFE, chiamato \u201cEFFE LAB\u201d \u00e8 uno strumento volto a promuovere il settore dell\u2019assistenza domiciliare e il modello di lavoro diretto. L\u2019EFFE LAB riflette la volont\u00e0 di lasciare le questioni sociali \u2013 e in particolare le questioni legate alla gestione dell\u2019assistenza domestica- alla libera scelta delle famiglie e delle persone, affinch\u00e9 possano decidere quale modello [&hellip;]","og_url":"https:\/\/www.effe-homecare.eu\/it\/effe-lab\/","og_site_name":"EFFE","article_modified_time":"2025-03-25T14:49:12+00:00","og_image":[{"width":2560,"height":1810,"url":"https:\/\/www.effe-homecare.eu\/wp-content\/uploads\/2025\/01\/EFFE_LogoLAB_blanc-scaled-1.jpg","type":"image\/jpeg"}],"twitter_card":"summary_large_image","twitter_misc":{"Tempo di lettura stimato":"2 minuti"},"schema":{"@context":"https:\/\/schema.org","@graph":[{"@type":"WebPage","@id":"https:\/\/www.effe-homecare.eu\/it\/effe-lab\/","url":"https:\/\/www.effe-homecare.eu\/it\/effe-lab\/","name":"EFFE LAB - EFFE","isPartOf":{"@id":"https:\/\/www.effe-homecare.eu\/it\/#website"},"primaryImageOfPage":{"@id":"https:\/\/www.effe-homecare.eu\/it\/effe-lab\/#primaryimage"},"image":{"@id":"https:\/\/www.effe-homecare.eu\/it\/effe-lab\/#primaryimage"},"thumbnailUrl":"https:\/\/www.effe-homecare.eu\/wp-content\/uploads\/2025\/01\/EFFE_LogoLAB_blanc-scaled-1-1024x724.jpg","datePublished":"2023-01-23T10:15:35+00:00","dateModified":"2025-03-25T14:49:12+00:00","breadcrumb":{"@id":"https:\/\/www.effe-homecare.eu\/it\/effe-lab\/#breadcrumb"},"inLanguage":"it-IT","potentialAction":[{"@type":"ReadAction","target":["https:\/\/www.effe-homecare.eu\/it\/effe-lab\/"]}]},{"@type":"ImageObject","inLanguage":"it-IT","@id":"https:\/\/www.effe-homecare.eu\/it\/effe-lab\/#primaryimage","url":"https:\/\/www.effe-homecare.eu\/wp-content\/uploads\/2025\/01\/EFFE_LogoLAB_blanc-scaled-1-1024x724.jpg","contentUrl":"https:\/\/www.effe-homecare.eu\/wp-content\/uploads\/2025\/01\/EFFE_LogoLAB_blanc-scaled-1-1024x724.jpg"},{"@type":"BreadcrumbList","@id":"https:\/\/www.effe-homecare.eu\/it\/effe-lab\/#breadcrumb","itemListElement":[{"@type":"ListItem","position":1,"name":"","item":"https:\/\/www.effe-homecare.eu\/it\/"},{"@type":"ListItem","position":2,"name":"EFFE LAB"}]},{"@type":"WebSite","@id":"https:\/\/www.effe-homecare.eu\/it\/#website","url":"https:\/\/www.effe-homecare.eu\/it\/","name":"EFFE","description":"F\u00e9d\u00e9ration Europ\u00e9enne des Emplois et de la Famille","potentialAction":[{"@type":"SearchAction","target":{"@type":"EntryPoint","urlTemplate":"https:\/\/www.effe-homecare.eu\/it\/?s={search_term_string}"},"query-input":{"@type":"PropertyValueSpecification","valueRequired":true,"valueName":"search_term_string"}}],"inLanguage":"it-IT"}]}},"_links":{"self":[{"href":"https:\/\/www.effe-homecare.eu\/it\/wp-json\/wp\/v2\/pages\/5736","targetHints":{"allow":["GET"]}}],"collection":[{"href":"https:\/\/www.effe-homecare.eu\/it\/wp-json\/wp\/v2\/pages"}],"about":[{"href":"https:\/\/www.effe-homecare.eu\/it\/wp-json\/wp\/v2\/types\/page"}],"author":[{"embeddable":true,"href":"https:\/\/www.effe-homecare.eu\/it\/wp-json\/wp\/v2\/users\/6"}],"replies":[{"embeddable":true,"href":"https:\/\/www.effe-homecare.eu\/it\/wp-json\/wp\/v2\/comments?post=5736"}],"version-history":[{"count":5,"href":"https:\/\/www.effe-homecare.eu\/it\/wp-json\/wp\/v2\/pages\/5736\/revisions"}],"predecessor-version":[{"id":9102,"href":"https:\/\/www.effe-homecare.eu\/it\/wp-json\/wp\/v2\/pages\/5736\/revisions\/9102"}],"wp:attachment":[{"href":"https:\/\/www.effe-homecare.eu\/it\/wp-json\/wp\/v2\/media?parent=5736"}],"curies":[{"name":"wp","href":"https:\/\/api.w.org\/{rel}","templated":true}]}}