{"id":5728,"date":"2020-02-04T15:00:20","date_gmt":"2020-02-04T14:00:20","guid":{"rendered":"https:\/\/www.effe-homecare.eu\/emploi-a-domicile\/"},"modified":"2025-03-25T16:57:35","modified_gmt":"2025-03-25T15:57:35","slug":"emploi-a-domicile","status":"publish","type":"page","link":"https:\/\/www.effe-homecare.eu\/it\/emploi-a-domicile\/","title":{"rendered":"Lavoro domestico"},"content":{"rendered":"\n<h2 class=\"wp-block-heading\">Definizione<\/h2>\n\n\n\n<p>La Federazione Europea del Lavoro Domestico e dell\u2019Assistenza Domiciliare (EFFE) \u00e8 uno dei principali attori nel settore dei <strong>servizi alla persona e alla famiglia (PHS)<\/strong> su scala europea. <a href=\"https:\/\/ec.europa.eu\/social\/main.jsp?catId=1427&amp;langId=it\" target=\"_blank\" rel=\"noreferrer noopener\">In base alla definizione dell\u2019UE<\/a>, PHS si riferisce ad una vasta gamma di attivit\u00e0 sociali e di assistenza che contribuiscono al benessere delle famiglie e dei singoli presso il loro domicilio, quali assistenza all\u2019infanzia, assistenza di lunga durata, faccende domestiche, sostegno scolastico, lavoretti domestici, giardinaggio.<\/p>\n\n\n\n<p>EFFE si adopera segnatamente per il riconoscimento e lo sviluppo del <strong>modello di lavoro diretto<\/strong> (chiamato anche lavoro domestico), caratterizzato da un rapporto contrattuale di lavoro tra due privati, senza intermediari e senza fini di lucro o commerciali. Sulla base della reciproca fiducia e della collaborazione tra datori e lavoratori, questo modello di lavoro regolare ambisce a <strong>garantire protezione e diritti sociali<\/strong> a tutte le parti in causa, nel rispetto degli approcci culturali di ciascuno stato membro.<\/p>\n\n\n\n<p>Il lavoro a domicilio \u00e8 pienamente in linea con la visione europea dell\u2019economia sociale di mercato, poich\u00e9 propone una risposta sostenibile a numerose sfide demografiche e sociali. Per quanto concerne la cura e l\u2019assistenza alle persone anziane, offre soluzioni alternative pi\u00f9 adeguate ai bisogni dei cittadini. Inoltre, affidare ad un lavoratore regolare e retribuito alcune responsabilit\u00e0 familiari e domestiche consente una migliore <strong>conciliazione tra la vita professionale e quella privata<\/strong>. Il lavoro domestico pertanto pu\u00f2 offrire soluzioni realistiche, soprattutto per le donne, che molto spesso si fanno carico delle responsabilit\u00e0 familiari: in tal modo, si evita il loro parziale o totale distacco dal mercato del lavoro. Inoltre, questo modello pu\u00f2 favorire <strong>l\u2019integrazione dei migranti<\/strong>, poich\u00e9 si applica a mestieri che richiedono un basso livello di qualificazione ma che possono far uscire i lavoratori dalla precariet\u00e0.<\/p>\n\n\n\n<h2 class=\"wp-block-heading\">Dati chiave<\/h2>\n\n\n\n<p>Oltre ad avere una palese dimensione sociale, va detto che il lavoro domestico svolge anche un ruolo importante nell\u2019economia europea. Con pi\u00f9 di <strong>9,5 milioni di lavoratori<\/strong> in seno all\u2019Unione europea, il settore PHS ingloba delle attivit\u00e0 di cure dirette (53%) ed indirette (47%) ed \u00e8 ancora caratterizzato da un\u2019elevata percentuale di lavoro sommerso. Sui <strong>6,5 milioni di lavoratori formali PHS<\/strong>, a circa il 34%, ovvero a 2, 2 milioni di persone, si applica il modello di lavoro diretto. Tale percentuale sale fino ad oltre il 50% se prendiamo in considerazione i <strong>3,1 milioni di lavoratori informali PHS*<\/strong>. In riferimento al <a href=\"https:\/\/ec.europa.eu\/eurostat\/ramon\/nomenclatures\/index.cfm?TargetUrl=LST_NOM_DTL&amp;StrNom=NACE_REV2&amp;StrLanguageCode=EN\" target=\"_blank\" rel=\"noreferrer noopener\">sistema di classificazione NACE<\/a>, tali stime presentano una panoramica piuttosto parziale dell\u2019entit\u00e0 del lavoro diretto rispetto all\u2019occupazione totale dell\u2019UE. Poich\u00e9 si incentra sulle \u201cfamiglie come datori di lavoro di personale a domicilio\u201d, il NACE 97 non include n\u00e9 i lavoratori domestici che svolgono pi\u00f9 di un\u2019attivit\u00e0, n\u00e9 quei datori che svolgono un\u2019altra attivit\u00e0 in una percentuale superiore al 50%.<\/p>\n\n\n\n<p>La mancanza di un quadro politico per il settore, sia a livello europeo che nazionale, accentua l\u2019esclusione di questi lavoratori vulnerabili. Intrappolati nell\u2019economia informale, non godono di diritti sociali o di protezione sociale e il loro accesso al mercato del lavoro \u00e8 alquanto limitato. Alcuni esempi nell\u2019UE dimostrano che una migliore strutturazione del settore del lavoro domestico e la promozione dell\u2019occupazione formale danno vita a soluzioni efficaci e sostenibili, ad esempio tramite una semplificazione amministrativa grazie a piattaforme digitali volte a dichiarare i lavoratori e una solvibilit\u00e0 dei datori attraverso programmi di credito di imposta o sgravi fiscali. Inoltre, la professionalizzazione dei lavoratori migliora significativamente i servizi offerti e rafforza l\u2019attrattivit\u00e0 del settore.<\/p>\n\n\n\n<figure class=\"wp-block-image size-full\"><img loading=\"lazy\" decoding=\"async\" width=\"1024\" height=\"699\" src=\"https:\/\/www.effe-homecare.eu\/wp-content\/uploads\/2023\/12\/Carte_EN-e1632152929715-1024x699-1.png\" alt=\"\" class=\"wp-image-7711\" srcset=\"https:\/\/www.effe-homecare.eu\/wp-content\/uploads\/2023\/12\/Carte_EN-e1632152929715-1024x699-1.png 1024w, https:\/\/www.effe-homecare.eu\/wp-content\/uploads\/2023\/12\/Carte_EN-e1632152929715-1024x699-1-300x205.png 300w, https:\/\/www.effe-homecare.eu\/wp-content\/uploads\/2023\/12\/Carte_EN-e1632152929715-1024x699-1-768x524.png 768w, https:\/\/www.effe-homecare.eu\/wp-content\/uploads\/2023\/12\/Carte_EN-e1632152929715-1024x699-1-100x68.png 100w, https:\/\/www.effe-homecare.eu\/wp-content\/uploads\/2023\/12\/Carte_EN-e1632152929715-1024x699-1-60x41.png 60w\" sizes=\"auto, (max-width: 1024px) 100vw, 1024px\" \/><figcaption class=\"wp-element-caption\">Lavoro diretto nell&#8217;UE<\/figcaption><\/figure>\n\n\n\n<h2 class=\"wp-block-heading\">I nostri obiettivi<\/h2>\n\n\n\n<p>A tale scopo, il riconoscimento del lavoro domestico \u00e8 una tappa essenziale verso il completamento di un\u2019Europa sociale che risponda alle esigenze dei suoi cittadini. Gli obiettivi di EFFE sono i seguenti:<\/p>\n\n\n\n<ul class=\"wp-block-list\">\n<li><strong>Riconoscimento legale<\/strong> da parte dei decisori politici europei e delle istituzioni del settore dei servizi alle famiglie, del lavoro presso le famiglie e dell\u2019assistenza a domicilio nella sua dimensione economica, come settore che contribuisce alla competitivit\u00e0 e alla coesione sociale.<\/li>\n\n\n\n<li><strong>Convergenza<\/strong> di tutti i decisori politici ed esperti del settore a livello europeo per mettere in comune i loro punti di forza e le loro conoscenze in modo da identificare i bisogni delle famiglie europee e trovare delle soluzioni rispettose di ciascun contesto culturale.<\/li>\n\n\n\n<li>Professionalizzazione dei lavoratori dei servizi a domicilio su scala europea, maggiore attrattivit\u00e0 dei mestieri in questione, sicurezza e <strong>qualit\u00e0<\/strong> dei servizi forniti e avvio di un dialogo sociale settoriale europeo.<\/li>\n<\/ul>\n\n\n\n<p>* Fonte : J.F. Lebrun. (2020). La complessit\u00e0 delle stime del numero di posti di lavoro generati dal lavoro domestico in Europa. Rapporto realizzato su richiesta dell\u2019Organizzazione Internazionale del Lavoro.<\/p>\n\n\n\n<figure class=\"wp-block-embed is-type-video is-provider-youtube wp-block-embed-youtube wp-embed-aspect-16-9 wp-has-aspect-ratio\"><div class=\"wp-block-embed__wrapper\">\n<iframe loading=\"lazy\" title=\"Domestic &amp; Home Care EU Congress: presentation of the sector\" width=\"500\" height=\"281\" src=\"https:\/\/www.youtube.com\/embed\/QluknZeFCn8?start=3&#038;feature=oembed\" frameborder=\"0\" allow=\"accelerometer; autoplay; clipboard-write; encrypted-media; gyroscope; picture-in-picture; web-share\" referrerpolicy=\"strict-origin-when-cross-origin\" allowfullscreen><\/iframe>\n<\/div><\/figure>\n\n\n<div class=\"effe_fichier-image\">\n    <div class=\"is-content\">\n        <div class=\"row\">\n            <div class=\"col-lg-5\">\n                <div class=\"is-image\">\n                                        <img decoding=\"async\" class=\"img-fluid\" src=\"https:\/\/www.effe-homecare.eu\/wp-content\/uploads\/2025\/03\/EFFE_Brochure_UK_WEB65_Page_1-620x790.jpg\" alt=\"\">\n                <\/div>\n            <\/div>\n            <div class=\"col-lg-6 offset-lg-1\">\n                <div class=\"is-title\">\n                    Lavoro, Famiglia e Assistenza Domiciliare nell&#8217;Unione Europea                <\/div>\n                <div class=\"is-text\">\n                    Sostenere e Promuovere il Settore dell&#8217;Occupazione Domiciliare in Europa: Sfide e Proposte.                <\/div>\n                <a target=\"_blank\" class=\"is-link\" href=\"https:\/\/www.effe-homecare.eu\/wp-content\/uploads\/2025\/03\/EFFE_Brochure_UK_WEB65.pdf\">\n                    <span class=\"lnr lnr-download\"><\/span>                 <\/a>\n            <\/div>\n        <\/div>\n    <\/div>\n<\/div>\n","protected":false},"excerpt":{"rendered":"<p>Definizione La Federazione Europea del Lavoro Domestico e dell\u2019Assistenza Domiciliare (EFFE) \u00e8 uno dei principali attori nel settore dei servizi alla persona e alla famiglia (PHS) su scala europea. In base alla definizione dell\u2019UE, PHS si riferisce ad una vasta gamma di attivit\u00e0 sociali e di assistenza che contribuiscono al benessere delle famiglie e dei [&hellip;]<\/p>\n","protected":false},"author":1,"featured_media":0,"parent":0,"menu_order":63,"comment_status":"closed","ping_status":"closed","template":"page-templates\/editorial.php","meta":{"_acf_changed":false,"_monsterinsights_skip_tracking":false,"_monsterinsights_sitenote_active":false,"_monsterinsights_sitenote_note":"","_monsterinsights_sitenote_category":0,"footnotes":""},"class_list":["post-5728","page","type-page","status-publish","hentry"],"acf":[],"yoast_head":"<!-- This site is optimized with the Yoast SEO plugin v27.3 - https:\/\/yoast.com\/product\/yoast-seo-wordpress\/ -->\n<title>Lavoro domestico - EFFE<\/title>\n<meta name=\"robots\" content=\"index, follow, max-snippet:-1, max-image-preview:large, max-video-preview:-1\" \/>\n<link rel=\"canonical\" href=\"https:\/\/www.effe-homecare.eu\/it\/emploi-a-domicile\/\" \/>\n<meta property=\"og:locale\" content=\"it_IT\" \/>\n<meta property=\"og:type\" content=\"article\" \/>\n<meta property=\"og:title\" content=\"Lavoro domestico - EFFE\" \/>\n<meta property=\"og:description\" content=\"Definizione La Federazione Europea del Lavoro Domestico e dell\u2019Assistenza Domiciliare (EFFE) \u00e8 uno dei principali attori nel settore dei servizi alla persona e alla famiglia (PHS) su scala europea. In base alla definizione dell\u2019UE, PHS si riferisce ad una vasta gamma di attivit\u00e0 sociali e di assistenza che contribuiscono al benessere delle famiglie e dei [&hellip;]\" \/>\n<meta property=\"og:url\" content=\"https:\/\/www.effe-homecare.eu\/it\/emploi-a-domicile\/\" \/>\n<meta property=\"og:site_name\" content=\"EFFE\" \/>\n<meta property=\"article:modified_time\" content=\"2025-03-25T15:57:35+00:00\" \/>\n<meta property=\"og:image\" content=\"https:\/\/www.effe-homecare.eu\/wp-content\/uploads\/2023\/12\/Carte_EN-e1632152929715-1024x699-1.png\" \/>\n\t<meta property=\"og:image:width\" content=\"1024\" \/>\n\t<meta property=\"og:image:height\" content=\"699\" \/>\n\t<meta property=\"og:image:type\" content=\"image\/png\" \/>\n<meta name=\"twitter:card\" content=\"summary_large_image\" \/>\n<meta name=\"twitter:label1\" content=\"Tempo di lettura stimato\" \/>\n\t<meta name=\"twitter:data1\" content=\"5 minuti\" \/>\n<script type=\"application\/ld+json\" class=\"yoast-schema-graph\">{\"@context\":\"https:\\\/\\\/schema.org\",\"@graph\":[{\"@type\":\"WebPage\",\"@id\":\"https:\\\/\\\/www.effe-homecare.eu\\\/it\\\/emploi-a-domicile\\\/\",\"url\":\"https:\\\/\\\/www.effe-homecare.eu\\\/it\\\/emploi-a-domicile\\\/\",\"name\":\"Lavoro domestico - EFFE\",\"isPartOf\":{\"@id\":\"https:\\\/\\\/www.effe-homecare.eu\\\/it\\\/#website\"},\"primaryImageOfPage\":{\"@id\":\"https:\\\/\\\/www.effe-homecare.eu\\\/it\\\/emploi-a-domicile\\\/#primaryimage\"},\"image\":{\"@id\":\"https:\\\/\\\/www.effe-homecare.eu\\\/it\\\/emploi-a-domicile\\\/#primaryimage\"},\"thumbnailUrl\":\"https:\\\/\\\/www.effe-homecare.eu\\\/wp-content\\\/uploads\\\/2023\\\/12\\\/Carte_EN-e1632152929715-1024x699-1.png\",\"datePublished\":\"2020-02-04T14:00:20+00:00\",\"dateModified\":\"2025-03-25T15:57:35+00:00\",\"breadcrumb\":{\"@id\":\"https:\\\/\\\/www.effe-homecare.eu\\\/it\\\/emploi-a-domicile\\\/#breadcrumb\"},\"inLanguage\":\"it-IT\",\"potentialAction\":[{\"@type\":\"ReadAction\",\"target\":[\"https:\\\/\\\/www.effe-homecare.eu\\\/it\\\/emploi-a-domicile\\\/\"]}]},{\"@type\":\"ImageObject\",\"inLanguage\":\"it-IT\",\"@id\":\"https:\\\/\\\/www.effe-homecare.eu\\\/it\\\/emploi-a-domicile\\\/#primaryimage\",\"url\":\"https:\\\/\\\/www.effe-homecare.eu\\\/wp-content\\\/uploads\\\/2023\\\/12\\\/Carte_EN-e1632152929715-1024x699-1.png\",\"contentUrl\":\"https:\\\/\\\/www.effe-homecare.eu\\\/wp-content\\\/uploads\\\/2023\\\/12\\\/Carte_EN-e1632152929715-1024x699-1.png\"},{\"@type\":\"BreadcrumbList\",\"@id\":\"https:\\\/\\\/www.effe-homecare.eu\\\/it\\\/emploi-a-domicile\\\/#breadcrumb\",\"itemListElement\":[{\"@type\":\"ListItem\",\"position\":1,\"name\":\"\",\"item\":\"https:\\\/\\\/www.effe-homecare.eu\\\/it\\\/\"},{\"@type\":\"ListItem\",\"position\":2,\"name\":\"Lavoro domestico\"}]},{\"@type\":\"WebSite\",\"@id\":\"https:\\\/\\\/www.effe-homecare.eu\\\/it\\\/#website\",\"url\":\"https:\\\/\\\/www.effe-homecare.eu\\\/it\\\/\",\"name\":\"EFFE\",\"description\":\"F\u00e9d\u00e9ration Europ\u00e9enne des Emplois et de la Famille\",\"potentialAction\":[{\"@type\":\"SearchAction\",\"target\":{\"@type\":\"EntryPoint\",\"urlTemplate\":\"https:\\\/\\\/www.effe-homecare.eu\\\/it\\\/?s={search_term_string}\"},\"query-input\":{\"@type\":\"PropertyValueSpecification\",\"valueRequired\":true,\"valueName\":\"search_term_string\"}}],\"inLanguage\":\"it-IT\"}]}<\/script>\n<!-- \/ Yoast SEO plugin. -->","yoast_head_json":{"title":"Lavoro domestico - EFFE","robots":{"index":"index","follow":"follow","max-snippet":"max-snippet:-1","max-image-preview":"max-image-preview:large","max-video-preview":"max-video-preview:-1"},"canonical":"https:\/\/www.effe-homecare.eu\/it\/emploi-a-domicile\/","og_locale":"it_IT","og_type":"article","og_title":"Lavoro domestico - EFFE","og_description":"Definizione La Federazione Europea del Lavoro Domestico e dell\u2019Assistenza Domiciliare (EFFE) \u00e8 uno dei principali attori nel settore dei servizi alla persona e alla famiglia (PHS) su scala europea. In base alla definizione dell\u2019UE, PHS si riferisce ad una vasta gamma di attivit\u00e0 sociali e di assistenza che contribuiscono al benessere delle famiglie e dei [&hellip;]","og_url":"https:\/\/www.effe-homecare.eu\/it\/emploi-a-domicile\/","og_site_name":"EFFE","article_modified_time":"2025-03-25T15:57:35+00:00","og_image":[{"width":1024,"height":699,"url":"https:\/\/www.effe-homecare.eu\/wp-content\/uploads\/2023\/12\/Carte_EN-e1632152929715-1024x699-1.png","type":"image\/png"}],"twitter_card":"summary_large_image","twitter_misc":{"Tempo di lettura stimato":"5 minuti"},"schema":{"@context":"https:\/\/schema.org","@graph":[{"@type":"WebPage","@id":"https:\/\/www.effe-homecare.eu\/it\/emploi-a-domicile\/","url":"https:\/\/www.effe-homecare.eu\/it\/emploi-a-domicile\/","name":"Lavoro domestico - EFFE","isPartOf":{"@id":"https:\/\/www.effe-homecare.eu\/it\/#website"},"primaryImageOfPage":{"@id":"https:\/\/www.effe-homecare.eu\/it\/emploi-a-domicile\/#primaryimage"},"image":{"@id":"https:\/\/www.effe-homecare.eu\/it\/emploi-a-domicile\/#primaryimage"},"thumbnailUrl":"https:\/\/www.effe-homecare.eu\/wp-content\/uploads\/2023\/12\/Carte_EN-e1632152929715-1024x699-1.png","datePublished":"2020-02-04T14:00:20+00:00","dateModified":"2025-03-25T15:57:35+00:00","breadcrumb":{"@id":"https:\/\/www.effe-homecare.eu\/it\/emploi-a-domicile\/#breadcrumb"},"inLanguage":"it-IT","potentialAction":[{"@type":"ReadAction","target":["https:\/\/www.effe-homecare.eu\/it\/emploi-a-domicile\/"]}]},{"@type":"ImageObject","inLanguage":"it-IT","@id":"https:\/\/www.effe-homecare.eu\/it\/emploi-a-domicile\/#primaryimage","url":"https:\/\/www.effe-homecare.eu\/wp-content\/uploads\/2023\/12\/Carte_EN-e1632152929715-1024x699-1.png","contentUrl":"https:\/\/www.effe-homecare.eu\/wp-content\/uploads\/2023\/12\/Carte_EN-e1632152929715-1024x699-1.png"},{"@type":"BreadcrumbList","@id":"https:\/\/www.effe-homecare.eu\/it\/emploi-a-domicile\/#breadcrumb","itemListElement":[{"@type":"ListItem","position":1,"name":"","item":"https:\/\/www.effe-homecare.eu\/it\/"},{"@type":"ListItem","position":2,"name":"Lavoro domestico"}]},{"@type":"WebSite","@id":"https:\/\/www.effe-homecare.eu\/it\/#website","url":"https:\/\/www.effe-homecare.eu\/it\/","name":"EFFE","description":"F\u00e9d\u00e9ration Europ\u00e9enne des Emplois et de la Famille","potentialAction":[{"@type":"SearchAction","target":{"@type":"EntryPoint","urlTemplate":"https:\/\/www.effe-homecare.eu\/it\/?s={search_term_string}"},"query-input":{"@type":"PropertyValueSpecification","valueRequired":true,"valueName":"search_term_string"}}],"inLanguage":"it-IT"}]}},"_links":{"self":[{"href":"https:\/\/www.effe-homecare.eu\/it\/wp-json\/wp\/v2\/pages\/5728","targetHints":{"allow":["GET"]}}],"collection":[{"href":"https:\/\/www.effe-homecare.eu\/it\/wp-json\/wp\/v2\/pages"}],"about":[{"href":"https:\/\/www.effe-homecare.eu\/it\/wp-json\/wp\/v2\/types\/page"}],"author":[{"embeddable":true,"href":"https:\/\/www.effe-homecare.eu\/it\/wp-json\/wp\/v2\/users\/1"}],"replies":[{"embeddable":true,"href":"https:\/\/www.effe-homecare.eu\/it\/wp-json\/wp\/v2\/comments?post=5728"}],"version-history":[{"count":13,"href":"https:\/\/www.effe-homecare.eu\/it\/wp-json\/wp\/v2\/pages\/5728\/revisions"}],"predecessor-version":[{"id":9134,"href":"https:\/\/www.effe-homecare.eu\/it\/wp-json\/wp\/v2\/pages\/5728\/revisions\/9134"}],"wp:attachment":[{"href":"https:\/\/www.effe-homecare.eu\/it\/wp-json\/wp\/v2\/media?parent=5728"}],"curies":[{"name":"wp","href":"https:\/\/api.w.org\/{rel}","templated":true}]}}