{"id":8309,"date":"2024-10-24T17:39:24","date_gmt":"2024-10-24T15:39:24","guid":{"rendered":"https:\/\/www.effe-homecare.eu\/simulateur-ue\/"},"modified":"2025-06-06T01:29:45","modified_gmt":"2025-06-05T23:29:45","slug":"dom-and-care-value","status":"publish","type":"page","link":"https:\/\/www.effe-homecare.eu\/en\/dom-and-care-value\/","title":{"rendered":"Dom&amp;Care Value"},"content":{"rendered":"\n<div class=\"wp-block-columns alignwide is-layout-flex wp-container-core-columns-is-layout-9d6595d7 wp-block-columns-is-layout-flex\">\n<div class=\"wp-block-column is-layout-flow wp-block-column-is-layout-flow\">\n<figure class=\"wp-block-embed is-type-video is-provider-youtube wp-block-embed-youtube wp-embed-aspect-16-9 wp-has-aspect-ratio\"><div class=\"wp-block-embed__wrapper\">\n<iframe loading=\"lazy\" title=\"Dom &amp; Care Value\" width=\"500\" height=\"281\" src=\"https:\/\/www.youtube.com\/embed\/D0YY83tPP2g?feature=oembed\" frameborder=\"0\" allow=\"accelerometer; autoplay; clipboard-write; encrypted-media; gyroscope; picture-in-picture; web-share\" referrerpolicy=\"strict-origin-when-cross-origin\" allowfullscreen><\/iframe>\n<\/div><\/figure>\n<\/div>\n\n\n\n<div class=\"wp-block-column is-vertically-aligned-top is-layout-flow wp-block-column-is-layout-flow\">\n<h2 class=\"wp-block-heading\">An interactive simulator to optimize home care and domestic work expenses<\/h2>\n\n\n\n<p><em>This one-of-a-kind simulator assesses the economic and social impacts of subsidies related to domestic care (indirect care). Discover how to make declared work more competitive while generating positive returns for public finances, families, and workers. It is a public spending evaluation tool that considers both efficiency and effectiveness<\/em>.<\/p>\n\n\n    <div  class=\"button-block\" >\n        <a href=\"https:\/\/www.effe-homecare.eu\/en\/dom-and-care-value\/dom-and-care-value-why-is-this-tool-necessary\/\" target=\"\" title=\"Read more\" class=\"bouton-block__container\">\n            <i class=\"\"><\/i>\n            Read more        <\/a>\n    <\/div>\n<\/div>\n<\/div>\n\n\n\n<p><\/p>\n","protected":false},"excerpt":{"rendered":"<p>An interactive simulator to optimize home care and domestic work expenses This one-of-a-kind simulator assesses the economic and social impacts of subsidies related to domestic care (indirect care). Discover how to make declared work more competitive while generating positive returns for public finances, families, and workers. It is a public spending evaluation tool that considers [&hellip;]<\/p>\n","protected":false},"author":1,"featured_media":0,"parent":0,"menu_order":15,"comment_status":"closed","ping_status":"closed","template":"page-templates\/eu-simulate-home.php","meta":{"_acf_changed":false,"_monsterinsights_skip_tracking":false,"_monsterinsights_sitenote_active":false,"_monsterinsights_sitenote_note":"","_monsterinsights_sitenote_category":0,"footnotes":""},"class_list":["post-8309","page","type-page","status-publish","hentry"],"acf":[],"yoast_head":"<!-- This site is optimized with the Yoast SEO plugin v27.3 - https:\/\/yoast.com\/product\/yoast-seo-wordpress\/ -->\n<title>Dom&amp;Care Value - EFFE<\/title>\n<meta name=\"robots\" content=\"index, follow, max-snippet:-1, max-image-preview:large, max-video-preview:-1\" \/>\n<link rel=\"canonical\" href=\"https:\/\/www.effe-homecare.eu\/en\/dom-and-care-value\/\" \/>\n<meta property=\"og:locale\" content=\"en_US\" \/>\n<meta property=\"og:type\" content=\"article\" \/>\n<meta property=\"og:title\" content=\"Dom&amp;Care Value - EFFE\" \/>\n<meta property=\"og:description\" content=\"An interactive simulator to optimize home care and domestic work expenses This one-of-a-kind simulator assesses the economic and social impacts of subsidies related to domestic care (indirect care). Discover how to make declared work more competitive while generating positive returns for public finances, families, and workers. It is a public spending evaluation tool that considers [&hellip;]\" \/>\n<meta property=\"og:url\" content=\"https:\/\/www.effe-homecare.eu\/en\/dom-and-care-value\/\" \/>\n<meta property=\"og:site_name\" content=\"EFFE\" \/>\n<meta property=\"article:modified_time\" content=\"2025-06-05T23:29:45+00:00\" \/>\n<meta name=\"twitter:card\" content=\"summary_large_image\" \/>\n<meta name=\"twitter:label1\" content=\"Est. reading time\" \/>\n\t<meta name=\"twitter:data1\" content=\"1 minute\" \/>\n<script type=\"application\/ld+json\" class=\"yoast-schema-graph\">{\"@context\":\"https:\\\/\\\/schema.org\",\"@graph\":[{\"@type\":\"WebPage\",\"@id\":\"https:\\\/\\\/www.effe-homecare.eu\\\/en\\\/dom-and-care-value\\\/\",\"url\":\"https:\\\/\\\/www.effe-homecare.eu\\\/en\\\/dom-and-care-value\\\/\",\"name\":\"Dom&amp;Care Value - EFFE\",\"isPartOf\":{\"@id\":\"https:\\\/\\\/www.effe-homecare.eu\\\/en\\\/#website\"},\"datePublished\":\"2024-10-24T15:39:24+00:00\",\"dateModified\":\"2025-06-05T23:29:45+00:00\",\"breadcrumb\":{\"@id\":\"https:\\\/\\\/www.effe-homecare.eu\\\/en\\\/dom-and-care-value\\\/#breadcrumb\"},\"inLanguage\":\"en-US\",\"potentialAction\":[{\"@type\":\"ReadAction\",\"target\":[\"https:\\\/\\\/www.effe-homecare.eu\\\/en\\\/dom-and-care-value\\\/\"]}]},{\"@type\":\"BreadcrumbList\",\"@id\":\"https:\\\/\\\/www.effe-homecare.eu\\\/en\\\/dom-and-care-value\\\/#breadcrumb\",\"itemListElement\":[{\"@type\":\"ListItem\",\"position\":1,\"name\":\"\",\"item\":\"https:\\\/\\\/www.effe-homecare.eu\\\/en\\\/\"},{\"@type\":\"ListItem\",\"position\":2,\"name\":\"Dom&amp;Care Value\"}]},{\"@type\":\"WebSite\",\"@id\":\"https:\\\/\\\/www.effe-homecare.eu\\\/en\\\/#website\",\"url\":\"https:\\\/\\\/www.effe-homecare.eu\\\/en\\\/\",\"name\":\"EFFE\",\"description\":\"F\u00e9d\u00e9ration Europ\u00e9enne des Emplois et de la Famille\",\"potentialAction\":[{\"@type\":\"SearchAction\",\"target\":{\"@type\":\"EntryPoint\",\"urlTemplate\":\"https:\\\/\\\/www.effe-homecare.eu\\\/en\\\/?s={search_term_string}\"},\"query-input\":{\"@type\":\"PropertyValueSpecification\",\"valueRequired\":true,\"valueName\":\"search_term_string\"}}],\"inLanguage\":\"en-US\"}]}<\/script>\n<!-- \/ Yoast SEO plugin. -->","yoast_head_json":{"title":"Dom&amp;Care Value - EFFE","robots":{"index":"index","follow":"follow","max-snippet":"max-snippet:-1","max-image-preview":"max-image-preview:large","max-video-preview":"max-video-preview:-1"},"canonical":"https:\/\/www.effe-homecare.eu\/en\/dom-and-care-value\/","og_locale":"en_US","og_type":"article","og_title":"Dom&amp;Care Value - EFFE","og_description":"An interactive simulator to optimize home care and domestic work expenses This one-of-a-kind simulator assesses the economic and social impacts of subsidies related to domestic care (indirect care). Discover how to make declared work more competitive while generating positive returns for public finances, families, and workers. It is a public spending evaluation tool that considers [&hellip;]","og_url":"https:\/\/www.effe-homecare.eu\/en\/dom-and-care-value\/","og_site_name":"EFFE","article_modified_time":"2025-06-05T23:29:45+00:00","twitter_card":"summary_large_image","twitter_misc":{"Est. reading time":"1 minute"},"schema":{"@context":"https:\/\/schema.org","@graph":[{"@type":"WebPage","@id":"https:\/\/www.effe-homecare.eu\/en\/dom-and-care-value\/","url":"https:\/\/www.effe-homecare.eu\/en\/dom-and-care-value\/","name":"Dom&amp;Care Value - EFFE","isPartOf":{"@id":"https:\/\/www.effe-homecare.eu\/en\/#website"},"datePublished":"2024-10-24T15:39:24+00:00","dateModified":"2025-06-05T23:29:45+00:00","breadcrumb":{"@id":"https:\/\/www.effe-homecare.eu\/en\/dom-and-care-value\/#breadcrumb"},"inLanguage":"en-US","potentialAction":[{"@type":"ReadAction","target":["https:\/\/www.effe-homecare.eu\/en\/dom-and-care-value\/"]}]},{"@type":"BreadcrumbList","@id":"https:\/\/www.effe-homecare.eu\/en\/dom-and-care-value\/#breadcrumb","itemListElement":[{"@type":"ListItem","position":1,"name":"","item":"https:\/\/www.effe-homecare.eu\/en\/"},{"@type":"ListItem","position":2,"name":"Dom&amp;Care Value"}]},{"@type":"WebSite","@id":"https:\/\/www.effe-homecare.eu\/en\/#website","url":"https:\/\/www.effe-homecare.eu\/en\/","name":"EFFE","description":"F\u00e9d\u00e9ration Europ\u00e9enne des Emplois et de la Famille","potentialAction":[{"@type":"SearchAction","target":{"@type":"EntryPoint","urlTemplate":"https:\/\/www.effe-homecare.eu\/en\/?s={search_term_string}"},"query-input":{"@type":"PropertyValueSpecification","valueRequired":true,"valueName":"search_term_string"}}],"inLanguage":"en-US"}]}},"_links":{"self":[{"href":"https:\/\/www.effe-homecare.eu\/en\/wp-json\/wp\/v2\/pages\/8309","targetHints":{"allow":["GET"]}}],"collection":[{"href":"https:\/\/www.effe-homecare.eu\/en\/wp-json\/wp\/v2\/pages"}],"about":[{"href":"https:\/\/www.effe-homecare.eu\/en\/wp-json\/wp\/v2\/types\/page"}],"author":[{"embeddable":true,"href":"https:\/\/www.effe-homecare.eu\/en\/wp-json\/wp\/v2\/users\/1"}],"replies":[{"embeddable":true,"href":"https:\/\/www.effe-homecare.eu\/en\/wp-json\/wp\/v2\/comments?post=8309"}],"version-history":[{"count":12,"href":"https:\/\/www.effe-homecare.eu\/en\/wp-json\/wp\/v2\/pages\/8309\/revisions"}],"predecessor-version":[{"id":9283,"href":"https:\/\/www.effe-homecare.eu\/en\/wp-json\/wp\/v2\/pages\/8309\/revisions\/9283"}],"wp:attachment":[{"href":"https:\/\/www.effe-homecare.eu\/en\/wp-json\/wp\/v2\/media?parent=8309"}],"curies":[{"name":"wp","href":"https:\/\/api.w.org\/{rel}","templated":true}]}}