{"id":7751,"date":"2024-02-09T22:02:13","date_gmt":"2024-02-09T21:02:13","guid":{"rendered":"https:\/\/www.effe-homecare.eu\/?page_id=7751"},"modified":"2024-02-09T22:02:14","modified_gmt":"2024-02-09T21:02:14","slug":"care4care","status":"publish","type":"page","link":"https:\/\/www.effe-homecare.eu\/en\/care4care\/","title":{"rendered":"Care4Care"},"content":{"rendered":"<div class=\"wp-block-image\">\n<figure class=\"aligncenter size-full\"><img loading=\"lazy\" decoding=\"async\" width=\"400\" height=\"138\" src=\"https:\/\/www.effe-homecare.eu\/wp-content\/uploads\/2024\/02\/Care4care-logo.png\" alt=\"\" class=\"wp-image-7748\" srcset=\"https:\/\/www.effe-homecare.eu\/wp-content\/uploads\/2024\/02\/Care4care-logo.png 400w, https:\/\/www.effe-homecare.eu\/wp-content\/uploads\/2024\/02\/Care4care-logo-300x104.png 300w, https:\/\/www.effe-homecare.eu\/wp-content\/uploads\/2024\/02\/Care4care-logo-100x35.png 100w, https:\/\/www.effe-homecare.eu\/wp-content\/uploads\/2024\/02\/Care4care-logo-60x21.png 60w\" sizes=\"auto, (max-width: 400px) 100vw, 400px\" \/><\/figure>\n<\/div>\n\n\n<h3 class=\"wp-block-heading\"><strong>The project<\/strong><\/h3>\n\n\n\n<p>The objective of the <a href=\"https:\/\/www.care4care.net\/\">CARE4CARE <\/a>project is to investigate in a comparative and multidisciplinary perspective the working conditions of care workers and their perception of their working environment in six EU Member States (France, Germany, Italy, Poland, Spain and Sweden) and to develop suitable tools to improve job quality and counteract discrimination in the sector.<\/p>\n\n\n\n<p>The project aims to create a model of analysis and regulation that can be replicated in other European countries and can bring out new relevant strategies for European institutions. Moreover, it aims to empower care workers and their representatives in the design and delivery of policies that affect their lives. Project work includes the development of a web platform that provides accessible information on working conditions for care workers.<\/p>\n\n\n\n<p>Care workers are mainly women and migrants, which makes the care sector an interesting field to verify the dynamics of segregation and exclusion that affect the labour market. At the same time, it is a challenging testing ground, which allows to design and verify new measures to contrast discrimination and promote social inclusion.<\/p>\n\n\n\n<p>EU institutions have included the care work sector among those sectors \u201ckey to the future of European society and economy\u201d. The Covid-19 pandemic has made even more clear the centrality of care work in modern societies but it also made more visible many critical issues affecting the working conditions of care workers, such as: the lack of adequate economic resources, the workforce shortage, the pressure put on care workers, the risks for their well-being, the underfinancing of social care as a consequence of the reorganisation and partial retrenchment of the welfare state, the weaker bargaining power in the sector than in male-dominated sectors, the undervaluation of female-dominated jobs, the prevalence of undeclared work in domestic care work, patterns of discrimination in the sector on grounds of gender and nationality and the intersectionality between the two.<\/p>\n\n\n\n<p>This project aims to develop suitable tools to improve job quality and contrast discrimination, such as: elaborating policy strategies to tackle the undervaluation of care work, with particular attention to the key role that trade unions, employers\u2019 associations as well as equality and monitoring bodies can play; designing training programmes to empower trade unions and family associations and employers reps to improve job quality in the sector; setting up of a permanent observatory on care work, which will implement a platform accessible to care workers, in order to improve their rights\u2019 awareness.<\/p>\n\n\n\n<h3 class=\"wp-block-heading\"><strong>Duration<\/strong><strong><\/strong><\/h3>\n\n\n\n<p>36 months: From January 2023 to December 2025<\/p>\n\n\n\n<h3 class=\"wp-block-heading\"><strong>Partners<\/strong><strong><\/strong><\/h3>\n\n\n\n<ul class=\"wp-block-list\">\n<li>Coordinator: <a href=\"https:\/\/www.unifi.it\/\">Universira degli studi di firenze <\/a>(Unifi &#8211; Italy)<\/li>\n\n\n\n<li><a href=\"https:\/\/www.lunduniversity.lu.se\/\">Lund University<\/a> (UNI Lund \u2013 Sweden)<\/li>\n\n\n\n<li><a href=\"https:\/\/www.udg.edu\/ca\/\">Universitat de Girona <\/a>(UdG &#8211; Spain)<\/li>\n\n\n\n<li><a href=\"https:\/\/www.us.es\/\">Universidad de Sevilla<\/a> (UdS \u2013 Spain)<\/li>\n\n\n\n<li><a href=\"https:\/\/www.europa-uni.de\/en\/index.html\">Europa Universitat Viadrina<\/a> (EUV \u2013 Germany)<\/li>\n\n\n\n<li><a href=\"https:\/\/www.ur.edu.pl\/en\/home\">Uniwersytet Rzeszowski<\/a> (RU \u2013 Poland)<\/li>\n\n\n\n<li><a href=\"https:\/\/tour4eu.eu\/\">Tuscan organization of Universities and Research for Europe <\/a>(TOUR4EU \u2013 BE)<\/li>\n\n\n\n<li><a href=\"https:\/\/www.u-bordeaux.fr\/\">Universit\u00e9 de Bordeaux<\/a> (UdB \u2013 France)<\/li>\n\n\n\n<li><a href=\"https:\/\/www.effe-homecare.eu\/\">European Federation for Family Employment<\/a> (EFFE \u2013 BE)<\/li>\n\n\n\n<li><a href=\"https:\/\/www.efsi-europe.eu\/fr\/page-daccueil\/\">European Federation for Services to Individuals <\/a>(EFSI- BE)<\/li>\n<\/ul>\n\n\n\n<h3 class=\"wp-block-heading\"><strong>The goals of the Consortium<\/strong><\/h3>\n\n\n\n<ul class=\"wp-block-list\">\n<li><strong>Create a model of analysis and regulation <\/strong>of the care sector that can be replicated in other European countries and can bring out new relevant strategies for institutional intervention<\/li>\n\n\n\n<li><strong>Give voice to care workers<\/strong> and their representatives in the design and delivery of policies and measures that have an impact on their lives<\/li>\n\n\n\n<li><strong>Set up a web platform<\/strong> providing accessible information on working conditions to improve the right\u2019s<\/li>\n<\/ul>\n","protected":false},"excerpt":{"rendered":"<p>The project The objective of the CARE4CARE project is to investigate in a comparative and multidisciplinary perspective the working conditions of care workers and their perception of their working environment in six EU Member States (France, Germany, Italy, Poland, Spain and Sweden) and to develop suitable tools to improve job quality and counteract discrimination in [&hellip;]<\/p>\n","protected":false},"author":6,"featured_media":0,"parent":0,"menu_order":28,"comment_status":"closed","ping_status":"closed","template":"","meta":{"_acf_changed":false,"_monsterinsights_skip_tracking":false,"_monsterinsights_sitenote_active":false,"_monsterinsights_sitenote_note":"","_monsterinsights_sitenote_category":0,"footnotes":""},"class_list":["post-7751","page","type-page","status-publish","hentry"],"acf":[],"yoast_head":"<!-- This site is optimized with the Yoast SEO plugin v27.3 - https:\/\/yoast.com\/product\/yoast-seo-wordpress\/ -->\n<title>Care4Care - EFFE<\/title>\n<meta name=\"robots\" content=\"index, follow, max-snippet:-1, max-image-preview:large, max-video-preview:-1\" \/>\n<link rel=\"canonical\" href=\"https:\/\/www.effe-homecare.eu\/en\/care4care\/\" \/>\n<meta property=\"og:locale\" content=\"en_US\" \/>\n<meta property=\"og:type\" content=\"article\" \/>\n<meta property=\"og:title\" content=\"Care4Care - EFFE\" \/>\n<meta property=\"og:description\" content=\"The project The objective of the CARE4CARE project is to investigate in a comparative and multidisciplinary perspective the working conditions of care workers and their perception of their working environment in six EU Member States (France, Germany, Italy, Poland, Spain and Sweden) and to develop suitable tools to improve job quality and counteract discrimination in [&hellip;]\" \/>\n<meta property=\"og:url\" content=\"https:\/\/www.effe-homecare.eu\/en\/care4care\/\" \/>\n<meta property=\"og:site_name\" content=\"EFFE\" \/>\n<meta property=\"article:modified_time\" content=\"2024-02-09T21:02:14+00:00\" \/>\n<meta property=\"og:image\" content=\"https:\/\/www.effe-homecare.eu\/wp-content\/uploads\/2024\/02\/Care4care-logo.png\" \/>\n<meta name=\"twitter:card\" content=\"summary_large_image\" \/>\n<meta name=\"twitter:label1\" content=\"Est. reading time\" \/>\n\t<meta name=\"twitter:data1\" content=\"4 minutes\" \/>\n<script type=\"application\/ld+json\" class=\"yoast-schema-graph\">{\"@context\":\"https:\\\/\\\/schema.org\",\"@graph\":[{\"@type\":\"WebPage\",\"@id\":\"https:\\\/\\\/www.effe-homecare.eu\\\/en\\\/care4care\\\/\",\"url\":\"https:\\\/\\\/www.effe-homecare.eu\\\/en\\\/care4care\\\/\",\"name\":\"Care4Care - EFFE\",\"isPartOf\":{\"@id\":\"https:\\\/\\\/www.effe-homecare.eu\\\/en\\\/#website\"},\"primaryImageOfPage\":{\"@id\":\"https:\\\/\\\/www.effe-homecare.eu\\\/en\\\/care4care\\\/#primaryimage\"},\"image\":{\"@id\":\"https:\\\/\\\/www.effe-homecare.eu\\\/en\\\/care4care\\\/#primaryimage\"},\"thumbnailUrl\":\"https:\\\/\\\/www.effe-homecare.eu\\\/wp-content\\\/uploads\\\/2024\\\/02\\\/Care4care-logo.png\",\"datePublished\":\"2024-02-09T21:02:13+00:00\",\"dateModified\":\"2024-02-09T21:02:14+00:00\",\"breadcrumb\":{\"@id\":\"https:\\\/\\\/www.effe-homecare.eu\\\/en\\\/care4care\\\/#breadcrumb\"},\"inLanguage\":\"en-US\",\"potentialAction\":[{\"@type\":\"ReadAction\",\"target\":[\"https:\\\/\\\/www.effe-homecare.eu\\\/en\\\/care4care\\\/\"]}]},{\"@type\":\"ImageObject\",\"inLanguage\":\"en-US\",\"@id\":\"https:\\\/\\\/www.effe-homecare.eu\\\/en\\\/care4care\\\/#primaryimage\",\"url\":\"https:\\\/\\\/www.effe-homecare.eu\\\/wp-content\\\/uploads\\\/2024\\\/02\\\/Care4care-logo.png\",\"contentUrl\":\"https:\\\/\\\/www.effe-homecare.eu\\\/wp-content\\\/uploads\\\/2024\\\/02\\\/Care4care-logo.png\"},{\"@type\":\"BreadcrumbList\",\"@id\":\"https:\\\/\\\/www.effe-homecare.eu\\\/en\\\/care4care\\\/#breadcrumb\",\"itemListElement\":[{\"@type\":\"ListItem\",\"position\":1,\"name\":\"\",\"item\":\"https:\\\/\\\/www.effe-homecare.eu\\\/en\\\/\"},{\"@type\":\"ListItem\",\"position\":2,\"name\":\"Care4Care\"}]},{\"@type\":\"WebSite\",\"@id\":\"https:\\\/\\\/www.effe-homecare.eu\\\/en\\\/#website\",\"url\":\"https:\\\/\\\/www.effe-homecare.eu\\\/en\\\/\",\"name\":\"EFFE\",\"description\":\"F\u00e9d\u00e9ration Europ\u00e9enne des Emplois et de la Famille\",\"potentialAction\":[{\"@type\":\"SearchAction\",\"target\":{\"@type\":\"EntryPoint\",\"urlTemplate\":\"https:\\\/\\\/www.effe-homecare.eu\\\/en\\\/?s={search_term_string}\"},\"query-input\":{\"@type\":\"PropertyValueSpecification\",\"valueRequired\":true,\"valueName\":\"search_term_string\"}}],\"inLanguage\":\"en-US\"}]}<\/script>\n<!-- \/ Yoast SEO plugin. -->","yoast_head_json":{"title":"Care4Care - EFFE","robots":{"index":"index","follow":"follow","max-snippet":"max-snippet:-1","max-image-preview":"max-image-preview:large","max-video-preview":"max-video-preview:-1"},"canonical":"https:\/\/www.effe-homecare.eu\/en\/care4care\/","og_locale":"en_US","og_type":"article","og_title":"Care4Care - EFFE","og_description":"The project The objective of the CARE4CARE project is to investigate in a comparative and multidisciplinary perspective the working conditions of care workers and their perception of their working environment in six EU Member States (France, Germany, Italy, Poland, Spain and Sweden) and to develop suitable tools to improve job quality and counteract discrimination in [&hellip;]","og_url":"https:\/\/www.effe-homecare.eu\/en\/care4care\/","og_site_name":"EFFE","article_modified_time":"2024-02-09T21:02:14+00:00","og_image":[{"url":"https:\/\/www.effe-homecare.eu\/wp-content\/uploads\/2024\/02\/Care4care-logo.png","type":"","width":"","height":""}],"twitter_card":"summary_large_image","twitter_misc":{"Est. reading time":"4 minutes"},"schema":{"@context":"https:\/\/schema.org","@graph":[{"@type":"WebPage","@id":"https:\/\/www.effe-homecare.eu\/en\/care4care\/","url":"https:\/\/www.effe-homecare.eu\/en\/care4care\/","name":"Care4Care - EFFE","isPartOf":{"@id":"https:\/\/www.effe-homecare.eu\/en\/#website"},"primaryImageOfPage":{"@id":"https:\/\/www.effe-homecare.eu\/en\/care4care\/#primaryimage"},"image":{"@id":"https:\/\/www.effe-homecare.eu\/en\/care4care\/#primaryimage"},"thumbnailUrl":"https:\/\/www.effe-homecare.eu\/wp-content\/uploads\/2024\/02\/Care4care-logo.png","datePublished":"2024-02-09T21:02:13+00:00","dateModified":"2024-02-09T21:02:14+00:00","breadcrumb":{"@id":"https:\/\/www.effe-homecare.eu\/en\/care4care\/#breadcrumb"},"inLanguage":"en-US","potentialAction":[{"@type":"ReadAction","target":["https:\/\/www.effe-homecare.eu\/en\/care4care\/"]}]},{"@type":"ImageObject","inLanguage":"en-US","@id":"https:\/\/www.effe-homecare.eu\/en\/care4care\/#primaryimage","url":"https:\/\/www.effe-homecare.eu\/wp-content\/uploads\/2024\/02\/Care4care-logo.png","contentUrl":"https:\/\/www.effe-homecare.eu\/wp-content\/uploads\/2024\/02\/Care4care-logo.png"},{"@type":"BreadcrumbList","@id":"https:\/\/www.effe-homecare.eu\/en\/care4care\/#breadcrumb","itemListElement":[{"@type":"ListItem","position":1,"name":"","item":"https:\/\/www.effe-homecare.eu\/en\/"},{"@type":"ListItem","position":2,"name":"Care4Care"}]},{"@type":"WebSite","@id":"https:\/\/www.effe-homecare.eu\/en\/#website","url":"https:\/\/www.effe-homecare.eu\/en\/","name":"EFFE","description":"F\u00e9d\u00e9ration Europ\u00e9enne des Emplois et de la Famille","potentialAction":[{"@type":"SearchAction","target":{"@type":"EntryPoint","urlTemplate":"https:\/\/www.effe-homecare.eu\/en\/?s={search_term_string}"},"query-input":{"@type":"PropertyValueSpecification","valueRequired":true,"valueName":"search_term_string"}}],"inLanguage":"en-US"}]}},"_links":{"self":[{"href":"https:\/\/www.effe-homecare.eu\/en\/wp-json\/wp\/v2\/pages\/7751","targetHints":{"allow":["GET"]}}],"collection":[{"href":"https:\/\/www.effe-homecare.eu\/en\/wp-json\/wp\/v2\/pages"}],"about":[{"href":"https:\/\/www.effe-homecare.eu\/en\/wp-json\/wp\/v2\/types\/page"}],"author":[{"embeddable":true,"href":"https:\/\/www.effe-homecare.eu\/en\/wp-json\/wp\/v2\/users\/6"}],"replies":[{"embeddable":true,"href":"https:\/\/www.effe-homecare.eu\/en\/wp-json\/wp\/v2\/comments?post=7751"}],"version-history":[{"count":1,"href":"https:\/\/www.effe-homecare.eu\/en\/wp-json\/wp\/v2\/pages\/7751\/revisions"}],"predecessor-version":[{"id":7752,"href":"https:\/\/www.effe-homecare.eu\/en\/wp-json\/wp\/v2\/pages\/7751\/revisions\/7752"}],"wp:attachment":[{"href":"https:\/\/www.effe-homecare.eu\/en\/wp-json\/wp\/v2\/media?parent=7751"}],"curies":[{"name":"wp","href":"https:\/\/api.w.org\/{rel}","templated":true}]}}