{"id":7739,"date":"2024-02-09T18:00:16","date_gmt":"2024-02-09T17:00:16","guid":{"rendered":"https:\/\/www.effe-homecare.eu\/?page_id=7739"},"modified":"2024-02-09T18:00:17","modified_gmt":"2024-02-09T17:00:17","slug":"prodome","status":"publish","type":"page","link":"https:\/\/www.effe-homecare.eu\/en\/prodome\/","title":{"rendered":"Prodome"},"content":{"rendered":"<div class=\"wp-block-image\">\n<figure class=\"aligncenter size-full\"><img loading=\"lazy\" decoding=\"async\" width=\"620\" height=\"453\" src=\"https:\/\/www.effe-homecare.eu\/wp-content\/uploads\/2023\/07\/effe-homecare-logo-prodome-1.png\" alt=\"\" class=\"wp-image-5810\" srcset=\"https:\/\/www.effe-homecare.eu\/wp-content\/uploads\/2023\/07\/effe-homecare-logo-prodome-1.png 620w, https:\/\/www.effe-homecare.eu\/wp-content\/uploads\/2023\/07\/effe-homecare-logo-prodome-1-300x219.png 300w, https:\/\/www.effe-homecare.eu\/wp-content\/uploads\/2023\/07\/effe-homecare-logo-prodome-1-100x73.png 100w, https:\/\/www.effe-homecare.eu\/wp-content\/uploads\/2023\/07\/effe-homecare-logo-prodome-1-60x44.png 60w\" sizes=\"auto, (max-width: 620px) 100vw, 620px\" \/><\/figure>\n<\/div>\n\n\n<h3 class=\"wp-block-heading\">The project<\/h3>\n\n\n\n<p><a href=\"https:\/\/www.prodome.eu\/en\/\">Prodome <\/a>aims to develop the professionalisation of domestic workers in Europe. Three main axes are developed until October 2019 to tackle this issue.<\/p>\n\n\n\n<ul class=\"wp-block-list\">\n<li>Achieve a better understanding of the situation of domestic workers in Europe.<\/li>\n\n\n\n<li>Develop a training programme adapted to current needs of domestic workers.<\/li>\n\n\n\n<li>Promote a European certification of domestic workers.<\/li>\n<\/ul>\n\n\n\n<p>This project is co-funded within the framework of the Erasmus+ Sector Skills Alliances programme.<\/p>\n\n\n\n<h3 class=\"wp-block-heading\">Duration<\/h3>\n\n\n\n<p>From November 1st, 2016 to October 31st 2019<\/p>\n\n\n\n<h3 class=\"wp-block-heading\">Partners<\/h3>\n\n\n\n<ul class=\"wp-block-list\">\n<li><a href=\"https:\/\/www.iperia.eu\/\">IPERIA<\/a>, France<\/li>\n\n\n\n<li><a href=\"https:\/\/www.fepem.fr\/\">FEPEM<\/a>, France<\/li>\n\n\n\n<li><a href=\"https:\/\/assindatcolf.it\/\">ASSINDATCOLF<\/a>, Italy<\/li>\n\n\n\n<li><a href=\"https:\/\/www.margotta.it\/\">Margotta group<\/a>, Italy<\/li>\n\n\n\n<li><a href=\"https:\/\/www.forem.es\/\">FOREM<\/a>, Spain<\/li>\n\n\n\n<li><a href=\"https:\/\/www.ccoo.es\/\">CCOO<\/a>, Spain<\/li>\n\n\n\n<li><a href=\"https:\/\/www.regione.emilia-romagna.it\/\">Regione Emilia-Romagna<\/a>, Italy<\/li>\n\n\n\n<li><a href=\"https:\/\/www.consulentidellavoro.it\/\">ANCL<\/a>, Italy<\/li>\n\n\n\n<li><a href=\"https:\/\/www.fundae.es\/\">FUNDAE<\/a>, Spain<\/li>\n<\/ul>\n\n\n\n<h3 class=\"wp-block-heading\">Deliverables<\/h3>\n\n\n\n<ul class=\"wp-block-list\">\n<li><a href=\"https:\/\/www.effe-homecare.eu\/en\/publication\/etat-des-lieux-du-metier-demploye-familial-en-europe\/\">State of the art of domestic work in Europe<\/a><\/li>\n\n\n\n<li><a href=\"https:\/\/www.effe-homecare.eu\/en\/publication\/creation-of-competence-framework\/\">Creation of competence framework<\/a><\/li>\n\n\n\n<li><a href=\"https:\/\/www.effe-homecare.eu\/en\/publication\/creation-of-a-training-programme-in-blended-learning\/\">Creation of a training programme in blended learning<\/a><\/li>\n\n\n\n<li><a href=\"https:\/\/www.effe-homecare.eu\/en\/publication\/un-rapport-sur-une-future-certification-des-employes-familiaux\/\">Study on a future certification for domestic workers<\/a><\/li>\n\n\n\n<li><a href=\"https:\/\/www.effe-homecare.eu\/en\/publication\/une-feuille-de-route-pour-une-certification-europeenne\/\">Roadmap for a European certification<\/a><\/li>\n<\/ul>\n","protected":false},"excerpt":{"rendered":"<p>The project Prodome aims to develop the professionalisation of domestic workers in Europe. Three main axes are developed until October 2019 to tackle this issue. This project is co-funded within the framework of the Erasmus+ Sector Skills Alliances programme. Duration From November 1st, 2016 to October 31st 2019 Partners Deliverables<\/p>\n","protected":false},"author":6,"featured_media":0,"parent":0,"menu_order":31,"comment_status":"closed","ping_status":"closed","template":"","meta":{"_acf_changed":false,"_monsterinsights_skip_tracking":false,"_monsterinsights_sitenote_active":false,"_monsterinsights_sitenote_note":"","_monsterinsights_sitenote_category":0,"footnotes":""},"class_list":["post-7739","page","type-page","status-publish","hentry"],"acf":[],"yoast_head":"<!-- This site is optimized with the Yoast SEO plugin v27.3 - https:\/\/yoast.com\/product\/yoast-seo-wordpress\/ -->\n<title>Prodome - EFFE<\/title>\n<meta name=\"robots\" content=\"index, follow, max-snippet:-1, max-image-preview:large, max-video-preview:-1\" \/>\n<link rel=\"canonical\" href=\"https:\/\/www.effe-homecare.eu\/en\/prodome\/\" \/>\n<meta property=\"og:locale\" content=\"en_US\" \/>\n<meta property=\"og:type\" content=\"article\" \/>\n<meta property=\"og:title\" content=\"Prodome - EFFE\" \/>\n<meta property=\"og:description\" content=\"The project Prodome aims to develop the professionalisation of domestic workers in Europe. Three main axes are developed until October 2019 to tackle this issue. This project is co-funded within the framework of the Erasmus+ Sector Skills Alliances programme. Duration From November 1st, 2016 to October 31st 2019 Partners Deliverables\" \/>\n<meta property=\"og:url\" content=\"https:\/\/www.effe-homecare.eu\/en\/prodome\/\" \/>\n<meta property=\"og:site_name\" content=\"EFFE\" \/>\n<meta property=\"article:modified_time\" content=\"2024-02-09T17:00:17+00:00\" \/>\n<meta property=\"og:image\" content=\"https:\/\/www.effe-homecare.eu\/wp-content\/uploads\/2023\/07\/effe-homecare-logo-prodome-1.png\" \/>\n<meta name=\"twitter:card\" content=\"summary_large_image\" \/>\n<meta name=\"twitter:label1\" content=\"Est. reading time\" \/>\n\t<meta name=\"twitter:data1\" content=\"1 minute\" \/>\n<script type=\"application\/ld+json\" class=\"yoast-schema-graph\">{\"@context\":\"https:\\\/\\\/schema.org\",\"@graph\":[{\"@type\":\"WebPage\",\"@id\":\"https:\\\/\\\/www.effe-homecare.eu\\\/en\\\/prodome\\\/\",\"url\":\"https:\\\/\\\/www.effe-homecare.eu\\\/en\\\/prodome\\\/\",\"name\":\"Prodome - EFFE\",\"isPartOf\":{\"@id\":\"https:\\\/\\\/www.effe-homecare.eu\\\/en\\\/#website\"},\"primaryImageOfPage\":{\"@id\":\"https:\\\/\\\/www.effe-homecare.eu\\\/en\\\/prodome\\\/#primaryimage\"},\"image\":{\"@id\":\"https:\\\/\\\/www.effe-homecare.eu\\\/en\\\/prodome\\\/#primaryimage\"},\"thumbnailUrl\":\"https:\\\/\\\/www.effe-homecare.eu\\\/wp-content\\\/uploads\\\/2023\\\/07\\\/effe-homecare-logo-prodome-1.png\",\"datePublished\":\"2024-02-09T17:00:16+00:00\",\"dateModified\":\"2024-02-09T17:00:17+00:00\",\"breadcrumb\":{\"@id\":\"https:\\\/\\\/www.effe-homecare.eu\\\/en\\\/prodome\\\/#breadcrumb\"},\"inLanguage\":\"en-US\",\"potentialAction\":[{\"@type\":\"ReadAction\",\"target\":[\"https:\\\/\\\/www.effe-homecare.eu\\\/en\\\/prodome\\\/\"]}]},{\"@type\":\"ImageObject\",\"inLanguage\":\"en-US\",\"@id\":\"https:\\\/\\\/www.effe-homecare.eu\\\/en\\\/prodome\\\/#primaryimage\",\"url\":\"https:\\\/\\\/www.effe-homecare.eu\\\/wp-content\\\/uploads\\\/2023\\\/07\\\/effe-homecare-logo-prodome-1.png\",\"contentUrl\":\"https:\\\/\\\/www.effe-homecare.eu\\\/wp-content\\\/uploads\\\/2023\\\/07\\\/effe-homecare-logo-prodome-1.png\"},{\"@type\":\"BreadcrumbList\",\"@id\":\"https:\\\/\\\/www.effe-homecare.eu\\\/en\\\/prodome\\\/#breadcrumb\",\"itemListElement\":[{\"@type\":\"ListItem\",\"position\":1,\"name\":\"\",\"item\":\"https:\\\/\\\/www.effe-homecare.eu\\\/en\\\/\"},{\"@type\":\"ListItem\",\"position\":2,\"name\":\"Prodome\"}]},{\"@type\":\"WebSite\",\"@id\":\"https:\\\/\\\/www.effe-homecare.eu\\\/en\\\/#website\",\"url\":\"https:\\\/\\\/www.effe-homecare.eu\\\/en\\\/\",\"name\":\"EFFE\",\"description\":\"F\u00e9d\u00e9ration Europ\u00e9enne des Emplois et de la Famille\",\"potentialAction\":[{\"@type\":\"SearchAction\",\"target\":{\"@type\":\"EntryPoint\",\"urlTemplate\":\"https:\\\/\\\/www.effe-homecare.eu\\\/en\\\/?s={search_term_string}\"},\"query-input\":{\"@type\":\"PropertyValueSpecification\",\"valueRequired\":true,\"valueName\":\"search_term_string\"}}],\"inLanguage\":\"en-US\"}]}<\/script>\n<!-- \/ Yoast SEO plugin. -->","yoast_head_json":{"title":"Prodome - EFFE","robots":{"index":"index","follow":"follow","max-snippet":"max-snippet:-1","max-image-preview":"max-image-preview:large","max-video-preview":"max-video-preview:-1"},"canonical":"https:\/\/www.effe-homecare.eu\/en\/prodome\/","og_locale":"en_US","og_type":"article","og_title":"Prodome - EFFE","og_description":"The project Prodome aims to develop the professionalisation of domestic workers in Europe. Three main axes are developed until October 2019 to tackle this issue. This project is co-funded within the framework of the Erasmus+ Sector Skills Alliances programme. Duration From November 1st, 2016 to October 31st 2019 Partners Deliverables","og_url":"https:\/\/www.effe-homecare.eu\/en\/prodome\/","og_site_name":"EFFE","article_modified_time":"2024-02-09T17:00:17+00:00","og_image":[{"url":"https:\/\/www.effe-homecare.eu\/wp-content\/uploads\/2023\/07\/effe-homecare-logo-prodome-1.png","type":"","width":"","height":""}],"twitter_card":"summary_large_image","twitter_misc":{"Est. reading time":"1 minute"},"schema":{"@context":"https:\/\/schema.org","@graph":[{"@type":"WebPage","@id":"https:\/\/www.effe-homecare.eu\/en\/prodome\/","url":"https:\/\/www.effe-homecare.eu\/en\/prodome\/","name":"Prodome - EFFE","isPartOf":{"@id":"https:\/\/www.effe-homecare.eu\/en\/#website"},"primaryImageOfPage":{"@id":"https:\/\/www.effe-homecare.eu\/en\/prodome\/#primaryimage"},"image":{"@id":"https:\/\/www.effe-homecare.eu\/en\/prodome\/#primaryimage"},"thumbnailUrl":"https:\/\/www.effe-homecare.eu\/wp-content\/uploads\/2023\/07\/effe-homecare-logo-prodome-1.png","datePublished":"2024-02-09T17:00:16+00:00","dateModified":"2024-02-09T17:00:17+00:00","breadcrumb":{"@id":"https:\/\/www.effe-homecare.eu\/en\/prodome\/#breadcrumb"},"inLanguage":"en-US","potentialAction":[{"@type":"ReadAction","target":["https:\/\/www.effe-homecare.eu\/en\/prodome\/"]}]},{"@type":"ImageObject","inLanguage":"en-US","@id":"https:\/\/www.effe-homecare.eu\/en\/prodome\/#primaryimage","url":"https:\/\/www.effe-homecare.eu\/wp-content\/uploads\/2023\/07\/effe-homecare-logo-prodome-1.png","contentUrl":"https:\/\/www.effe-homecare.eu\/wp-content\/uploads\/2023\/07\/effe-homecare-logo-prodome-1.png"},{"@type":"BreadcrumbList","@id":"https:\/\/www.effe-homecare.eu\/en\/prodome\/#breadcrumb","itemListElement":[{"@type":"ListItem","position":1,"name":"","item":"https:\/\/www.effe-homecare.eu\/en\/"},{"@type":"ListItem","position":2,"name":"Prodome"}]},{"@type":"WebSite","@id":"https:\/\/www.effe-homecare.eu\/en\/#website","url":"https:\/\/www.effe-homecare.eu\/en\/","name":"EFFE","description":"F\u00e9d\u00e9ration Europ\u00e9enne des Emplois et de la Famille","potentialAction":[{"@type":"SearchAction","target":{"@type":"EntryPoint","urlTemplate":"https:\/\/www.effe-homecare.eu\/en\/?s={search_term_string}"},"query-input":{"@type":"PropertyValueSpecification","valueRequired":true,"valueName":"search_term_string"}}],"inLanguage":"en-US"}]}},"_links":{"self":[{"href":"https:\/\/www.effe-homecare.eu\/en\/wp-json\/wp\/v2\/pages\/7739","targetHints":{"allow":["GET"]}}],"collection":[{"href":"https:\/\/www.effe-homecare.eu\/en\/wp-json\/wp\/v2\/pages"}],"about":[{"href":"https:\/\/www.effe-homecare.eu\/en\/wp-json\/wp\/v2\/types\/page"}],"author":[{"embeddable":true,"href":"https:\/\/www.effe-homecare.eu\/en\/wp-json\/wp\/v2\/users\/6"}],"replies":[{"embeddable":true,"href":"https:\/\/www.effe-homecare.eu\/en\/wp-json\/wp\/v2\/comments?post=7739"}],"version-history":[{"count":2,"href":"https:\/\/www.effe-homecare.eu\/en\/wp-json\/wp\/v2\/pages\/7739\/revisions"}],"predecessor-version":[{"id":7741,"href":"https:\/\/www.effe-homecare.eu\/en\/wp-json\/wp\/v2\/pages\/7739\/revisions\/7741"}],"wp:attachment":[{"href":"https:\/\/www.effe-homecare.eu\/en\/wp-json\/wp\/v2\/media?parent=7739"}],"curies":[{"name":"wp","href":"https:\/\/api.w.org\/{rel}","templated":true}]}}