{"id":7729,"date":"2024-02-09T17:53:38","date_gmt":"2024-02-09T16:53:38","guid":{"rendered":"https:\/\/www.effe-homecare.eu\/?page_id=7729"},"modified":"2024-02-09T17:53:39","modified_gmt":"2024-02-09T16:53:39","slug":"ad-phs","status":"publish","type":"page","link":"https:\/\/www.effe-homecare.eu\/en\/ad-phs\/","title":{"rendered":"Ad-PHS"},"content":{"rendered":"<div class=\"wp-block-image\">\n<figure class=\"aligncenter size-full\"><img loading=\"lazy\" decoding=\"async\" width=\"620\" height=\"250\" src=\"https:\/\/www.effe-homecare.eu\/wp-content\/uploads\/2023\/07\/effe-homecare-logo-adphs-3.png\" alt=\"\" class=\"wp-image-5807\" srcset=\"https:\/\/www.effe-homecare.eu\/wp-content\/uploads\/2023\/07\/effe-homecare-logo-adphs-3.png 620w, https:\/\/www.effe-homecare.eu\/wp-content\/uploads\/2023\/07\/effe-homecare-logo-adphs-3-300x121.png 300w, https:\/\/www.effe-homecare.eu\/wp-content\/uploads\/2023\/07\/effe-homecare-logo-adphs-3-100x40.png 100w, https:\/\/www.effe-homecare.eu\/wp-content\/uploads\/2023\/07\/effe-homecare-logo-adphs-3-60x24.png 60w\" sizes=\"auto, (max-width: 620px) 100vw, 620px\" \/><\/figure>\n<\/div>\n\n\n<h3 class=\"wp-block-heading\">The project<\/h3>\n\n\n\n<p>The project <a href=\"https:\/\/ad-phs.eu\/\">AD-PHS<\/a>, which runs until May 2020, is intended to lead to the creation of a single platform of support, guidance, and advice to the European authorities in the development of sector-based public policies in the field of personal and home services. In concrete terms, the project will enable the organization of 21 national workshops and seminars organized in EU Member States, which will allow the exchange of good practices, the deepening of research and the development of a consolidated social dialogue between the many players in the sector, be they trade unions, employers\u2019 organizations, ministries, or civil society actors. It will ultimately promote the development of common instruments to all EU Member States, and provide tools for public policy advice by the EU authorities.<\/p>\n\n\n\n<h3 class=\"wp-block-heading\">Duration<\/h3>\n\n\n\n<p>From December 2018 to December 2020<\/p>\n\n\n\n<h3 class=\"wp-block-heading\">Partners<\/h3>\n\n\n\n<ul class=\"wp-block-list\">\n<li>Coordinator: European Association of Service Providers for Persons with Disabilities&nbsp;(<a href=\"http:\/\/easpd.eu\/en\">EASPD<\/a>), Belgium<\/li>\n\n\n\n<li>Goethe University Frankfurt Am Main \u2013 Institute for Economics, Labour and Culture (<a href=\"http:\/\/www.iwak-frankfurt.de\/\">IWAK<\/a>), Germany<\/li>\n\n\n\n<li>European Federation for Services to Individuals (<a href=\"http:\/\/www.efsi-europe.eu\/home\/\">EFSI<\/a>), Belgium<\/li>\n\n\n\n<li>European Federation for Family Employment &amp; Home Care (<a href=\"https:\/\/www.effe-homecare.eu\/en\/\">EFFE<\/a>), Belgium<\/li>\n\n\n\n<li><a href=\"http:\/\/www.uni-europa.org\/\">UNI Europa<\/a>, Belgium<\/li>\n\n\n\n<li>European Federation of Trade Unions in the Food, Agriculture and Tourism sectors and allied branches&nbsp;(<a href=\"http:\/\/www.effat.org\/en\">EFFAT<\/a>), Belgium<\/li>\n\n\n\n<li><a href=\"http:\/\/www.diesis.coop\/\">DIESIS COOP<\/a>, Belgium<\/li>\n<\/ul>\n\n\n\n<h3 class=\"wp-block-heading\">Deliverables<\/h3>\n\n\n\n<ul class=\"wp-block-list\">\n<li>Report \u201cPersonal and Household Services in the EU: State of Play\u201d<\/li>\n\n\n\n<li><a href=\"https:\/\/www.effe-homecare.eu\/en\/publication\/rapport-pratiques-prometteuses-dans-les-services-aux-personnes-et-aux-menages-decembre-2020\/\">Report \u201cPromising Practices in Personal and Household Services\u201d<\/a><\/li>\n\n\n\n<li>21 Country Reports (<a href=\"https:\/\/www.effe-homecare.eu\/en\/publication\/rapport-ad-phs-autriche\/\">Austria<\/a>,&nbsp;<a href=\"https:\/\/www.effe-homecare.eu\/en\/publication\/rapport-ad-phs-belgique\/\">Belgium<\/a>,&nbsp;<a href=\"https:\/\/www.effe-homecare.eu\/en\/publication\/rapport-ad-phs-bulgarie\/\">Bulgaria<\/a>,&nbsp;<a href=\"https:\/\/www.effe-homecare.eu\/en\/publication\/rapport-ad-phs-republique-tcheque\/\">Czech-Republic<\/a>,&nbsp;<a href=\"https:\/\/www.effe-homecare.eu\/en\/publication\/rapport-ad-phs-danemark\/\">Denmark<\/a>,&nbsp;<a href=\"https:\/\/www.effe-homecare.eu\/en\/publication\/rapport-ad-phs-estonie\/\">Estonia<\/a>,&nbsp;<a href=\"https:\/\/www.effe-homecare.eu\/en\/publication\/rapport-ad-phs-finlande-decembre-2020\/\">Finland<\/a>,&nbsp;<a href=\"https:\/\/www.effe-homecare.eu\/en\/publication\/rapport-ad-phs-france-mars-2020\/\">France<\/a>,&nbsp;<a href=\"https:\/\/www.effe-homecare.eu\/en\/publication\/rapport-ad-phs-allemagne-decembre-2020\/\">Germany<\/a>,&nbsp;<a href=\"https:\/\/www.effe-homecare.eu\/en\/publication\/rapport-ad-phs-hongrie-octobre-2020\/\">Hungary<\/a>,&nbsp;<a href=\"https:\/\/www.effe-homecare.eu\/en\/publication\/rapport-ad-phs-irlande-octobre-2020\/\">Ireland<\/a>,&nbsp;<a href=\"https:\/\/www.effe-homecare.eu\/en\/publication\/rapport-ad-phs-italie-mars-2020\/\">Italy<\/a>,&nbsp;<a href=\"https:\/\/www.effe-homecare.eu\/en\/publication\/rapport-ad-phs-luxembourg-mars-2020\/\">Luxembourg<\/a>,&nbsp;<a href=\"https:\/\/www.effe-homecare.eu\/en\/publication\/rapport-ad-phs-malte-octobre-2020\/\">Malta<\/a>,&nbsp;<a href=\"https:\/\/www.effe-homecare.eu\/en\/publication\/rapport-ad-phs-pays-bas-octobre-2020\/\">Netherlands<\/a>,&nbsp;<a href=\"https:\/\/www.effe-homecare.eu\/en\/publication\/rapport-ad-phs-pologne-octobre-2020\/\">Poland<\/a>,&nbsp;<a href=\"https:\/\/www.effe-homecare.eu\/en\/publication\/rapport-ad-phs-roumanie-decembre-2020\/\">Romania<\/a>,&nbsp;<a href=\"https:\/\/www.effe-homecare.eu\/en\/publication\/rapport-ad-phs-slovaquie-decembre-2020\/\">Slovakia<\/a>,&nbsp;<a href=\"https:\/\/www.effe-homecare.eu\/en\/publication\/rapport-ad-phs-slovenie-decembre-2020\/\">Slovenia<\/a>,&nbsp;<a href=\"https:\/\/www.effe-homecare.eu\/en\/publication\/rapport-ad-phs-espagne-avril-2020\/\">Spain<\/a>,&nbsp;<a href=\"https:\/\/www.effe-homecare.eu\/en\/publication\/rapport-ad-phs-suede-mars-2020\/\">Sweden<\/a>)<\/li>\n\n\n\n<li>Report \u201cThe short-term impact of COVID-19 on the field of PHS and support measures in 21 EU Member States\u201d.<\/li>\n\n\n\n<li>Position paper \u201cImproving the working conditions of PHS workers: successful approaches identified by the Ad-PHS project\u201d<\/li>\n\n\n\n<li><a href=\"https:\/\/www.effe-homecare.eu\/en\/publication\/lignes-directrices-pour-le-developpement-de-structures-de-dialogue-social-dans-les-phs\/\">Guidelines for developing social dialogue structures in Personal and Household Services<\/a><\/li>\n\n\n\n<li><a href=\"https:\/\/www.effe-homecare.eu\/en\/publication\/lignes-directrices-pour-le-developpement-de-programmes-de-titres-sociaux\/\">Guidelines for developing social voucher progams<\/a><\/li>\n\n\n\n<li><a href=\"https:\/\/www.effe-homecare.eu\/en\/publication\/lignes-directrices-pour-developper-des-profils-professionnels\/\">Guidelines for developing professional profiles<\/a><\/li>\n\n\n\n<li><a href=\"https:\/\/www.effe-homecare.eu\/en\/publication\/lignes-directrices-pour-levaluation-des-droits-et-obligations-des-parties-prenantes-decembre-2020\/\">Guidelines for developing the rights and obligations of employers and workers<\/a><\/li>\n\n\n\n<li><a href=\"https:\/\/www.effe-homecare.eu\/en\/publication\/lignes-directrices-pour-le-developpement-de-plateformes-et-de-reseaux-numeriques\/\">Guidelines for developing digital platforms &amp; networks<\/a><\/li>\n\n\n\n<li><a href=\"https:\/\/www.effe-homecare.eu\/en\/publication\/lignes-directrices-pour-le-developpement-de-cooperatives-de-travail-associe-decembre-2020\/\">Guidelines for developing workers cooperatives<\/a><\/li>\n\n\n\n<li>National workshops and seminars in 21 European countries (Austria, Belgium, Bulgaria, Czech Republic, Denmark, Estonia, Finland, France, Germany, Hungary, Ireland, Italy, Luxemburg, Malta, Netherlands, Poland, Romania, Slovakia, Slovenia, Spain &amp; Sweden).<\/li>\n<\/ul>\n","protected":false},"excerpt":{"rendered":"<p>The project The project AD-PHS, which runs until May 2020, is intended to lead to the creation of a single platform of support, guidance, and advice to the European authorities in the development of sector-based public policies in the field of personal and home services. In concrete terms, the project will enable the organization of [&hellip;]<\/p>\n","protected":false},"author":6,"featured_media":0,"parent":0,"menu_order":34,"comment_status":"closed","ping_status":"closed","template":"","meta":{"_acf_changed":false,"_monsterinsights_skip_tracking":false,"_monsterinsights_sitenote_active":false,"_monsterinsights_sitenote_note":"","_monsterinsights_sitenote_category":0,"footnotes":""},"class_list":["post-7729","page","type-page","status-publish","hentry"],"acf":[],"yoast_head":"<!-- This site is optimized with the Yoast SEO plugin v27.3 - https:\/\/yoast.com\/product\/yoast-seo-wordpress\/ -->\n<title>Ad-PHS - EFFE<\/title>\n<meta name=\"robots\" content=\"index, follow, max-snippet:-1, max-image-preview:large, max-video-preview:-1\" \/>\n<link rel=\"canonical\" href=\"https:\/\/www.effe-homecare.eu\/en\/ad-phs\/\" \/>\n<meta property=\"og:locale\" content=\"en_US\" \/>\n<meta property=\"og:type\" content=\"article\" \/>\n<meta property=\"og:title\" content=\"Ad-PHS - EFFE\" \/>\n<meta property=\"og:description\" content=\"The project The project AD-PHS, which runs until May 2020, is intended to lead to the creation of a single platform of support, guidance, and advice to the European authorities in the development of sector-based public policies in the field of personal and home services. In concrete terms, the project will enable the organization of [&hellip;]\" \/>\n<meta property=\"og:url\" content=\"https:\/\/www.effe-homecare.eu\/en\/ad-phs\/\" \/>\n<meta property=\"og:site_name\" content=\"EFFE\" \/>\n<meta property=\"article:modified_time\" content=\"2024-02-09T16:53:39+00:00\" \/>\n<meta property=\"og:image\" content=\"https:\/\/www.effe-homecare.eu\/wp-content\/uploads\/2023\/07\/effe-homecare-logo-adphs-3.png\" \/>\n<meta name=\"twitter:card\" content=\"summary_large_image\" \/>\n<meta name=\"twitter:label1\" content=\"Est. reading time\" \/>\n\t<meta name=\"twitter:data1\" content=\"3 minutes\" \/>\n<script type=\"application\/ld+json\" class=\"yoast-schema-graph\">{\"@context\":\"https:\\\/\\\/schema.org\",\"@graph\":[{\"@type\":\"WebPage\",\"@id\":\"https:\\\/\\\/www.effe-homecare.eu\\\/en\\\/ad-phs\\\/\",\"url\":\"https:\\\/\\\/www.effe-homecare.eu\\\/en\\\/ad-phs\\\/\",\"name\":\"Ad-PHS - EFFE\",\"isPartOf\":{\"@id\":\"https:\\\/\\\/www.effe-homecare.eu\\\/en\\\/#website\"},\"primaryImageOfPage\":{\"@id\":\"https:\\\/\\\/www.effe-homecare.eu\\\/en\\\/ad-phs\\\/#primaryimage\"},\"image\":{\"@id\":\"https:\\\/\\\/www.effe-homecare.eu\\\/en\\\/ad-phs\\\/#primaryimage\"},\"thumbnailUrl\":\"https:\\\/\\\/www.effe-homecare.eu\\\/wp-content\\\/uploads\\\/2023\\\/07\\\/effe-homecare-logo-adphs-3.png\",\"datePublished\":\"2024-02-09T16:53:38+00:00\",\"dateModified\":\"2024-02-09T16:53:39+00:00\",\"breadcrumb\":{\"@id\":\"https:\\\/\\\/www.effe-homecare.eu\\\/en\\\/ad-phs\\\/#breadcrumb\"},\"inLanguage\":\"en-US\",\"potentialAction\":[{\"@type\":\"ReadAction\",\"target\":[\"https:\\\/\\\/www.effe-homecare.eu\\\/en\\\/ad-phs\\\/\"]}]},{\"@type\":\"ImageObject\",\"inLanguage\":\"en-US\",\"@id\":\"https:\\\/\\\/www.effe-homecare.eu\\\/en\\\/ad-phs\\\/#primaryimage\",\"url\":\"https:\\\/\\\/www.effe-homecare.eu\\\/wp-content\\\/uploads\\\/2023\\\/07\\\/effe-homecare-logo-adphs-3.png\",\"contentUrl\":\"https:\\\/\\\/www.effe-homecare.eu\\\/wp-content\\\/uploads\\\/2023\\\/07\\\/effe-homecare-logo-adphs-3.png\"},{\"@type\":\"BreadcrumbList\",\"@id\":\"https:\\\/\\\/www.effe-homecare.eu\\\/en\\\/ad-phs\\\/#breadcrumb\",\"itemListElement\":[{\"@type\":\"ListItem\",\"position\":1,\"name\":\"\",\"item\":\"https:\\\/\\\/www.effe-homecare.eu\\\/en\\\/\"},{\"@type\":\"ListItem\",\"position\":2,\"name\":\"Ad-PHS\"}]},{\"@type\":\"WebSite\",\"@id\":\"https:\\\/\\\/www.effe-homecare.eu\\\/en\\\/#website\",\"url\":\"https:\\\/\\\/www.effe-homecare.eu\\\/en\\\/\",\"name\":\"EFFE\",\"description\":\"F\u00e9d\u00e9ration Europ\u00e9enne des Emplois et de la Famille\",\"potentialAction\":[{\"@type\":\"SearchAction\",\"target\":{\"@type\":\"EntryPoint\",\"urlTemplate\":\"https:\\\/\\\/www.effe-homecare.eu\\\/en\\\/?s={search_term_string}\"},\"query-input\":{\"@type\":\"PropertyValueSpecification\",\"valueRequired\":true,\"valueName\":\"search_term_string\"}}],\"inLanguage\":\"en-US\"}]}<\/script>\n<!-- \/ Yoast SEO plugin. -->","yoast_head_json":{"title":"Ad-PHS - EFFE","robots":{"index":"index","follow":"follow","max-snippet":"max-snippet:-1","max-image-preview":"max-image-preview:large","max-video-preview":"max-video-preview:-1"},"canonical":"https:\/\/www.effe-homecare.eu\/en\/ad-phs\/","og_locale":"en_US","og_type":"article","og_title":"Ad-PHS - EFFE","og_description":"The project The project AD-PHS, which runs until May 2020, is intended to lead to the creation of a single platform of support, guidance, and advice to the European authorities in the development of sector-based public policies in the field of personal and home services. In concrete terms, the project will enable the organization of [&hellip;]","og_url":"https:\/\/www.effe-homecare.eu\/en\/ad-phs\/","og_site_name":"EFFE","article_modified_time":"2024-02-09T16:53:39+00:00","og_image":[{"url":"https:\/\/www.effe-homecare.eu\/wp-content\/uploads\/2023\/07\/effe-homecare-logo-adphs-3.png","type":"","width":"","height":""}],"twitter_card":"summary_large_image","twitter_misc":{"Est. reading time":"3 minutes"},"schema":{"@context":"https:\/\/schema.org","@graph":[{"@type":"WebPage","@id":"https:\/\/www.effe-homecare.eu\/en\/ad-phs\/","url":"https:\/\/www.effe-homecare.eu\/en\/ad-phs\/","name":"Ad-PHS - EFFE","isPartOf":{"@id":"https:\/\/www.effe-homecare.eu\/en\/#website"},"primaryImageOfPage":{"@id":"https:\/\/www.effe-homecare.eu\/en\/ad-phs\/#primaryimage"},"image":{"@id":"https:\/\/www.effe-homecare.eu\/en\/ad-phs\/#primaryimage"},"thumbnailUrl":"https:\/\/www.effe-homecare.eu\/wp-content\/uploads\/2023\/07\/effe-homecare-logo-adphs-3.png","datePublished":"2024-02-09T16:53:38+00:00","dateModified":"2024-02-09T16:53:39+00:00","breadcrumb":{"@id":"https:\/\/www.effe-homecare.eu\/en\/ad-phs\/#breadcrumb"},"inLanguage":"en-US","potentialAction":[{"@type":"ReadAction","target":["https:\/\/www.effe-homecare.eu\/en\/ad-phs\/"]}]},{"@type":"ImageObject","inLanguage":"en-US","@id":"https:\/\/www.effe-homecare.eu\/en\/ad-phs\/#primaryimage","url":"https:\/\/www.effe-homecare.eu\/wp-content\/uploads\/2023\/07\/effe-homecare-logo-adphs-3.png","contentUrl":"https:\/\/www.effe-homecare.eu\/wp-content\/uploads\/2023\/07\/effe-homecare-logo-adphs-3.png"},{"@type":"BreadcrumbList","@id":"https:\/\/www.effe-homecare.eu\/en\/ad-phs\/#breadcrumb","itemListElement":[{"@type":"ListItem","position":1,"name":"","item":"https:\/\/www.effe-homecare.eu\/en\/"},{"@type":"ListItem","position":2,"name":"Ad-PHS"}]},{"@type":"WebSite","@id":"https:\/\/www.effe-homecare.eu\/en\/#website","url":"https:\/\/www.effe-homecare.eu\/en\/","name":"EFFE","description":"F\u00e9d\u00e9ration Europ\u00e9enne des Emplois et de la Famille","potentialAction":[{"@type":"SearchAction","target":{"@type":"EntryPoint","urlTemplate":"https:\/\/www.effe-homecare.eu\/en\/?s={search_term_string}"},"query-input":{"@type":"PropertyValueSpecification","valueRequired":true,"valueName":"search_term_string"}}],"inLanguage":"en-US"}]}},"_links":{"self":[{"href":"https:\/\/www.effe-homecare.eu\/en\/wp-json\/wp\/v2\/pages\/7729","targetHints":{"allow":["GET"]}}],"collection":[{"href":"https:\/\/www.effe-homecare.eu\/en\/wp-json\/wp\/v2\/pages"}],"about":[{"href":"https:\/\/www.effe-homecare.eu\/en\/wp-json\/wp\/v2\/types\/page"}],"author":[{"embeddable":true,"href":"https:\/\/www.effe-homecare.eu\/en\/wp-json\/wp\/v2\/users\/6"}],"replies":[{"embeddable":true,"href":"https:\/\/www.effe-homecare.eu\/en\/wp-json\/wp\/v2\/comments?post=7729"}],"version-history":[{"count":2,"href":"https:\/\/www.effe-homecare.eu\/en\/wp-json\/wp\/v2\/pages\/7729\/revisions"}],"predecessor-version":[{"id":7731,"href":"https:\/\/www.effe-homecare.eu\/en\/wp-json\/wp\/v2\/pages\/7729\/revisions\/7731"}],"wp:attachment":[{"href":"https:\/\/www.effe-homecare.eu\/en\/wp-json\/wp\/v2\/media?parent=7729"}],"curies":[{"name":"wp","href":"https:\/\/api.w.org\/{rel}","templated":true}]}}