{"id":6116,"date":"2023-09-11T20:30:24","date_gmt":"2023-09-11T18:30:24","guid":{"rendered":"https:\/\/www.effe-homecare.eu\/?page_id=6116"},"modified":"2023-11-08T12:16:12","modified_gmt":"2023-11-08T11:16:12","slug":"domestic-home-care-eu-congress-agenda","status":"publish","type":"page","link":"https:\/\/www.effe-homecare.eu\/en\/domestic-home-care-eu-congress-agenda\/","title":{"rendered":"Domestic &#038; home care EU Congress: Agenda"},"content":{"rendered":"<div class=\"wp-block-image\">\n<figure class=\"aligncenter size-large\"><img loading=\"lazy\" decoding=\"async\" width=\"1024\" height=\"244\" src=\"https:\/\/www.effe-homecare.eu\/wp-content\/uploads\/2023\/09\/EFFE-10ans-bandeau-OK-1024x244.png\" alt=\"\" class=\"wp-image-6111\" srcset=\"https:\/\/www.effe-homecare.eu\/wp-content\/uploads\/2023\/09\/EFFE-10ans-bandeau-OK-1024x244.png 1024w, https:\/\/www.effe-homecare.eu\/wp-content\/uploads\/2023\/09\/EFFE-10ans-bandeau-OK-300x72.png 300w, https:\/\/www.effe-homecare.eu\/wp-content\/uploads\/2023\/09\/EFFE-10ans-bandeau-OK-768x183.png 768w, https:\/\/www.effe-homecare.eu\/wp-content\/uploads\/2023\/09\/EFFE-10ans-bandeau-OK-1536x366.png 1536w, https:\/\/www.effe-homecare.eu\/wp-content\/uploads\/2023\/09\/EFFE-10ans-bandeau-OK-100x24.png 100w, https:\/\/www.effe-homecare.eu\/wp-content\/uploads\/2023\/09\/EFFE-10ans-bandeau-OK-60x14.png 60w, https:\/\/www.effe-homecare.eu\/wp-content\/uploads\/2023\/09\/EFFE-10ans-bandeau-OK.png 2000w\" sizes=\"auto, (max-width: 1024px) 100vw, 1024px\" \/><\/figure>\n<\/div>\n\n\n<div class=\"wp-block-columns is-layout-flex wp-container-core-columns-is-layout-9d6595d7 wp-block-columns-is-layout-flex\">\n<div class=\"wp-block-column is-layout-flow wp-block-column-is-layout-flow\">\n<figure class=\"wp-block-image size-large\"><img loading=\"lazy\" decoding=\"async\" width=\"1024\" height=\"545\" src=\"https:\/\/www.effe-homecare.eu\/wp-content\/uploads\/2023\/10\/EP_Logo-Patronage_Standard_FC_EN_RGB-2-1024x545.jpg\" alt=\"\" class=\"wp-image-6248\" srcset=\"https:\/\/www.effe-homecare.eu\/wp-content\/uploads\/2023\/10\/EP_Logo-Patronage_Standard_FC_EN_RGB-2-1024x545.jpg 1024w, https:\/\/www.effe-homecare.eu\/wp-content\/uploads\/2023\/10\/EP_Logo-Patronage_Standard_FC_EN_RGB-2-300x160.jpg 300w, https:\/\/www.effe-homecare.eu\/wp-content\/uploads\/2023\/10\/EP_Logo-Patronage_Standard_FC_EN_RGB-2-768x409.jpg 768w, https:\/\/www.effe-homecare.eu\/wp-content\/uploads\/2023\/10\/EP_Logo-Patronage_Standard_FC_EN_RGB-2-1536x818.jpg 1536w, https:\/\/www.effe-homecare.eu\/wp-content\/uploads\/2023\/10\/EP_Logo-Patronage_Standard_FC_EN_RGB-2-2048x1091.jpg 2048w, https:\/\/www.effe-homecare.eu\/wp-content\/uploads\/2023\/10\/EP_Logo-Patronage_Standard_FC_EN_RGB-2-100x53.jpg 100w, https:\/\/www.effe-homecare.eu\/wp-content\/uploads\/2023\/10\/EP_Logo-Patronage_Standard_FC_EN_RGB-2-60x32.jpg 60w\" sizes=\"auto, (max-width: 1024px) 100vw, 1024px\" \/><\/figure>\n<\/div>\n\n\n\n<div class=\"wp-block-column is-layout-flow wp-block-column-is-layout-flow\"><div class=\"wp-block-image\">\n<figure class=\"aligncenter size-full is-resized\"><img loading=\"lazy\" decoding=\"async\" src=\"https:\/\/www.effe-homecare.eu\/wp-content\/uploads\/2023\/10\/EYS_logo_RGB1.jpg\" alt=\"\" class=\"wp-image-6251\" width=\"190\" height=\"132\" srcset=\"https:\/\/www.effe-homecare.eu\/wp-content\/uploads\/2023\/10\/EYS_logo_RGB1.jpg 984w, https:\/\/www.effe-homecare.eu\/wp-content\/uploads\/2023\/10\/EYS_logo_RGB1-300x209.jpg 300w, https:\/\/www.effe-homecare.eu\/wp-content\/uploads\/2023\/10\/EYS_logo_RGB1-768x536.jpg 768w, https:\/\/www.effe-homecare.eu\/wp-content\/uploads\/2023\/10\/EYS_logo_RGB1-100x70.jpg 100w, https:\/\/www.effe-homecare.eu\/wp-content\/uploads\/2023\/10\/EYS_logo_RGB1-60x42.jpg 60w\" sizes=\"auto, (max-width: 190px) 100vw, 190px\" \/><\/figure>\n<\/div><\/div>\n\n\n\n<div class=\"wp-block-column is-layout-flow wp-block-column-is-layout-flow\">\n<figure class=\"wp-block-image size-full\"><img loading=\"lazy\" decoding=\"async\" width=\"425\" height=\"241\" src=\"https:\/\/www.effe-homecare.eu\/wp-content\/uploads\/2023\/10\/EESC-logo-EN-pos.jpg\" alt=\"\" class=\"wp-image-6254\" srcset=\"https:\/\/www.effe-homecare.eu\/wp-content\/uploads\/2023\/10\/EESC-logo-EN-pos.jpg 425w, https:\/\/www.effe-homecare.eu\/wp-content\/uploads\/2023\/10\/EESC-logo-EN-pos-300x170.jpg 300w, https:\/\/www.effe-homecare.eu\/wp-content\/uploads\/2023\/10\/EESC-logo-EN-pos-100x57.jpg 100w, https:\/\/www.effe-homecare.eu\/wp-content\/uploads\/2023\/10\/EESC-logo-EN-pos-60x34.jpg 60w\" sizes=\"auto, (max-width: 425px) 100vw, 425px\" \/><\/figure>\n<\/div>\n<\/div>\n\n\n\n<hr class=\"wp-block-separator has-alpha-channel-opacity\"\/>\n\n\n\n<p class=\"has-text-align-center\"><strong>Domestic &amp; home care EU Congress<\/strong><\/p>\n\n\n\n<p class=\"has-text-align-center\"><strong>EFFE 10<sup>th <\/sup>anniversary<\/strong><\/p>\n\n\n\n<p class=\"has-text-align-center\"><strong>Agenda<\/strong><\/p>\n\n\n\n<p class=\"has-text-align-center\"><strong>14th of November 2023<\/strong><\/p>\n\n\n\n<p class=\"has-text-align-center\"><em>Onsite and online<\/em><\/p>\n\n\n\n<p class=\"has-text-align-center\"><em><u>Venue<\/u>: The EGG Congress &amp; meeting center, 175 rue Bara 1070 Bruxelles<\/em><\/p>\n\n\n\n<p class=\"has-text-align-center\">Interpretation will be available in French, English, Italian, and Spanish<\/p>\n\n\n\n<p><\/p>\n\n\n\n<p><strong><em>Master of Ceremonies: Tamsin Rose<\/em><\/strong><\/p>\n\n\n\n<p><strong>Introductory panel (10:30 \u2013 11:30)<\/strong><\/p>\n\n\n\n<p><strong>Speakers:<\/strong><strong><u><\/u><\/strong><\/p>\n\n\n\n<ul class=\"wp-block-list\">\n<li><strong>Marie B\u00e9atrice Levaux<\/strong>, President of the European Federation for Family Employment &amp; home care (EFFE)<\/li>\n\n\n\n<li><strong>Annelisa Cotone,<\/strong> Member of Cabinet of EU Commissioner for Equality Helena Dalli<\/li>\n\n\n\n<li><strong>Maksims Ivanovs,<\/strong> Social Affairs Counsellor at the Latvian Permanent Representation to the EU<\/li>\n\n\n\n<li><strong>Jana Skalkov\u00e1<\/strong>, Chief Political Adviser of the Minister of Labour and Social Affairs, Czech Republic <\/li>\n\n\n\n<li><strong>Ignacio \u00c1lvarez Peralta<\/strong>, Secretary of State&nbsp;for Social Rights, Spain<\/li>\n\n\n\n<li><span style=\"font-weight: 600;\">Marc Angel,<\/span> MEP, Vice-President of the European Parliament <\/li>\n\n\n\n<li><strong>Carlien Scheele<\/strong>, Director of the European Institute for Gender Equality (EIGE)<\/li>\n<\/ul>\n\n\n\n<p><strong>Panel 1 \u2013<\/strong> <strong>Demographic issues and workers shortages in the domestic &amp; home care sector: what strategies to attract new talent?&nbsp; (11:30 \u2013 12:30)<\/strong><\/p>\n\n\n\n<p><strong><u>Moderator:<\/u><em> Tamsin Rose<\/em><\/strong><\/p>\n\n\n\n<p><strong>Speakers<\/strong>:<\/p>\n\n\n\n<ul class=\"wp-block-list\">\n<li><strong>L\u00e1szl\u00f3 Andor,<\/strong> Secretary General of the Foundation for European Progressive Studies, former European Commissioner for Employment, Social Affairs and Inclusion<\/li>\n\n\n\n<li><strong>Karmele Acedo, <\/strong>Vice President of the European Federation for Family Employment &amp; home care (EFFE), President of GrupoSSI, Spain<\/li>\n\n\n\n<li><strong>Pierre-Olivier Ruchenstain, <\/strong>member of the French Economic and Social Committee<strong>,<\/strong> Director General of FEPEM, the organisation representative of household employers of domestic &amp; home care workers, France<\/li>\n\n\n\n<li><strong>Alfonso Gurpegui Ruiz, <\/strong>Vice-minister of Employment and Inclusion, Basque Autonomous Community, Spain<\/li>\n\n\n\n<li><strong>Philippe Seidel Leroy<\/strong>, Policy Manager on Social Protection, Age Platform<strong>&nbsp;<\/strong><\/li>\n\n\n\n<li><strong>Nicolas Defaye<\/strong>, author of the EFFE LAB\u2019s second report \u201cSkills, Workforce and Migration in the PHS Sector\u201d<\/li>\n<\/ul>\n\n\n\n<p>Q&amp;A session<\/p>\n\n\n\n<p><strong><em>Lunch (12:30 \u2013 14:00)<\/em><\/strong>&nbsp;<\/p>\n\n\n\n<p><strong>Panel 2 \u2013 Sectoral social dialogue in the Domestic &amp; home care sector: key to improving social rights (14:00 \u2013 15:05)<\/strong><\/p>\n\n\n\n<p><u style=\"font-weight: bold; font-style: italic;\">Moderator: <em>Glenda <strong><em>Quintini<\/em><\/strong><\/em>, Head of the Global Deal Support Unit<\/u><strong><em><u>, OECD<\/u><\/em><\/strong><\/p>\n\n\n\n<p><strong>Grand t\u00e9moin: <\/strong>Serge Da Mariana, French institute for social protection of Domestic &amp; care workers (IRCEM)<\/p>\n\n\n\n<p><strong>Speakers<\/strong>:<\/p>\n\n\n\n<ul class=\"wp-block-list\">\n<li><strong>Mark Bergfeld<\/strong>, Director Property Services &amp; UNICARE at UNI-Europa<\/li>\n\n\n\n<li><strong>Grace Papa,<\/strong> Political Secretary Domestic Work sector of the European Federation of Food, Agriculture, and Tourism Trade Unions (EFFAT)<\/li>\n\n\n\n<li><strong>Aur\u00e9lie Decker,<\/strong> Director of the European Federation for Services to Individuals (EFSI)<\/li>\n\n\n\n<li><strong>Aude Boisseuil<\/strong>, General Delegate of the European Federation for Family Employment &amp; Home Care (EFFE)<\/li>\n\n\n\n<li><strong>Marta Pr\u00e1danos<\/strong>, Policy Officer responsible for personal and household services at the Unit C.3 \u201cSocial Dialogue\u201d at the DG EMPL of the European Commission<\/li>\n<\/ul>\n\n\n\n<p><strong>Q&amp;A session<\/strong><\/p>\n\n\n\n<p><strong><em>Coffee break \u2013 30 minutes<\/em><\/strong><\/p>\n\n\n\n<p><strong>Panel 3 \u2013 Professionalisation in the Domestic &amp; home care sector: the need for upskilled home care workforce (15:35 \u2013 16:40) <\/strong><\/p>\n\n\n\n<p><strong><em><u>Moderator: Baptiste Lenfant, General delegate, Group \u00ab Domicile &amp; comp\u00e9tences<\/u><\/em><\/strong> \u00bb <strong><u><\/u><\/strong><\/p>\n\n\n\n<p><strong>Speakers <\/strong>:<\/p>\n\n\n\n<ul class=\"wp-block-list\">\n<li><strong>Irene Bellomo, <\/strong>Policy Assistant &#8211; European Year of Skills Team, Unit B.2 \u201cSkills Agenda\u201d at the DG EMPL of the European Commission<em> <\/em><\/li>\n\n\n\n<li><strong>Kinga Jo\u00f3<\/strong>, Member of the Bureau of the European Economic &amp; Social Committee (EESC)<\/li>\n\n\n\n<li><strong>Annie Kempers,<\/strong> founder of the National Knowledge Center on VPL\/NFIL, Netherlands<\/li>\n\n\n\n<li><strong>Emanuele Montemarano<\/strong>, President of the supervisory body of ACCREDIA and UNI, Italy<\/li>\n\n\n\n<li><strong>Sophie Bress\u00e9<\/strong>. General Secretary of the Fondation du Domicile, France<\/li>\n\n\n\n<li><strong>Claire Champeix<\/strong>, Policy Officer at Eurocarers, the \u201cGiving Care\u201d project<\/li>\n<\/ul>\n\n\n\n<p>Q&amp;A session<\/p>\n\n\n\n<p><strong>Closing session (16:40 \u2013 17:30)&nbsp;: What agenda for the next 10 years&nbsp;?<\/strong><\/p>\n\n\n\n<p><strong>Speakers<\/strong> :<\/p>\n\n\n\n<ul class=\"wp-block-list\">\n<li>Representative from the Belgian Minister of Economy and Labor<\/li>\n\n\n\n<li><strong>Attila F\u00fcl\u00f6p, <\/strong>State Secretary for Social Affairs, Hungary<\/li>\n\n\n\n<li><strong>Lieve Verboven<\/strong>, Director of the ILO Office to the European Union and Benelux countries<\/li>\n\n\n\n<li><strong>Sirpa Pietik\u00e4inen, <\/strong>MEP,<strong> <\/strong>Member of the Committee on Women\u2019s Rights and Gender Equality of the European Parliament <\/li>\n\n\n\n<li><strong>Andrea Zini, <\/strong>Vice President of the European Federation for Family Employment &amp; home care (EFFE), President of Assindatcolf, Italy<\/li>\n\n\n\n<li><strong>Karmele Acedo, <\/strong>Vice President of the European Federation for Family Employment &amp; home care (EFFE), President of GrupoSSI, Spain<\/li>\n\n\n\n<li><strong>Marie B\u00e9atrice Levaux, <\/strong>President of the European Federation for Family Employment &amp; home care (EFFE)<strong><\/strong><\/li>\n<\/ul>\n\n\n\n<p><strong>Networking Cocktail<\/strong><\/p>\n\n\n\n<p><strong>(17&nbsp;:30 <strong>\u2013<\/strong> 19&nbsp;:00)<\/strong><\/p>\n","protected":false},"excerpt":{"rendered":"<p>Domestic &amp; home care EU Congress EFFE 10th anniversary Agenda 14th of November 2023 Onsite and online Venue: The EGG Congress &amp; meeting center, 175 rue Bara 1070 Bruxelles Interpretation will be available in French, English, Italian, and Spanish Master of Ceremonies: Tamsin Rose Introductory panel (10:30 \u2013 11:30) Speakers: Panel 1 \u2013 Demographic issues [&hellip;]<\/p>\n","protected":false},"author":6,"featured_media":0,"parent":0,"menu_order":40,"comment_status":"closed","ping_status":"closed","template":"","meta":{"_acf_changed":false,"_monsterinsights_skip_tracking":false,"_monsterinsights_sitenote_active":false,"_monsterinsights_sitenote_note":"","_monsterinsights_sitenote_category":0,"footnotes":""},"class_list":["post-6116","page","type-page","status-publish","hentry"],"acf":[],"yoast_head":"<!-- This site is optimized with the Yoast SEO plugin v27.3 - https:\/\/yoast.com\/product\/yoast-seo-wordpress\/ -->\n<title>Domestic &amp; home care EU Congress: Agenda - EFFE<\/title>\n<meta name=\"robots\" content=\"index, follow, max-snippet:-1, max-image-preview:large, max-video-preview:-1\" \/>\n<link rel=\"canonical\" href=\"https:\/\/www.effe-homecare.eu\/en\/domestic-home-care-eu-congress-agenda\/\" \/>\n<meta property=\"og:locale\" content=\"en_US\" \/>\n<meta property=\"og:type\" content=\"article\" \/>\n<meta property=\"og:title\" content=\"Domestic &amp; home care EU Congress: Agenda - EFFE\" \/>\n<meta property=\"og:description\" content=\"Domestic &amp; home care EU Congress EFFE 10th anniversary Agenda 14th of November 2023 Onsite and online Venue: The EGG Congress &amp; meeting center, 175 rue Bara 1070 Bruxelles Interpretation will be available in French, English, Italian, and Spanish Master of Ceremonies: Tamsin Rose Introductory panel (10:30 \u2013 11:30) Speakers: Panel 1 \u2013 Demographic issues [&hellip;]\" \/>\n<meta property=\"og:url\" content=\"https:\/\/www.effe-homecare.eu\/en\/domestic-home-care-eu-congress-agenda\/\" \/>\n<meta property=\"og:site_name\" content=\"EFFE\" \/>\n<meta property=\"article:modified_time\" content=\"2023-11-08T11:16:12+00:00\" \/>\n<meta property=\"og:image\" content=\"https:\/\/www.effe-homecare.eu\/wp-content\/uploads\/2023\/09\/EFFE-10ans-bandeau-OK-1024x244.png\" \/>\n<meta name=\"twitter:card\" content=\"summary_large_image\" \/>\n<meta name=\"twitter:label1\" content=\"Est. reading time\" \/>\n\t<meta name=\"twitter:data1\" content=\"4 minutes\" \/>\n<script type=\"application\/ld+json\" class=\"yoast-schema-graph\">{\"@context\":\"https:\\\/\\\/schema.org\",\"@graph\":[{\"@type\":\"WebPage\",\"@id\":\"https:\\\/\\\/www.effe-homecare.eu\\\/en\\\/domestic-home-care-eu-congress-agenda\\\/\",\"url\":\"https:\\\/\\\/www.effe-homecare.eu\\\/en\\\/domestic-home-care-eu-congress-agenda\\\/\",\"name\":\"Domestic & home care EU Congress: Agenda - EFFE\",\"isPartOf\":{\"@id\":\"https:\\\/\\\/www.effe-homecare.eu\\\/en\\\/#website\"},\"primaryImageOfPage\":{\"@id\":\"https:\\\/\\\/www.effe-homecare.eu\\\/en\\\/domestic-home-care-eu-congress-agenda\\\/#primaryimage\"},\"image\":{\"@id\":\"https:\\\/\\\/www.effe-homecare.eu\\\/en\\\/domestic-home-care-eu-congress-agenda\\\/#primaryimage\"},\"thumbnailUrl\":\"https:\\\/\\\/www.effe-homecare.eu\\\/wp-content\\\/uploads\\\/2023\\\/09\\\/EFFE-10ans-bandeau-OK-1024x244.png\",\"datePublished\":\"2023-09-11T18:30:24+00:00\",\"dateModified\":\"2023-11-08T11:16:12+00:00\",\"breadcrumb\":{\"@id\":\"https:\\\/\\\/www.effe-homecare.eu\\\/en\\\/domestic-home-care-eu-congress-agenda\\\/#breadcrumb\"},\"inLanguage\":\"en-US\",\"potentialAction\":[{\"@type\":\"ReadAction\",\"target\":[\"https:\\\/\\\/www.effe-homecare.eu\\\/en\\\/domestic-home-care-eu-congress-agenda\\\/\"]}]},{\"@type\":\"ImageObject\",\"inLanguage\":\"en-US\",\"@id\":\"https:\\\/\\\/www.effe-homecare.eu\\\/en\\\/domestic-home-care-eu-congress-agenda\\\/#primaryimage\",\"url\":\"https:\\\/\\\/www.effe-homecare.eu\\\/wp-content\\\/uploads\\\/2023\\\/09\\\/EFFE-10ans-bandeau-OK-1024x244.png\",\"contentUrl\":\"https:\\\/\\\/www.effe-homecare.eu\\\/wp-content\\\/uploads\\\/2023\\\/09\\\/EFFE-10ans-bandeau-OK-1024x244.png\"},{\"@type\":\"BreadcrumbList\",\"@id\":\"https:\\\/\\\/www.effe-homecare.eu\\\/en\\\/domestic-home-care-eu-congress-agenda\\\/#breadcrumb\",\"itemListElement\":[{\"@type\":\"ListItem\",\"position\":1,\"name\":\"\",\"item\":\"https:\\\/\\\/www.effe-homecare.eu\\\/en\\\/\"},{\"@type\":\"ListItem\",\"position\":2,\"name\":\"Domestic &#038; home care EU Congress: Agenda\"}]},{\"@type\":\"WebSite\",\"@id\":\"https:\\\/\\\/www.effe-homecare.eu\\\/en\\\/#website\",\"url\":\"https:\\\/\\\/www.effe-homecare.eu\\\/en\\\/\",\"name\":\"EFFE\",\"description\":\"F\u00e9d\u00e9ration Europ\u00e9enne des Emplois et de la Famille\",\"potentialAction\":[{\"@type\":\"SearchAction\",\"target\":{\"@type\":\"EntryPoint\",\"urlTemplate\":\"https:\\\/\\\/www.effe-homecare.eu\\\/en\\\/?s={search_term_string}\"},\"query-input\":{\"@type\":\"PropertyValueSpecification\",\"valueRequired\":true,\"valueName\":\"search_term_string\"}}],\"inLanguage\":\"en-US\"}]}<\/script>\n<!-- \/ Yoast SEO plugin. -->","yoast_head_json":{"title":"Domestic & home care EU Congress: Agenda - EFFE","robots":{"index":"index","follow":"follow","max-snippet":"max-snippet:-1","max-image-preview":"max-image-preview:large","max-video-preview":"max-video-preview:-1"},"canonical":"https:\/\/www.effe-homecare.eu\/en\/domestic-home-care-eu-congress-agenda\/","og_locale":"en_US","og_type":"article","og_title":"Domestic & home care EU Congress: Agenda - EFFE","og_description":"Domestic &amp; home care EU Congress EFFE 10th anniversary Agenda 14th of November 2023 Onsite and online Venue: The EGG Congress &amp; meeting center, 175 rue Bara 1070 Bruxelles Interpretation will be available in French, English, Italian, and Spanish Master of Ceremonies: Tamsin Rose Introductory panel (10:30 \u2013 11:30) Speakers: Panel 1 \u2013 Demographic issues [&hellip;]","og_url":"https:\/\/www.effe-homecare.eu\/en\/domestic-home-care-eu-congress-agenda\/","og_site_name":"EFFE","article_modified_time":"2023-11-08T11:16:12+00:00","og_image":[{"url":"https:\/\/www.effe-homecare.eu\/wp-content\/uploads\/2023\/09\/EFFE-10ans-bandeau-OK-1024x244.png","type":"","width":"","height":""}],"twitter_card":"summary_large_image","twitter_misc":{"Est. reading time":"4 minutes"},"schema":{"@context":"https:\/\/schema.org","@graph":[{"@type":"WebPage","@id":"https:\/\/www.effe-homecare.eu\/en\/domestic-home-care-eu-congress-agenda\/","url":"https:\/\/www.effe-homecare.eu\/en\/domestic-home-care-eu-congress-agenda\/","name":"Domestic & home care EU Congress: Agenda - EFFE","isPartOf":{"@id":"https:\/\/www.effe-homecare.eu\/en\/#website"},"primaryImageOfPage":{"@id":"https:\/\/www.effe-homecare.eu\/en\/domestic-home-care-eu-congress-agenda\/#primaryimage"},"image":{"@id":"https:\/\/www.effe-homecare.eu\/en\/domestic-home-care-eu-congress-agenda\/#primaryimage"},"thumbnailUrl":"https:\/\/www.effe-homecare.eu\/wp-content\/uploads\/2023\/09\/EFFE-10ans-bandeau-OK-1024x244.png","datePublished":"2023-09-11T18:30:24+00:00","dateModified":"2023-11-08T11:16:12+00:00","breadcrumb":{"@id":"https:\/\/www.effe-homecare.eu\/en\/domestic-home-care-eu-congress-agenda\/#breadcrumb"},"inLanguage":"en-US","potentialAction":[{"@type":"ReadAction","target":["https:\/\/www.effe-homecare.eu\/en\/domestic-home-care-eu-congress-agenda\/"]}]},{"@type":"ImageObject","inLanguage":"en-US","@id":"https:\/\/www.effe-homecare.eu\/en\/domestic-home-care-eu-congress-agenda\/#primaryimage","url":"https:\/\/www.effe-homecare.eu\/wp-content\/uploads\/2023\/09\/EFFE-10ans-bandeau-OK-1024x244.png","contentUrl":"https:\/\/www.effe-homecare.eu\/wp-content\/uploads\/2023\/09\/EFFE-10ans-bandeau-OK-1024x244.png"},{"@type":"BreadcrumbList","@id":"https:\/\/www.effe-homecare.eu\/en\/domestic-home-care-eu-congress-agenda\/#breadcrumb","itemListElement":[{"@type":"ListItem","position":1,"name":"","item":"https:\/\/www.effe-homecare.eu\/en\/"},{"@type":"ListItem","position":2,"name":"Domestic &#038; home care EU Congress: Agenda"}]},{"@type":"WebSite","@id":"https:\/\/www.effe-homecare.eu\/en\/#website","url":"https:\/\/www.effe-homecare.eu\/en\/","name":"EFFE","description":"F\u00e9d\u00e9ration Europ\u00e9enne des Emplois et de la Famille","potentialAction":[{"@type":"SearchAction","target":{"@type":"EntryPoint","urlTemplate":"https:\/\/www.effe-homecare.eu\/en\/?s={search_term_string}"},"query-input":{"@type":"PropertyValueSpecification","valueRequired":true,"valueName":"search_term_string"}}],"inLanguage":"en-US"}]}},"_links":{"self":[{"href":"https:\/\/www.effe-homecare.eu\/en\/wp-json\/wp\/v2\/pages\/6116","targetHints":{"allow":["GET"]}}],"collection":[{"href":"https:\/\/www.effe-homecare.eu\/en\/wp-json\/wp\/v2\/pages"}],"about":[{"href":"https:\/\/www.effe-homecare.eu\/en\/wp-json\/wp\/v2\/types\/page"}],"author":[{"embeddable":true,"href":"https:\/\/www.effe-homecare.eu\/en\/wp-json\/wp\/v2\/users\/6"}],"replies":[{"embeddable":true,"href":"https:\/\/www.effe-homecare.eu\/en\/wp-json\/wp\/v2\/comments?post=6116"}],"version-history":[{"count":26,"href":"https:\/\/www.effe-homecare.eu\/en\/wp-json\/wp\/v2\/pages\/6116\/revisions"}],"predecessor-version":[{"id":6362,"href":"https:\/\/www.effe-homecare.eu\/en\/wp-json\/wp\/v2\/pages\/6116\/revisions\/6362"}],"wp:attachment":[{"href":"https:\/\/www.effe-homecare.eu\/en\/wp-json\/wp\/v2\/media?parent=6116"}],"curies":[{"name":"wp","href":"https:\/\/api.w.org\/{rel}","templated":true}]}}