{"id":5258,"date":"2023-01-23T12:25:02","date_gmt":"2023-01-23T11:25:02","guid":{"rendered":"https:\/\/www.effe-homecare.eu\/?page_id=5258"},"modified":"2025-03-25T15:49:47","modified_gmt":"2025-03-25T14:49:47","slug":"effe-lab","status":"publish","type":"page","link":"https:\/\/www.effe-homecare.eu\/en\/effe-lab\/","title":{"rendered":"EFFE LAB"},"content":{"rendered":"\n<p>The EFFE Observatory, called &#8220;EFFE LAB&#8221; is a tool to promote the PHS sector and the direct employment model.<\/p>\n\n\n<div class=\"wp-block-image\">\n<figure class=\"aligncenter size-large is-resized\"><img loading=\"lazy\" decoding=\"async\" width=\"1024\" height=\"724\" src=\"https:\/\/www.effe-homecare.eu\/wp-content\/uploads\/2025\/01\/EFFE_LogoLAB_blanc-scaled-1-1024x724.jpg\" alt=\"\" class=\"wp-image-8539\" style=\"width:512px;height:298px\" srcset=\"https:\/\/www.effe-homecare.eu\/wp-content\/uploads\/2025\/01\/EFFE_LogoLAB_blanc-scaled-1-1024x724.jpg 1024w, https:\/\/www.effe-homecare.eu\/wp-content\/uploads\/2025\/01\/EFFE_LogoLAB_blanc-scaled-1-300x212.jpg 300w, https:\/\/www.effe-homecare.eu\/wp-content\/uploads\/2025\/01\/EFFE_LogoLAB_blanc-scaled-1-768x543.jpg 768w, https:\/\/www.effe-homecare.eu\/wp-content\/uploads\/2025\/01\/EFFE_LogoLAB_blanc-scaled-1-1536x1086.jpg 1536w, https:\/\/www.effe-homecare.eu\/wp-content\/uploads\/2025\/01\/EFFE_LogoLAB_blanc-scaled-1-2048x1448.jpg 2048w, https:\/\/www.effe-homecare.eu\/wp-content\/uploads\/2025\/01\/EFFE_LogoLAB_blanc-scaled-1-645x455.jpg 645w, https:\/\/www.effe-homecare.eu\/wp-content\/uploads\/2025\/01\/EFFE_LogoLAB_blanc-scaled-1-100x71.jpg 100w, https:\/\/www.effe-homecare.eu\/wp-content\/uploads\/2025\/01\/EFFE_LogoLAB_blanc-scaled-1-60x42.jpg 60w\" sizes=\"auto, (max-width: 1024px) 100vw, 1024px\" \/><\/figure>\n<\/div>\n\n\n<p>The EFFE LAB reflects this willingness to position social issues, and in particular questions relating to the management of home care, to the free choice of households and individuals to decide which care model corresponds better to their needs, and to create decent jobs in their homes to meet them.<\/p>\n\n\n\n<p>Drawing on the expertise and knowledge of EFFE members and its partners, academics and civil society, the EFFE LAB aims to offer lines of thought and good practices to European institutions and Member States. members to support them in structuring the home employment sector in Europe. The role of the EFFE LAB is to stimulate reflection on care and home employment policies in order to help Member States to deal with the aging of their populations and the growing demand for care. The EFFE LAB gathers and produces the data needed to launch innovative ideas around the key themes of an emerging sector: the fight against undeclared work, skills, solutions to the lack of manpower, working conditions, &amp; attractiveness of the sector, social dialogue&#8230;<\/p>\n\n\n\n<p>In this sense, the EFFE LAB is complementary to EFFE, which continues to propose political solutions to European and national decision-makers on these issues and to support European legislative work. The LAB works to give credibility to a sector whose borders are sometimes blurred, often ignored by political decision-makers, so that real social and societal recognition of these jobs can be put in place.<\/p>\n\n\n\n<p>Deliverables:<\/p>\n\n\n\n<div  class=\"blc-grid-relative-page-block\" >\n    <div class=\"blc-grid-relative-page-block__container\">\n                    <div class=\"card\">\n                <h3 class=\"is-title\">Interactive mapping<\/h3>\n                <a href=\"https:\/\/www.effe-homecare.eu\/en\/effe-lab\/interactive-mapping\/\" class=\"is-link\">Read more<\/a>\n            <\/div>\n                    <div class=\"card\">\n                <h3 class=\"is-title\">Research Report: Attractiveness and Skills in the Domestic &#038; Home Care Sector<\/h3>\n                <a href=\"https:\/\/www.effe-homecare.eu\/en\/effe-lab\/research-report-attractiveness-and-skills-in-the-domestic-home-care-sector\/\" class=\"is-link\">Read more<\/a>\n            <\/div>\n                    <div class=\"card\">\n                <h3 class=\"is-title\">Dom &#038; Care Value: Subsidy Simulator for Domestic Care<\/h3>\n                <a href=\"https:\/\/www.effe-homecare.eu\/en\/dom-and-care-value\/\" class=\"is-link\">Read More<\/a>\n            <\/div>\n            <\/div>\n<\/div>\n\n","protected":false},"excerpt":{"rendered":"<p>The EFFE Observatory, called &#8220;EFFE LAB&#8221; is a tool to promote the PHS sector and the direct employment model. The EFFE LAB reflects this willingness to position social issues, and in particular questions relating to the management of home care, to the free choice of households and individuals to decide which care model corresponds better [&hellip;]<\/p>\n","protected":false},"author":6,"featured_media":0,"parent":0,"menu_order":49,"comment_status":"closed","ping_status":"closed","template":"","meta":{"_acf_changed":false,"_monsterinsights_skip_tracking":false,"_monsterinsights_sitenote_active":false,"_monsterinsights_sitenote_note":"","_monsterinsights_sitenote_category":0,"footnotes":""},"class_list":["post-5258","page","type-page","status-publish","hentry"],"acf":[],"yoast_head":"<!-- This site is optimized with the Yoast SEO plugin v27.3 - https:\/\/yoast.com\/product\/yoast-seo-wordpress\/ -->\n<title>EFFE LAB - EFFE<\/title>\n<meta name=\"robots\" content=\"index, follow, max-snippet:-1, max-image-preview:large, max-video-preview:-1\" \/>\n<link rel=\"canonical\" href=\"https:\/\/www.effe-homecare.eu\/en\/effe-lab\/\" \/>\n<meta property=\"og:locale\" content=\"en_US\" \/>\n<meta property=\"og:type\" content=\"article\" \/>\n<meta property=\"og:title\" content=\"EFFE LAB - EFFE\" \/>\n<meta property=\"og:description\" content=\"The EFFE Observatory, called &#8220;EFFE LAB&#8221; is a tool to promote the PHS sector and the direct employment model. The EFFE LAB reflects this willingness to position social issues, and in particular questions relating to the management of home care, to the free choice of households and individuals to decide which care model corresponds better [&hellip;]\" \/>\n<meta property=\"og:url\" content=\"https:\/\/www.effe-homecare.eu\/en\/effe-lab\/\" \/>\n<meta property=\"og:site_name\" content=\"EFFE\" \/>\n<meta property=\"article:modified_time\" content=\"2025-03-25T14:49:47+00:00\" \/>\n<meta property=\"og:image\" content=\"https:\/\/www.effe-homecare.eu\/wp-content\/uploads\/2025\/01\/EFFE_LogoLAB_blanc-scaled-1.jpg\" \/>\n\t<meta property=\"og:image:width\" content=\"2560\" \/>\n\t<meta property=\"og:image:height\" content=\"1810\" \/>\n\t<meta property=\"og:image:type\" content=\"image\/jpeg\" \/>\n<meta name=\"twitter:card\" content=\"summary_large_image\" \/>\n<meta name=\"twitter:label1\" content=\"Est. reading time\" \/>\n\t<meta name=\"twitter:data1\" content=\"2 minutes\" \/>\n<script type=\"application\/ld+json\" class=\"yoast-schema-graph\">{\"@context\":\"https:\\\/\\\/schema.org\",\"@graph\":[{\"@type\":\"WebPage\",\"@id\":\"https:\\\/\\\/www.effe-homecare.eu\\\/en\\\/effe-lab\\\/\",\"url\":\"https:\\\/\\\/www.effe-homecare.eu\\\/en\\\/effe-lab\\\/\",\"name\":\"EFFE LAB - EFFE\",\"isPartOf\":{\"@id\":\"https:\\\/\\\/www.effe-homecare.eu\\\/en\\\/#website\"},\"primaryImageOfPage\":{\"@id\":\"https:\\\/\\\/www.effe-homecare.eu\\\/en\\\/effe-lab\\\/#primaryimage\"},\"image\":{\"@id\":\"https:\\\/\\\/www.effe-homecare.eu\\\/en\\\/effe-lab\\\/#primaryimage\"},\"thumbnailUrl\":\"https:\\\/\\\/www.effe-homecare.eu\\\/wp-content\\\/uploads\\\/2025\\\/01\\\/EFFE_LogoLAB_blanc-scaled-1-1024x724.jpg\",\"datePublished\":\"2023-01-23T11:25:02+00:00\",\"dateModified\":\"2025-03-25T14:49:47+00:00\",\"breadcrumb\":{\"@id\":\"https:\\\/\\\/www.effe-homecare.eu\\\/en\\\/effe-lab\\\/#breadcrumb\"},\"inLanguage\":\"en-US\",\"potentialAction\":[{\"@type\":\"ReadAction\",\"target\":[\"https:\\\/\\\/www.effe-homecare.eu\\\/en\\\/effe-lab\\\/\"]}]},{\"@type\":\"ImageObject\",\"inLanguage\":\"en-US\",\"@id\":\"https:\\\/\\\/www.effe-homecare.eu\\\/en\\\/effe-lab\\\/#primaryimage\",\"url\":\"https:\\\/\\\/www.effe-homecare.eu\\\/wp-content\\\/uploads\\\/2025\\\/01\\\/EFFE_LogoLAB_blanc-scaled-1-1024x724.jpg\",\"contentUrl\":\"https:\\\/\\\/www.effe-homecare.eu\\\/wp-content\\\/uploads\\\/2025\\\/01\\\/EFFE_LogoLAB_blanc-scaled-1-1024x724.jpg\"},{\"@type\":\"BreadcrumbList\",\"@id\":\"https:\\\/\\\/www.effe-homecare.eu\\\/en\\\/effe-lab\\\/#breadcrumb\",\"itemListElement\":[{\"@type\":\"ListItem\",\"position\":1,\"name\":\"\",\"item\":\"https:\\\/\\\/www.effe-homecare.eu\\\/en\\\/\"},{\"@type\":\"ListItem\",\"position\":2,\"name\":\"EFFE LAB\"}]},{\"@type\":\"WebSite\",\"@id\":\"https:\\\/\\\/www.effe-homecare.eu\\\/en\\\/#website\",\"url\":\"https:\\\/\\\/www.effe-homecare.eu\\\/en\\\/\",\"name\":\"EFFE\",\"description\":\"F\u00e9d\u00e9ration Europ\u00e9enne des Emplois et de la Famille\",\"potentialAction\":[{\"@type\":\"SearchAction\",\"target\":{\"@type\":\"EntryPoint\",\"urlTemplate\":\"https:\\\/\\\/www.effe-homecare.eu\\\/en\\\/?s={search_term_string}\"},\"query-input\":{\"@type\":\"PropertyValueSpecification\",\"valueRequired\":true,\"valueName\":\"search_term_string\"}}],\"inLanguage\":\"en-US\"}]}<\/script>\n<!-- \/ Yoast SEO plugin. -->","yoast_head_json":{"title":"EFFE LAB - EFFE","robots":{"index":"index","follow":"follow","max-snippet":"max-snippet:-1","max-image-preview":"max-image-preview:large","max-video-preview":"max-video-preview:-1"},"canonical":"https:\/\/www.effe-homecare.eu\/en\/effe-lab\/","og_locale":"en_US","og_type":"article","og_title":"EFFE LAB - EFFE","og_description":"The EFFE Observatory, called &#8220;EFFE LAB&#8221; is a tool to promote the PHS sector and the direct employment model. The EFFE LAB reflects this willingness to position social issues, and in particular questions relating to the management of home care, to the free choice of households and individuals to decide which care model corresponds better [&hellip;]","og_url":"https:\/\/www.effe-homecare.eu\/en\/effe-lab\/","og_site_name":"EFFE","article_modified_time":"2025-03-25T14:49:47+00:00","og_image":[{"width":2560,"height":1810,"url":"https:\/\/www.effe-homecare.eu\/wp-content\/uploads\/2025\/01\/EFFE_LogoLAB_blanc-scaled-1.jpg","type":"image\/jpeg"}],"twitter_card":"summary_large_image","twitter_misc":{"Est. reading time":"2 minutes"},"schema":{"@context":"https:\/\/schema.org","@graph":[{"@type":"WebPage","@id":"https:\/\/www.effe-homecare.eu\/en\/effe-lab\/","url":"https:\/\/www.effe-homecare.eu\/en\/effe-lab\/","name":"EFFE LAB - EFFE","isPartOf":{"@id":"https:\/\/www.effe-homecare.eu\/en\/#website"},"primaryImageOfPage":{"@id":"https:\/\/www.effe-homecare.eu\/en\/effe-lab\/#primaryimage"},"image":{"@id":"https:\/\/www.effe-homecare.eu\/en\/effe-lab\/#primaryimage"},"thumbnailUrl":"https:\/\/www.effe-homecare.eu\/wp-content\/uploads\/2025\/01\/EFFE_LogoLAB_blanc-scaled-1-1024x724.jpg","datePublished":"2023-01-23T11:25:02+00:00","dateModified":"2025-03-25T14:49:47+00:00","breadcrumb":{"@id":"https:\/\/www.effe-homecare.eu\/en\/effe-lab\/#breadcrumb"},"inLanguage":"en-US","potentialAction":[{"@type":"ReadAction","target":["https:\/\/www.effe-homecare.eu\/en\/effe-lab\/"]}]},{"@type":"ImageObject","inLanguage":"en-US","@id":"https:\/\/www.effe-homecare.eu\/en\/effe-lab\/#primaryimage","url":"https:\/\/www.effe-homecare.eu\/wp-content\/uploads\/2025\/01\/EFFE_LogoLAB_blanc-scaled-1-1024x724.jpg","contentUrl":"https:\/\/www.effe-homecare.eu\/wp-content\/uploads\/2025\/01\/EFFE_LogoLAB_blanc-scaled-1-1024x724.jpg"},{"@type":"BreadcrumbList","@id":"https:\/\/www.effe-homecare.eu\/en\/effe-lab\/#breadcrumb","itemListElement":[{"@type":"ListItem","position":1,"name":"","item":"https:\/\/www.effe-homecare.eu\/en\/"},{"@type":"ListItem","position":2,"name":"EFFE LAB"}]},{"@type":"WebSite","@id":"https:\/\/www.effe-homecare.eu\/en\/#website","url":"https:\/\/www.effe-homecare.eu\/en\/","name":"EFFE","description":"F\u00e9d\u00e9ration Europ\u00e9enne des Emplois et de la Famille","potentialAction":[{"@type":"SearchAction","target":{"@type":"EntryPoint","urlTemplate":"https:\/\/www.effe-homecare.eu\/en\/?s={search_term_string}"},"query-input":{"@type":"PropertyValueSpecification","valueRequired":true,"valueName":"search_term_string"}}],"inLanguage":"en-US"}]}},"_links":{"self":[{"href":"https:\/\/www.effe-homecare.eu\/en\/wp-json\/wp\/v2\/pages\/5258","targetHints":{"allow":["GET"]}}],"collection":[{"href":"https:\/\/www.effe-homecare.eu\/en\/wp-json\/wp\/v2\/pages"}],"about":[{"href":"https:\/\/www.effe-homecare.eu\/en\/wp-json\/wp\/v2\/types\/page"}],"author":[{"embeddable":true,"href":"https:\/\/www.effe-homecare.eu\/en\/wp-json\/wp\/v2\/users\/6"}],"replies":[{"embeddable":true,"href":"https:\/\/www.effe-homecare.eu\/en\/wp-json\/wp\/v2\/comments?post=5258"}],"version-history":[{"count":7,"href":"https:\/\/www.effe-homecare.eu\/en\/wp-json\/wp\/v2\/pages\/5258\/revisions"}],"predecessor-version":[{"id":9103,"href":"https:\/\/www.effe-homecare.eu\/en\/wp-json\/wp\/v2\/pages\/5258\/revisions\/9103"}],"wp:attachment":[{"href":"https:\/\/www.effe-homecare.eu\/en\/wp-json\/wp\/v2\/media?parent=5258"}],"curies":[{"name":"wp","href":"https:\/\/api.w.org\/{rel}","templated":true}]}}