{"id":2444,"date":"2020-02-20T09:28:15","date_gmt":"2020-02-20T08:28:15","guid":{"rendered":"https:\/\/www.effe-homecare.eu\/politique-de-confidentialite\/"},"modified":"2025-10-20T11:10:54","modified_gmt":"2025-10-20T09:10:54","slug":"politique-de-confidentialite","status":"publish","type":"page","link":"https:\/\/www.effe-homecare.eu\/en\/politique-de-confidentialite\/","title":{"rendered":"Privacy Policy"},"content":{"rendered":"\n<p><strong>Introduction<\/strong><br>The purpose of this privacy statement is to inform you about how we collect, treat and secure your personal data when you use EFFE\u2019s website.<br>EFFE (hereinafter \u201cwe\u201d) attaches a great importance to respect your privacy. Therefore, this privacy statement has been designed in compliance with the regulation in force, including the General Data Protection Regulation (GDPR) of April 2016.<\/p>\n\n\n\n<p><strong>Who is collecting the information?<\/strong><br>EFFE is responsible for processing the personal data with which you provide us. EFFE is located at the following address: 98 rue du Tr\u00f4ne, 1050 Bruxelles, Belgium.<\/p>\n\n\n\n<p><strong>What data do we collect about you and how do we collect it?<\/strong><br>In accordance with the legislation in force, any information directly or indirectly identifying a natural person is considered as personal data.<br>EFFE may collect and process your personal data when you visit our website or use our services.<\/p>\n\n\n\n<p>The nature of the personal data processed by EFFE depends on the status of the person concerned or the services subscribed to. It may include identity, contact or professional life data of the persons concerned.<br>Mandatory information is specified in the collection forms by a symbol *:<\/p>\n\n\n\n<ul class=\"wp-block-list\">\n<li>to subscribe to the Newsletter: e-mail.<\/li>\n<\/ul>\n\n\n\n<p>The absence of transmission of this information does not allow EFFE to provide the services requested to the persons concerned.<br>EFFE keeps in a computer file all or part of the following information concerning the persons who contacted it by post, e-mail or telephone: title, surname, first name, e-mail, telephone number, postal address, country of origin, organisation and function, date of contact and subject of the request.<\/p>\n\n\n\n<p><strong>How long do we keep your personal data?<\/strong><br>We keep your data for no longer than the legal limitation period and in accordance with any other retention period that may be required by law. If the law does not prescribe a specific retention period, we determine the period on the basis of the purpose for which the data was collected. We do not keep your data longer than necessary to accomplish this function. <\/p>\n\n\n\n<ul class=\"wp-block-list\">\n<li>For Newsletter subscribers: personal data are deleted within one month after receiving your request to unsubscribe.<\/li>\n<\/ul>\n\n\n\n<p><strong>How do we use your data?<\/strong><br>Processing of personal data is carried out for one of the following purposes:<\/p>\n\n\n\n<ul class=\"wp-block-list\">\n<li>to give visitors access to the website&#8217;s functionalities (newsletter) ;<\/li>\n\n\n\n<li>to enable EFFE to reply by telephone, e-mail or post to people who have contacted it or to contact people who have accepted it for the purposes of information, surveys, studies, or presentation of its missions, services, conditions for joining the Federation.<\/li>\n<\/ul>\n\n\n\n<p><strong>On what legal basis do we process your personal data?<\/strong><br>Processing operations carried out for one of the purposes set out above are based on the consent of the data subjects.<br>The operations of depositing cookies are implemented after obtaining the User&#8217;s consent.<br>If EFFE decides to develop a thematic version of its newsletter, users registered for this publication may be offered the new version without their consent being collected again.<\/p>\n\n\n\n<p><strong>How do we keep your personal information safe?<\/strong><br>EFFE has already taken appropriate technological and organizational measures in order to ensure the security of the collected and stored data. In other words, it aims to prevent unauthorised access, loss, destruction, misuse, alteration or disclosure of your data.<br>All data are stored in France.<\/p>\n\n\n\n<p><strong>Whom may we share your personal information with?<\/strong><br>Your personal data is only used for purposes strictly limited to EFFE\u2019s services.<br>EFFE is committed to not sharing your data with third parties or even transfer it abroad the EU, unless we have your personal agreement.<\/p>\n\n\n\n<p><strong>What are your rights?<\/strong><br>In accordance with data protection legislation, the data subject has, under certain well-defined conditions, different rights with regard to his personal data:<\/p>\n\n\n\n<ul class=\"wp-block-list\">\n<li>Right of access: you have the right to obtain a copy of your personal data processed by EFFE;<\/li>\n\n\n\n<li>Right of rectification: you have the right to ask EFFE to rectify your personal data, if you notice that it is inaccurate, incomplete or erroneous;<\/li>\n\n\n\n<li>Right to erase (\u201cright to be forgotten\u201d): you have the right to ask EFFE to delete your data. In certain circumstances, EFFE might store specific information if it is required by law or if there is a legitimate reason to do so;<\/li>\n\n\n\n<li>Right to restriction of processing: you have the right to request a limitation on the processing of your data, applying on of the grounds provided in Article 18 of the Regulation (EU) 2016\/679 of April 27th, 2016.<\/li>\n\n\n\n<li>Right to object processing: you have the right to object at any time, on grounds relating to your personal situation, to the processing of your data;<\/li>\n\n\n\n<li>Right to data portability: the data with which you have provided us can, upon request, be delivered to you, or directly by us to another controller, in a structured and interoperable format, provided that this is technically possible.<\/li>\n\n\n\n<li>Right to issue guidelines as to the fate of your personal data after your death ;<\/li>\n\n\n\n<li>Right to lodge a complaint with the competent supervisory authority, namely the Commission Nationale de l&#8217;Informatique et des Libert\u00e9s (CNIL) on French territory or to obtain compensation from the competent courts if the you consider that EFFE has not respected your rights.<\/li>\n<\/ul>\n\n\n\n<p><strong>How can you exercise your rights?<\/strong><br>Your rights can be exercise at anytime. If you wish to exercise them, please contact EFFE using the following chanels:<\/p>\n\n\n\n<ul class=\"wp-block-list\">\n<li>by email at: info@effe-homecare.eu<\/li>\n\n\n\n<li>by post at: EFFE, rue du Tr\u00f4ne 98, 1050 Brussels, Belgium<\/li>\n<\/ul>\n\n\n\n<p><strong>How can you stay informed of changes to this privacy statement?<\/strong><br>This privacy statement is subject to change over time. We therefore invite you to consult regularly the latest online version of this declaration. The date of most recent changes can be found on this page.<\/p>\n\n\n\n<p><em>Latest update: 15\/10\/2025<\/em><\/p>\n","protected":false},"excerpt":{"rendered":"<p>IntroductionThe purpose of this privacy statement is to inform you about how we collect, treat and secure your personal data when you use EFFE\u2019s website.EFFE (hereinafter \u201cwe\u201d) attaches a great importance to respect your privacy. Therefore, this privacy statement has been designed in compliance with the regulation in force, including the General Data Protection Regulation [&hellip;]<\/p>\n","protected":false},"author":1,"featured_media":0,"parent":0,"menu_order":80,"comment_status":"closed","ping_status":"closed","template":"","meta":{"_acf_changed":false,"_monsterinsights_skip_tracking":false,"_monsterinsights_sitenote_active":false,"_monsterinsights_sitenote_note":"","_monsterinsights_sitenote_category":0,"footnotes":""},"class_list":["post-2444","page","type-page","status-publish","hentry"],"acf":[],"yoast_head":"<!-- This site is optimized with the Yoast SEO plugin v27.3 - https:\/\/yoast.com\/product\/yoast-seo-wordpress\/ -->\n<title>Privacy Policy - EFFE<\/title>\n<meta name=\"robots\" content=\"index, follow, max-snippet:-1, max-image-preview:large, max-video-preview:-1\" \/>\n<link rel=\"canonical\" href=\"https:\/\/www.effe-homecare.eu\/en\/politique-de-confidentialite\/\" \/>\n<meta property=\"og:locale\" content=\"en_US\" \/>\n<meta property=\"og:type\" content=\"article\" \/>\n<meta property=\"og:title\" content=\"Privacy Policy - EFFE\" \/>\n<meta property=\"og:description\" content=\"IntroductionThe purpose of this privacy statement is to inform you about how we collect, treat and secure your personal data when you use EFFE\u2019s website.EFFE (hereinafter \u201cwe\u201d) attaches a great importance to respect your privacy. Therefore, this privacy statement has been designed in compliance with the regulation in force, including the General Data Protection Regulation [&hellip;]\" \/>\n<meta property=\"og:url\" content=\"https:\/\/www.effe-homecare.eu\/en\/politique-de-confidentialite\/\" \/>\n<meta property=\"og:site_name\" content=\"EFFE\" \/>\n<meta property=\"article:modified_time\" content=\"2025-10-20T09:10:54+00:00\" \/>\n<meta name=\"twitter:card\" content=\"summary_large_image\" \/>\n<meta name=\"twitter:label1\" content=\"Est. reading time\" \/>\n\t<meta name=\"twitter:data1\" content=\"5 minutes\" \/>\n<script type=\"application\/ld+json\" class=\"yoast-schema-graph\">{\"@context\":\"https:\\\/\\\/schema.org\",\"@graph\":[{\"@type\":\"WebPage\",\"@id\":\"https:\\\/\\\/www.effe-homecare.eu\\\/en\\\/politique-de-confidentialite\\\/\",\"url\":\"https:\\\/\\\/www.effe-homecare.eu\\\/en\\\/politique-de-confidentialite\\\/\",\"name\":\"Privacy Policy - EFFE\",\"isPartOf\":{\"@id\":\"https:\\\/\\\/www.effe-homecare.eu\\\/en\\\/#website\"},\"datePublished\":\"2020-02-20T08:28:15+00:00\",\"dateModified\":\"2025-10-20T09:10:54+00:00\",\"breadcrumb\":{\"@id\":\"https:\\\/\\\/www.effe-homecare.eu\\\/en\\\/politique-de-confidentialite\\\/#breadcrumb\"},\"inLanguage\":\"en-US\",\"potentialAction\":[{\"@type\":\"ReadAction\",\"target\":[\"https:\\\/\\\/www.effe-homecare.eu\\\/en\\\/politique-de-confidentialite\\\/\"]}]},{\"@type\":\"BreadcrumbList\",\"@id\":\"https:\\\/\\\/www.effe-homecare.eu\\\/en\\\/politique-de-confidentialite\\\/#breadcrumb\",\"itemListElement\":[{\"@type\":\"ListItem\",\"position\":1,\"name\":\"\",\"item\":\"https:\\\/\\\/www.effe-homecare.eu\\\/en\\\/\"},{\"@type\":\"ListItem\",\"position\":2,\"name\":\"Privacy Policy\"}]},{\"@type\":\"WebSite\",\"@id\":\"https:\\\/\\\/www.effe-homecare.eu\\\/en\\\/#website\",\"url\":\"https:\\\/\\\/www.effe-homecare.eu\\\/en\\\/\",\"name\":\"EFFE\",\"description\":\"F\u00e9d\u00e9ration Europ\u00e9enne des Emplois et de la Famille\",\"potentialAction\":[{\"@type\":\"SearchAction\",\"target\":{\"@type\":\"EntryPoint\",\"urlTemplate\":\"https:\\\/\\\/www.effe-homecare.eu\\\/en\\\/?s={search_term_string}\"},\"query-input\":{\"@type\":\"PropertyValueSpecification\",\"valueRequired\":true,\"valueName\":\"search_term_string\"}}],\"inLanguage\":\"en-US\"}]}<\/script>\n<!-- \/ Yoast SEO plugin. -->","yoast_head_json":{"title":"Privacy Policy - EFFE","robots":{"index":"index","follow":"follow","max-snippet":"max-snippet:-1","max-image-preview":"max-image-preview:large","max-video-preview":"max-video-preview:-1"},"canonical":"https:\/\/www.effe-homecare.eu\/en\/politique-de-confidentialite\/","og_locale":"en_US","og_type":"article","og_title":"Privacy Policy - EFFE","og_description":"IntroductionThe purpose of this privacy statement is to inform you about how we collect, treat and secure your personal data when you use EFFE\u2019s website.EFFE (hereinafter \u201cwe\u201d) attaches a great importance to respect your privacy. Therefore, this privacy statement has been designed in compliance with the regulation in force, including the General Data Protection Regulation [&hellip;]","og_url":"https:\/\/www.effe-homecare.eu\/en\/politique-de-confidentialite\/","og_site_name":"EFFE","article_modified_time":"2025-10-20T09:10:54+00:00","twitter_card":"summary_large_image","twitter_misc":{"Est. reading time":"5 minutes"},"schema":{"@context":"https:\/\/schema.org","@graph":[{"@type":"WebPage","@id":"https:\/\/www.effe-homecare.eu\/en\/politique-de-confidentialite\/","url":"https:\/\/www.effe-homecare.eu\/en\/politique-de-confidentialite\/","name":"Privacy Policy - EFFE","isPartOf":{"@id":"https:\/\/www.effe-homecare.eu\/en\/#website"},"datePublished":"2020-02-20T08:28:15+00:00","dateModified":"2025-10-20T09:10:54+00:00","breadcrumb":{"@id":"https:\/\/www.effe-homecare.eu\/en\/politique-de-confidentialite\/#breadcrumb"},"inLanguage":"en-US","potentialAction":[{"@type":"ReadAction","target":["https:\/\/www.effe-homecare.eu\/en\/politique-de-confidentialite\/"]}]},{"@type":"BreadcrumbList","@id":"https:\/\/www.effe-homecare.eu\/en\/politique-de-confidentialite\/#breadcrumb","itemListElement":[{"@type":"ListItem","position":1,"name":"","item":"https:\/\/www.effe-homecare.eu\/en\/"},{"@type":"ListItem","position":2,"name":"Privacy Policy"}]},{"@type":"WebSite","@id":"https:\/\/www.effe-homecare.eu\/en\/#website","url":"https:\/\/www.effe-homecare.eu\/en\/","name":"EFFE","description":"F\u00e9d\u00e9ration Europ\u00e9enne des Emplois et de la Famille","potentialAction":[{"@type":"SearchAction","target":{"@type":"EntryPoint","urlTemplate":"https:\/\/www.effe-homecare.eu\/en\/?s={search_term_string}"},"query-input":{"@type":"PropertyValueSpecification","valueRequired":true,"valueName":"search_term_string"}}],"inLanguage":"en-US"}]}},"_links":{"self":[{"href":"https:\/\/www.effe-homecare.eu\/en\/wp-json\/wp\/v2\/pages\/2444","targetHints":{"allow":["GET"]}}],"collection":[{"href":"https:\/\/www.effe-homecare.eu\/en\/wp-json\/wp\/v2\/pages"}],"about":[{"href":"https:\/\/www.effe-homecare.eu\/en\/wp-json\/wp\/v2\/types\/page"}],"author":[{"embeddable":true,"href":"https:\/\/www.effe-homecare.eu\/en\/wp-json\/wp\/v2\/users\/1"}],"replies":[{"embeddable":true,"href":"https:\/\/www.effe-homecare.eu\/en\/wp-json\/wp\/v2\/comments?post=2444"}],"version-history":[{"count":22,"href":"https:\/\/www.effe-homecare.eu\/en\/wp-json\/wp\/v2\/pages\/2444\/revisions"}],"predecessor-version":[{"id":9538,"href":"https:\/\/www.effe-homecare.eu\/en\/wp-json\/wp\/v2\/pages\/2444\/revisions\/9538"}],"wp:attachment":[{"href":"https:\/\/www.effe-homecare.eu\/en\/wp-json\/wp\/v2\/media?parent=2444"}],"curies":[{"name":"wp","href":"https:\/\/api.w.org\/{rel}","templated":true}]}}