{"id":2419,"date":"2020-02-04T15:00:20","date_gmt":"2020-02-04T14:00:20","guid":{"rendered":"https:\/\/www.effe-homecare.eu\/emploi-a-domicile\/"},"modified":"2025-03-25T16:52:28","modified_gmt":"2025-03-25T15:52:28","slug":"home-employment","status":"publish","type":"page","link":"https:\/\/www.effe-homecare.eu\/en\/home-employment\/","title":{"rendered":"Home employment"},"content":{"rendered":"\n<p><strong>Definition<\/strong><\/p>\n\n\n\n<p>The European Federation for Family Employment and Home Care (EFFE) is one of the main actors involved in <strong>the personal and household services (PHS)<\/strong> sector at EU level. <a href=\"https:\/\/ec.europa.eu\/social\/main.jsp?catId=1427&amp;langId=en\">According to the EU definition<\/a>, PHS refer to a large range of social and care related activities which contribute to the well-being of families and individuals at home, namely: child-care, long term care, housekeeping, educational support, home repairs, gardening.<\/p>\n\n\n\n<p>EFFE specifically strives for the recognition and the development of the <strong>direct employment model<\/strong> (also called home employment), which is characterized by a contractual work relationship between two private individuals, without intermediary or any profit\/commercial purpose. Based on mutual trust and cooperation between employers and workers, this declared model aims at <strong>guaranteeing social protection and rights<\/strong> to all stakeholders, in accordance with the cultural approaches of each Member State.<\/p>\n\n\n\n<p>Home employment is fully in line with the European social market economy vision, since it provides a sustainable response to many demographic and societal challenges. It offers alternative solutions in terms of care and support for the elderly, which are more adapted to citizen&#8217;s needs. Besides, the outsourcing of familial and domestic responsibilities to a declared and paid worker allows a better <strong>reconciliation of work and private life<\/strong>. Home employment can thus provide realistic solutions, who are very often in charge of family responsibilities, and avoids their partial or total disengagement from the labour market. It can foster <strong>migrants&#8217; integration<\/strong>, since it gathers low skills activities that can lift workers out of precarious employment.<\/p>\n\n\n\n<p><strong>Key figures<\/strong><\/p>\n\n\n\n<p>While its social dimension doesn&#8217;t need to be underlined, home employment has an important role in the European economy. With more than <strong>9,5 million workers<\/strong> identified in the European Union, the PHS sector includes care activities (53%) and indirect care (47%) and is still characterized by a high share of undeclared work. Among the <strong>6.5 million formal PHS workers<\/strong>, around 34% or 2.2 million are employed through the direct employment model, a ratio that rises to over 50% if we consider the <strong>3.1 million informal PHS workers<\/strong>*. Based on the <a href=\"https:\/\/ec.europa.eu\/eurostat\/ramon\/nomenclatures\/index.cfm?TargetUrl=LST_NOM_DTL&amp;StrNom=NACE_REV2&amp;StrLanguageCode=EN\">NACE classification system<\/a>, these estimates give a very relative view of the share of direct employment in total EU employment. Despite its focus on &#8220;households as employers of domestic personnel&#8221;, NACE 97 does not include homecare workers performing more than one activity, and the same is true for their employers: if one of them performs more than 50% of another activity than this one, then he or she is not included in this sub-category.<\/p>\n\n\n\n<p>The lack of policy framework for the sector, both at EU and national levels, strengthens the exclusion of these vulnerable workers. Stuck in the informal economy, they have no social rights, no social protection and benefit from a very limited access to the labour market. Some examples in the EU highlight that the better structuration of the home employment sector and the promotion of formal employment, through administrative simplification via declarative digital platforms, solvency of employers through tax credit schemes or tax deductions, offers effective and sustainable solutions. Furthermore, the professionalisation of workers significantly improves the quality of the services offered and strengthens the attractiveness of the sector.<\/p>\n\n\n\n<figure class=\"wp-block-image size-large\"><img loading=\"lazy\" decoding=\"async\" width=\"1024\" height=\"699\" src=\"https:\/\/www.effe-homecare.eu\/wp-content\/uploads\/2021\/09\/Carte_EN-e1632152929715-1024x699.png\" alt=\"\" class=\"wp-image-3965\" srcset=\"https:\/\/www.effe-homecare.eu\/wp-content\/uploads\/2021\/09\/Carte_EN-e1632152929715-1024x699.png 1024w, https:\/\/www.effe-homecare.eu\/wp-content\/uploads\/2021\/09\/Carte_EN-e1632152929715-300x205.png 300w, https:\/\/www.effe-homecare.eu\/wp-content\/uploads\/2021\/09\/Carte_EN-e1632152929715-768x524.png 768w, https:\/\/www.effe-homecare.eu\/wp-content\/uploads\/2021\/09\/Carte_EN-e1632152929715-1536x1048.png 1536w, https:\/\/www.effe-homecare.eu\/wp-content\/uploads\/2021\/09\/Carte_EN-e1632152929715-2048x1398.png 2048w\" sizes=\"auto, (max-width: 1024px) 100vw, 1024px\" \/><figcaption class=\"wp-element-caption\"><em>Direct employment in the EU<\/em><\/figcaption><\/figure>\n\n\n\n<p><strong>Our objectives<\/strong><\/p>\n\n\n\n<p>To this end, the recognition of home employment is an essential step towards the completion of a social Europe that responds to the needs of its citizens. EFFE\u2019s objectives are the following:<\/p>\n\n\n\n<ul class=\"wp-block-list\">\n<li><strong>Legal recognition<\/strong> from European policy makers and institutions of household services, family employment and home care as an economic sector, contributing to competitiveness and social cohesion.<\/li>\n\n\n\n<li><strong>Bringing together<\/strong> all professional decision-makers and experts in this sector in Europe to combine their strengths and expertise for merging European households\u2019 needs and for finding solutions respecting each cultural context.<\/li>\n\n\n\n<li><strong>Professionalization <\/strong>of household service workers in Europe, increased attractiveness of these jobs, security and quality of the services provided and opening of a sector-based social dialogue at European level.<\/li>\n<\/ul>\n\n\n\n<p><em>* Source :<\/em> <em>J.F. Lebrun. (2020). La complexit\u00e9 des estimations du nombre d&#8217;emplois g\u00e9n\u00e9r\u00e9s par le travail domestique en Europe. Rapport r\u00e9alis\u00e9 \u00e0 la demande du Bureau International du Travail.<\/em><\/p>\n\n\n\n<figure class=\"wp-block-embed is-type-video is-provider-youtube wp-block-embed-youtube wp-embed-aspect-16-9 wp-has-aspect-ratio\"><div class=\"wp-block-embed__wrapper\">\n<iframe loading=\"lazy\" title=\"Domestic &amp; Home Care EU Congress: presentation of the sector\" width=\"500\" height=\"281\" src=\"https:\/\/www.youtube.com\/embed\/QluknZeFCn8?start=3&#038;feature=oembed\" frameborder=\"0\" allow=\"accelerometer; autoplay; clipboard-write; encrypted-media; gyroscope; picture-in-picture; web-share\" referrerpolicy=\"strict-origin-when-cross-origin\" allowfullscreen><\/iframe>\n<\/div><\/figure>\n\n\n<div class=\"effe_fichier-image\">\n    <div class=\"is-content\">\n        <div class=\"row\">\n            <div class=\"col-lg-5\">\n                <div class=\"is-image\">\n                                        <img decoding=\"async\" class=\"img-fluid\" src=\"https:\/\/www.effe-homecare.eu\/wp-content\/uploads\/2025\/03\/EFFE_Brochure_UK_WEB65_Page_1-620x790.jpg\" alt=\"\">\n                <\/div>\n            <\/div>\n            <div class=\"col-lg-6 offset-lg-1\">\n                <div class=\"is-title\">\n                    Employment, Family, and Home Care in the European Union                <\/div>\n                <div class=\"is-text\">\n                    Supporting and Promoting the Domestic &#038; Home Care Sector in Europe: Challenges and Proposals.                <\/div>\n                <a target=\"_blank\" class=\"is-link\" href=\"https:\/\/www.effe-homecare.eu\/wp-content\/uploads\/2025\/03\/EFFE_Brochure_UK_WEB65.pdf\">\n                    <span class=\"lnr lnr-download\"><\/span> Download                <\/a>\n            <\/div>\n        <\/div>\n    <\/div>\n<\/div>\n","protected":false},"excerpt":{"rendered":"<p>Definition The European Federation for Family Employment and Home Care (EFFE) is one of the main actors involved in the personal and household services (PHS) sector at EU level. According to the EU definition, PHS refer to a large range of social and care related activities which contribute to the well-being of families and individuals [&hellip;]<\/p>\n","protected":false},"author":1,"featured_media":0,"parent":0,"menu_order":62,"comment_status":"closed","ping_status":"closed","template":"page-templates\/editorial.php","meta":{"_acf_changed":false,"_monsterinsights_skip_tracking":false,"_monsterinsights_sitenote_active":false,"_monsterinsights_sitenote_note":"","_monsterinsights_sitenote_category":0,"footnotes":""},"class_list":["post-2419","page","type-page","status-publish","hentry"],"acf":[],"yoast_head":"<!-- This site is optimized with the Yoast SEO plugin v27.3 - https:\/\/yoast.com\/product\/yoast-seo-wordpress\/ -->\n<title>Home employment - EFFE<\/title>\n<meta name=\"robots\" content=\"index, follow, max-snippet:-1, max-image-preview:large, max-video-preview:-1\" \/>\n<link rel=\"canonical\" href=\"https:\/\/www.effe-homecare.eu\/en\/home-employment\/\" \/>\n<meta property=\"og:locale\" content=\"en_US\" \/>\n<meta property=\"og:type\" content=\"article\" \/>\n<meta property=\"og:title\" content=\"Home employment - EFFE\" \/>\n<meta property=\"og:description\" content=\"Definition The European Federation for Family Employment and Home Care (EFFE) is one of the main actors involved in the personal and household services (PHS) sector at EU level. According to the EU definition, PHS refer to a large range of social and care related activities which contribute to the well-being of families and individuals [&hellip;]\" \/>\n<meta property=\"og:url\" content=\"https:\/\/www.effe-homecare.eu\/en\/home-employment\/\" \/>\n<meta property=\"og:site_name\" content=\"EFFE\" \/>\n<meta property=\"article:modified_time\" content=\"2025-03-25T15:52:28+00:00\" \/>\n<meta property=\"og:image\" content=\"https:\/\/www.effe-homecare.eu\/wp-content\/uploads\/2021\/09\/Carte_EN-e1632152929715.png\" \/>\n\t<meta property=\"og:image:width\" content=\"4591\" \/>\n\t<meta property=\"og:image:height\" content=\"3133\" \/>\n\t<meta property=\"og:image:type\" content=\"image\/png\" \/>\n<meta name=\"twitter:card\" content=\"summary_large_image\" \/>\n<meta name=\"twitter:label1\" content=\"Est. reading time\" \/>\n\t<meta name=\"twitter:data1\" content=\"4 minutes\" \/>\n<script type=\"application\/ld+json\" class=\"yoast-schema-graph\">{\"@context\":\"https:\\\/\\\/schema.org\",\"@graph\":[{\"@type\":\"WebPage\",\"@id\":\"https:\\\/\\\/www.effe-homecare.eu\\\/en\\\/home-employment\\\/\",\"url\":\"https:\\\/\\\/www.effe-homecare.eu\\\/en\\\/home-employment\\\/\",\"name\":\"Home employment - EFFE\",\"isPartOf\":{\"@id\":\"https:\\\/\\\/www.effe-homecare.eu\\\/en\\\/#website\"},\"primaryImageOfPage\":{\"@id\":\"https:\\\/\\\/www.effe-homecare.eu\\\/en\\\/home-employment\\\/#primaryimage\"},\"image\":{\"@id\":\"https:\\\/\\\/www.effe-homecare.eu\\\/en\\\/home-employment\\\/#primaryimage\"},\"thumbnailUrl\":\"https:\\\/\\\/www.effe-homecare.eu\\\/wp-content\\\/uploads\\\/2021\\\/09\\\/Carte_EN-e1632152929715-1024x699.png\",\"datePublished\":\"2020-02-04T14:00:20+00:00\",\"dateModified\":\"2025-03-25T15:52:28+00:00\",\"breadcrumb\":{\"@id\":\"https:\\\/\\\/www.effe-homecare.eu\\\/en\\\/home-employment\\\/#breadcrumb\"},\"inLanguage\":\"en-US\",\"potentialAction\":[{\"@type\":\"ReadAction\",\"target\":[\"https:\\\/\\\/www.effe-homecare.eu\\\/en\\\/home-employment\\\/\"]}]},{\"@type\":\"ImageObject\",\"inLanguage\":\"en-US\",\"@id\":\"https:\\\/\\\/www.effe-homecare.eu\\\/en\\\/home-employment\\\/#primaryimage\",\"url\":\"https:\\\/\\\/www.effe-homecare.eu\\\/wp-content\\\/uploads\\\/2021\\\/09\\\/Carte_EN-e1632152929715-1024x699.png\",\"contentUrl\":\"https:\\\/\\\/www.effe-homecare.eu\\\/wp-content\\\/uploads\\\/2021\\\/09\\\/Carte_EN-e1632152929715-1024x699.png\"},{\"@type\":\"BreadcrumbList\",\"@id\":\"https:\\\/\\\/www.effe-homecare.eu\\\/en\\\/home-employment\\\/#breadcrumb\",\"itemListElement\":[{\"@type\":\"ListItem\",\"position\":1,\"name\":\"\",\"item\":\"https:\\\/\\\/www.effe-homecare.eu\\\/en\\\/\"},{\"@type\":\"ListItem\",\"position\":2,\"name\":\"Home employment\"}]},{\"@type\":\"WebSite\",\"@id\":\"https:\\\/\\\/www.effe-homecare.eu\\\/en\\\/#website\",\"url\":\"https:\\\/\\\/www.effe-homecare.eu\\\/en\\\/\",\"name\":\"EFFE\",\"description\":\"F\u00e9d\u00e9ration Europ\u00e9enne des Emplois et de la Famille\",\"potentialAction\":[{\"@type\":\"SearchAction\",\"target\":{\"@type\":\"EntryPoint\",\"urlTemplate\":\"https:\\\/\\\/www.effe-homecare.eu\\\/en\\\/?s={search_term_string}\"},\"query-input\":{\"@type\":\"PropertyValueSpecification\",\"valueRequired\":true,\"valueName\":\"search_term_string\"}}],\"inLanguage\":\"en-US\"}]}<\/script>\n<!-- \/ Yoast SEO plugin. -->","yoast_head_json":{"title":"Home employment - EFFE","robots":{"index":"index","follow":"follow","max-snippet":"max-snippet:-1","max-image-preview":"max-image-preview:large","max-video-preview":"max-video-preview:-1"},"canonical":"https:\/\/www.effe-homecare.eu\/en\/home-employment\/","og_locale":"en_US","og_type":"article","og_title":"Home employment - EFFE","og_description":"Definition The European Federation for Family Employment and Home Care (EFFE) is one of the main actors involved in the personal and household services (PHS) sector at EU level. According to the EU definition, PHS refer to a large range of social and care related activities which contribute to the well-being of families and individuals [&hellip;]","og_url":"https:\/\/www.effe-homecare.eu\/en\/home-employment\/","og_site_name":"EFFE","article_modified_time":"2025-03-25T15:52:28+00:00","og_image":[{"width":4591,"height":3133,"url":"https:\/\/www.effe-homecare.eu\/wp-content\/uploads\/2021\/09\/Carte_EN-e1632152929715.png","type":"image\/png"}],"twitter_card":"summary_large_image","twitter_misc":{"Est. reading time":"4 minutes"},"schema":{"@context":"https:\/\/schema.org","@graph":[{"@type":"WebPage","@id":"https:\/\/www.effe-homecare.eu\/en\/home-employment\/","url":"https:\/\/www.effe-homecare.eu\/en\/home-employment\/","name":"Home employment - EFFE","isPartOf":{"@id":"https:\/\/www.effe-homecare.eu\/en\/#website"},"primaryImageOfPage":{"@id":"https:\/\/www.effe-homecare.eu\/en\/home-employment\/#primaryimage"},"image":{"@id":"https:\/\/www.effe-homecare.eu\/en\/home-employment\/#primaryimage"},"thumbnailUrl":"https:\/\/www.effe-homecare.eu\/wp-content\/uploads\/2021\/09\/Carte_EN-e1632152929715-1024x699.png","datePublished":"2020-02-04T14:00:20+00:00","dateModified":"2025-03-25T15:52:28+00:00","breadcrumb":{"@id":"https:\/\/www.effe-homecare.eu\/en\/home-employment\/#breadcrumb"},"inLanguage":"en-US","potentialAction":[{"@type":"ReadAction","target":["https:\/\/www.effe-homecare.eu\/en\/home-employment\/"]}]},{"@type":"ImageObject","inLanguage":"en-US","@id":"https:\/\/www.effe-homecare.eu\/en\/home-employment\/#primaryimage","url":"https:\/\/www.effe-homecare.eu\/wp-content\/uploads\/2021\/09\/Carte_EN-e1632152929715-1024x699.png","contentUrl":"https:\/\/www.effe-homecare.eu\/wp-content\/uploads\/2021\/09\/Carte_EN-e1632152929715-1024x699.png"},{"@type":"BreadcrumbList","@id":"https:\/\/www.effe-homecare.eu\/en\/home-employment\/#breadcrumb","itemListElement":[{"@type":"ListItem","position":1,"name":"","item":"https:\/\/www.effe-homecare.eu\/en\/"},{"@type":"ListItem","position":2,"name":"Home employment"}]},{"@type":"WebSite","@id":"https:\/\/www.effe-homecare.eu\/en\/#website","url":"https:\/\/www.effe-homecare.eu\/en\/","name":"EFFE","description":"F\u00e9d\u00e9ration Europ\u00e9enne des Emplois et de la Famille","potentialAction":[{"@type":"SearchAction","target":{"@type":"EntryPoint","urlTemplate":"https:\/\/www.effe-homecare.eu\/en\/?s={search_term_string}"},"query-input":{"@type":"PropertyValueSpecification","valueRequired":true,"valueName":"search_term_string"}}],"inLanguage":"en-US"}]}},"_links":{"self":[{"href":"https:\/\/www.effe-homecare.eu\/en\/wp-json\/wp\/v2\/pages\/2419","targetHints":{"allow":["GET"]}}],"collection":[{"href":"https:\/\/www.effe-homecare.eu\/en\/wp-json\/wp\/v2\/pages"}],"about":[{"href":"https:\/\/www.effe-homecare.eu\/en\/wp-json\/wp\/v2\/types\/page"}],"author":[{"embeddable":true,"href":"https:\/\/www.effe-homecare.eu\/en\/wp-json\/wp\/v2\/users\/1"}],"replies":[{"embeddable":true,"href":"https:\/\/www.effe-homecare.eu\/en\/wp-json\/wp\/v2\/comments?post=2419"}],"version-history":[{"count":35,"href":"https:\/\/www.effe-homecare.eu\/en\/wp-json\/wp\/v2\/pages\/2419\/revisions"}],"predecessor-version":[{"id":9131,"href":"https:\/\/www.effe-homecare.eu\/en\/wp-json\/wp\/v2\/pages\/2419\/revisions\/9131"}],"wp:attachment":[{"href":"https:\/\/www.effe-homecare.eu\/en\/wp-json\/wp\/v2\/media?parent=2419"}],"curies":[{"name":"wp","href":"https:\/\/api.w.org\/{rel}","templated":true}]}}